{"id":8,"date":"2017-08-04T16:51:41","date_gmt":"2017-08-04T14:51:41","guid":{"rendered":"http:\/\/www.treizecizero.ro\/shop\/?post_type=product&#038;p=8"},"modified":"2020-11-28T17:43:46","modified_gmt":"2020-11-28T15:43:46","slug":"noul-30-0-pe-curat","status":"publish","type":"product","link":"https:\/\/www.treizecizero.ro\/shop\/produs\/noul-30-0-pe-curat\/","title":{"rendered":"30-0 Pe Curat"},"content":{"rendered":"<div class=\"descriere-stanga\">\n<h2>Descriere<\/h2>\n<p class=\"p1\">Dac\u0103<a href=\"http:\/\/www.treizecizero.ro\/shop\/produs\/pe-curat-revista-de-colectie\/\" target=\"_blank\" rel=\"noopener\"> edi\u021bia de colec\u021bie Pe curat<\/a> a fost un tribut adus primilor patru de ani de Treizecizero, \u00een care majoritatea pove\u0219tilor au fost despre tenisul mare \u0219i despre ascensiunea Simonei Halep, edi\u021bia din 2017 se apleac\u0103 mai ales asupra rom\u00e2nilor.<\/p>\n<p class=\"p1\">Interviuri exclusive cu fo\u0219ti \u0219i actuali juc\u0103tori \u0219i juc\u0103toare, afla\u021bi \u00een diverse etape ale vie\u021bii profesionale, plus un reportaj substan\u021bial \u0219i exclusiv cu Gunther Bosch, antrenor rom\u00e2n emigrat \u00een Germania \u0219i arhitect principal al fenomenului Boris Becker. Pentru asta, 30-0 a mers \u00een Germania \u0219i a petrecut dou\u0103 zile al\u0103turi de faimosul antrenor.<\/p>\n<p class=\"p1\">Pe l\u00e2ng\u0103 acestea, articole dedicate Simonei Halep, articole-reportaj de la Paris \u0219i Londra, eseuri despre ciudatele n\u0103ravuri pe care le scoate tenisul la suprafa\u021b\u0103 pe teren, despre perechea de juc\u0103tori care a schimbat fa\u021ba tenisului la \u00eenceput de secol XXI sau o povestire despre o conspira\u021bie tenebroas\u0103 care are urm\u0103ri nea\u0219teptate la Roland Garros.<\/p>\n<p class=\"p1\">Pe l\u00e2ng\u0103 cuvinte tip\u0103rite, ve\u021bi g\u0103si \u00een acest num\u0103r numeroase ghidu\u0219ii vizuale inspirate de tenis. De exemplu, fotografii care surprind vara torid\u0103 a Simonei Halep, \u00eenso\u021bite de o impresie scris\u0103 la cald, chiar la c\u00e2teva minute dup\u0103 finala Roland Garros. Desene estivalo-fanteziste \u0219i seria \u201dVersus\u201d, \u00een care am \u00eencercat s\u0103 stiliz\u0103m grafic jocul \u0219i personalitatea celor mai celebri juc\u0103tori de tenis.<\/p>\n<p class=\"p1\">\u00cencheiem cu traducerea celui mai faimos text despre tenis, eseul \u201dFederer ca experien\u021b\u0103 religioas\u0103\u201d, scris \u00een 2006 de David Foster Wallace \u0219i publicat pentru prima dat\u0103 \u00een limba rom\u00e2n\u0103.<\/p>\n<\/div>\n<div class=\"descriere-dreapta\">\n<h2>De ce s\u0103 cumperi<\/h2>\n<p class=\"p1\">30-0 Pe Curat 2017 este un produs la cele mai \u00eenalte standarde, cu un con\u021binut \u00een \u00eentregime nou, preg\u0103tit special pentru print. Un line-up de subiecte bune \u0219i variate, perspective proaspete, o bog\u0103\u021bie de con\u021binut. Am dedicat \u0219i mult timp pentru documentare. Am vorbit pe \u00eendelete cu protagoni\u0219tii pove\u0219tilor. Iar articolele au primit spa\u021biu mai amplu. Nu-s obi\u0219nuitele texte de pe site; ci reportaje ample sau portrete am\u0103nun\u021bite.<\/p>\n<p class=\"p1\">\u00cen plus, ca de obicei, am dedicat mult\u0103 aten\u021bie designului, fotografiei, h\u00e2rtiei.<\/p>\n<p>Pre\u021bul coboar\u0103 fa\u021b\u0103 de prima edi\u021bie, la 45 de lei.\u00a0<em>Transportul e gratuit pentru comenzi de cel pu\u021bin 130 de lei.\u00a0<\/em><\/p>\n<\/div>\n","protected":false},"excerpt":{"rendered":"<p>Tenisul nu are scenariu scris dinainte, \u00eens\u0103 \u00eentre meciuri \u00ee\u021bi recomand\u0103m 30-0 Pe curat, Edi\u021bia 2017. Lectur\u0103 obligatorie pentru to\u021bi pasiona\u021bii acestui sport.<\/p>\n","protected":false},"featured_media":117,"template":"","meta":{"_acf_changed":false},"product_brand":[],"product_cat":[17,22,15],"product_tag":[],"class_list":{"0":"post-8","1":"product","2":"type-product","3":"status-publish","4":"has-post-thumbnail","6":"product_cat-promo","7":"product_cat-publicatii","8":"product_cat-reviste","10":"first","11":"outofstock","12":"shipping-taxable","13":"purchasable","14":"product-type-simple"},"acf":[],"yoast_head":"<!-- This site is optimized with the Yoast SEO plugin v25.4 - https:\/\/yoast.com\/wordpress\/plugins\/seo\/ -->\n<title>30-0 Pe Curat - Shop Treizecizero<\/title>\n<meta name=\"robots\" content=\"index, follow, max-snippet:-1, max-image-preview:large, max-video-preview:-1\" \/>\n<link rel=\"canonical\" href=\"https:\/\/www.treizecizero.ro\/shop\/produs\/noul-30-0-pe-curat\/\" \/>\n<meta property=\"og:locale\" content=\"ro_RO\" \/>\n<meta property=\"og:type\" content=\"article\" \/>\n<meta property=\"og:title\" content=\"30-0 Pe Curat - Shop Treizecizero\" \/>\n<meta property=\"og:description\" content=\"Tenisul nu are scenariu scris dinainte, \u00eens\u0103 \u00eentre meciuri \u00ee\u021bi recomand\u0103m 30-0 Pe curat, Edi\u021bia 2017. Lectur\u0103 obligatorie pentru to\u021bi pasiona\u021bii acestui sport.\" \/>\n<meta property=\"og:url\" content=\"https:\/\/www.treizecizero.ro\/shop\/produs\/noul-30-0-pe-curat\/\" \/>\n<meta property=\"og:site_name\" content=\"Shop Treizecizero\" \/>\n<meta property=\"article:modified_time\" content=\"2020-11-28T15:43:46+00:00\" \/>\n<meta property=\"og:image\" content=\"https:\/\/www.treizecizero.ro\/shop\/wp-content\/uploads\/2017\/09\/DSC0202-Edit-scaled.jpg\" \/>\n\t<meta property=\"og:image:width\" content=\"3000\" \/>\n\t<meta property=\"og:image:height\" content=\"2000\" \/>\n\t<meta property=\"og:image:type\" content=\"image\/jpeg\" \/>\n<meta name=\"twitter:card\" content=\"summary_large_image\" \/>\n<meta name=\"twitter:label1\" content=\"Timp estimat pentru citire\" \/>\n\t<meta name=\"twitter:data1\" content=\"2 minute\" \/>\n<script type=\"application\/ld+json\" class=\"yoast-schema-graph\">{\"@context\":\"https:\/\/schema.org\",\"@graph\":[{\"@type\":\"WebPage\",\"@id\":\"https:\/\/www.treizecizero.ro\/shop\/produs\/noul-30-0-pe-curat\/\",\"url\":\"https:\/\/www.treizecizero.ro\/shop\/produs\/noul-30-0-pe-curat\/\",\"name\":\"30-0 Pe Curat - Shop Treizecizero\",\"isPartOf\":{\"@id\":\"https:\/\/www.treizecizero.ro\/shop\/#website\"},\"primaryImageOfPage\":{\"@id\":\"https:\/\/www.treizecizero.ro\/shop\/produs\/noul-30-0-pe-curat\/#primaryimage\"},\"image\":{\"@id\":\"https:\/\/www.treizecizero.ro\/shop\/produs\/noul-30-0-pe-curat\/#primaryimage\"},\"thumbnailUrl\":\"https:\/\/www.treizecizero.ro\/shop\/wp-content\/uploads\/2017\/09\/DSC0202-Edit-scaled.jpg\",\"datePublished\":\"2017-08-04T14:51:41+00:00\",\"dateModified\":\"2020-11-28T15:43:46+00:00\",\"breadcrumb\":{\"@id\":\"https:\/\/www.treizecizero.ro\/shop\/produs\/noul-30-0-pe-curat\/#breadcrumb\"},\"inLanguage\":\"ro-RO\",\"potentialAction\":[{\"@type\":\"ReadAction\",\"target\":[\"https:\/\/www.treizecizero.ro\/shop\/produs\/noul-30-0-pe-curat\/\"]}]},{\"@type\":\"ImageObject\",\"inLanguage\":\"ro-RO\",\"@id\":\"https:\/\/www.treizecizero.ro\/shop\/produs\/noul-30-0-pe-curat\/#primaryimage\",\"url\":\"https:\/\/www.treizecizero.ro\/shop\/wp-content\/uploads\/2017\/09\/DSC0202-Edit-scaled.jpg\",\"contentUrl\":\"https:\/\/www.treizecizero.ro\/shop\/wp-content\/uploads\/2017\/09\/DSC0202-Edit-scaled.jpg\",\"width\":2560,\"height\":1707},{\"@type\":\"BreadcrumbList\",\"@id\":\"https:\/\/www.treizecizero.ro\/shop\/produs\/noul-30-0-pe-curat\/#breadcrumb\",\"itemListElement\":[{\"@type\":\"ListItem\",\"position\":1,\"name\":\"Prima pagin\u0103\",\"item\":\"https:\/\/www.treizecizero.ro\/shop\/\"},{\"@type\":\"ListItem\",\"position\":2,\"name\":\"Magazin\",\"item\":\"https:\/\/www.treizecizero.ro\/shop\/magazin\/\"},{\"@type\":\"ListItem\",\"position\":3,\"name\":\"30-0 Pe Curat\"}]},{\"@type\":\"WebSite\",\"@id\":\"https:\/\/www.treizecizero.ro\/shop\/#website\",\"url\":\"https:\/\/www.treizecizero.ro\/shop\/\",\"name\":\"Shop Treizecizero\",\"description\":\"\",\"potentialAction\":[{\"@type\":\"SearchAction\",\"target\":{\"@type\":\"EntryPoint\",\"urlTemplate\":\"https:\/\/www.treizecizero.ro\/shop\/?s={search_term_string}\"},\"query-input\":{\"@type\":\"PropertyValueSpecification\",\"valueRequired\":true,\"valueName\":\"search_term_string\"}}],\"inLanguage\":\"ro-RO\"}]}<\/script>\n<!-- \/ Yoast SEO plugin. -->","yoast_head_json":{"title":"30-0 Pe Curat - Shop Treizecizero","robots":{"index":"index","follow":"follow","max-snippet":"max-snippet:-1","max-image-preview":"max-image-preview:large","max-video-preview":"max-video-preview:-1"},"canonical":"https:\/\/www.treizecizero.ro\/shop\/produs\/noul-30-0-pe-curat\/","og_locale":"ro_RO","og_type":"article","og_title":"30-0 Pe Curat - Shop Treizecizero","og_description":"Tenisul nu are scenariu scris dinainte, \u00eens\u0103 \u00eentre meciuri \u00ee\u021bi recomand\u0103m 30-0 Pe curat, Edi\u021bia 2017. Lectur\u0103 obligatorie pentru to\u021bi pasiona\u021bii acestui sport.","og_url":"https:\/\/www.treizecizero.ro\/shop\/produs\/noul-30-0-pe-curat\/","og_site_name":"Shop Treizecizero","article_modified_time":"2020-11-28T15:43:46+00:00","og_image":[{"width":3000,"height":2000,"url":"https:\/\/www.treizecizero.ro\/shop\/wp-content\/uploads\/2017\/09\/DSC0202-Edit-scaled.jpg","type":"image\/jpeg"}],"twitter_card":"summary_large_image","twitter_misc":{"Timp estimat pentru citire":"2 minute"},"schema":{"@context":"https:\/\/schema.org","@graph":[{"@type":"WebPage","@id":"https:\/\/www.treizecizero.ro\/shop\/produs\/noul-30-0-pe-curat\/","url":"https:\/\/www.treizecizero.ro\/shop\/produs\/noul-30-0-pe-curat\/","name":"30-0 Pe Curat - Shop Treizecizero","isPartOf":{"@id":"https:\/\/www.treizecizero.ro\/shop\/#website"},"primaryImageOfPage":{"@id":"https:\/\/www.treizecizero.ro\/shop\/produs\/noul-30-0-pe-curat\/#primaryimage"},"image":{"@id":"https:\/\/www.treizecizero.ro\/shop\/produs\/noul-30-0-pe-curat\/#primaryimage"},"thumbnailUrl":"https:\/\/www.treizecizero.ro\/shop\/wp-content\/uploads\/2017\/09\/DSC0202-Edit-scaled.jpg","datePublished":"2017-08-04T14:51:41+00:00","dateModified":"2020-11-28T15:43:46+00:00","breadcrumb":{"@id":"https:\/\/www.treizecizero.ro\/shop\/produs\/noul-30-0-pe-curat\/#breadcrumb"},"inLanguage":"ro-RO","potentialAction":[{"@type":"ReadAction","target":["https:\/\/www.treizecizero.ro\/shop\/produs\/noul-30-0-pe-curat\/"]}]},{"@type":"ImageObject","inLanguage":"ro-RO","@id":"https:\/\/www.treizecizero.ro\/shop\/produs\/noul-30-0-pe-curat\/#primaryimage","url":"https:\/\/www.treizecizero.ro\/shop\/wp-content\/uploads\/2017\/09\/DSC0202-Edit-scaled.jpg","contentUrl":"https:\/\/www.treizecizero.ro\/shop\/wp-content\/uploads\/2017\/09\/DSC0202-Edit-scaled.jpg","width":2560,"height":1707},{"@type":"BreadcrumbList","@id":"https:\/\/www.treizecizero.ro\/shop\/produs\/noul-30-0-pe-curat\/#breadcrumb","itemListElement":[{"@type":"ListItem","position":1,"name":"Prima pagin\u0103","item":"https:\/\/www.treizecizero.ro\/shop\/"},{"@type":"ListItem","position":2,"name":"Magazin","item":"https:\/\/www.treizecizero.ro\/shop\/magazin\/"},{"@type":"ListItem","position":3,"name":"30-0 Pe Curat"}]},{"@type":"WebSite","@id":"https:\/\/www.treizecizero.ro\/shop\/#website","url":"https:\/\/www.treizecizero.ro\/shop\/","name":"Shop Treizecizero","description":"","potentialAction":[{"@type":"SearchAction","target":{"@type":"EntryPoint","urlTemplate":"https:\/\/www.treizecizero.ro\/shop\/?s={search_term_string}"},"query-input":{"@type":"PropertyValueSpecification","valueRequired":true,"valueName":"search_term_string"}}],"inLanguage":"ro-RO"}]}},"_links":{"self":[{"href":"https:\/\/www.treizecizero.ro\/shop\/wp-json\/wp\/v2\/product\/8","targetHints":{"allow":["GET"]}}],"collection":[{"href":"https:\/\/www.treizecizero.ro\/shop\/wp-json\/wp\/v2\/product"}],"about":[{"href":"https:\/\/www.treizecizero.ro\/shop\/wp-json\/wp\/v2\/types\/product"}],"wp:featuredmedia":[{"embeddable":true,"href":"https:\/\/www.treizecizero.ro\/shop\/wp-json\/wp\/v2\/media\/117"}],"wp:attachment":[{"href":"https:\/\/www.treizecizero.ro\/shop\/wp-json\/wp\/v2\/media?parent=8"}],"wp:term":[{"taxonomy":"product_brand","embeddable":true,"href":"https:\/\/www.treizecizero.ro\/shop\/wp-json\/wp\/v2\/product_brand?post=8"},{"taxonomy":"product_cat","embeddable":true,"href":"https:\/\/www.treizecizero.ro\/shop\/wp-json\/wp\/v2\/product_cat?post=8"},{"taxonomy":"product_tag","embeddable":true,"href":"https:\/\/www.treizecizero.ro\/shop\/wp-json\/wp\/v2\/product_tag?post=8"}],"curies":[{"name":"wp","href":"https:\/\/api.w.org\/{rel}","templated":true}]}}