{"id":774,"date":"2018-02-14T02:14:12","date_gmt":"2018-02-14T00:14:12","guid":{"rendered":"http:\/\/www.treizecizero.ro\/shop\/?post_type=product&#038;p=774"},"modified":"2021-10-11T14:25:03","modified_gmt":"2021-10-11T12:25:03","slug":"tricou-onederful-trei","status":"publish","type":"product","link":"https:\/\/www.treizecizero.ro\/shop\/produs\/tricou-onederful-trei\/","title":{"rendered":"Tricou Onederful"},"content":{"rendered":"<div class=\"descriere-stanga\">\n<h2>De unde vine Onederful<\/h2>\n<p><strong>Seria \u201cOnederful\u201d <\/strong>s-a n\u0103scut inspirat\u0103 de performan\u021ba Simonei Halep, devenit\u0103 prima rom\u00e2nc\u0103 ajuns\u0103 pe locul 1 \u00een lume. S-a n\u0103scut din dorin\u021ba de a marca acele momente din tenis c\u00e2nd totul este perfect: c\u00e2nd favoritul t\u0103u este deasupra tuturor.C\u00e2nd prejudec\u0103\u021bile sunt \u00eenvinse, c\u00e2nd obstacolele sunt dep\u0103\u0219ite, c\u00e2nd victoriile se adun\u0103 \u0219i te ridic\u0103 \u00een v\u00e2rful clasamentului, c\u00e2nd contestatarii sunt redu\u0219i la t\u0103cere. Asemenea momente sunt unice: e cazul s\u0103 le s\u0103rb\u0103tore\u0219ti al\u0103turi de favoritul t\u0103u.<\/p>\n<\/div>\n<div class=\"descriere-centru\">\n<h2>Disponibil pe alb \u0219i pe negru<\/h2>\n<p>Dup\u0103 ce primul set de tricouri Onederful &amp; Onederful Black s-au v\u00e2ndut \u00een \u00eentregime, am revenit cu un set nou, care \u00eei preia \u0219i \u00eei adapteaz\u0103 designul:\u00a0<strong>Onederful Tricolor.<\/strong><\/p>\n<p>Disponibil pe alb \u0219i pe negru, tricoul a fost, ca de obicei, disponibil la un pre\u021b promo\u021bional \u00een primele ore de dup\u0103 lansare.<\/p>\n<p>Tricourile <strong>\u201cOnederful\u201d<\/strong> sunt fabricate 100% din bumbac organic, piept\u0103nat, moale, care asigur\u0103 un confort sporit, fie c\u0103 \u00eel por\u021bi pe strad\u0103, fie la antrenament sau \u00een timpul unui meci de tenis. Croiala este <strong>medium fit<\/strong>. E disponbil pe alb \u0219i pe negru. Sp\u0103larea e automat\u0103.<\/p>\n<\/div>\n<div class=\"descriere-dreapta\">\n<h2>M\u0103rimi, culori disponibile<\/h2>\n<p>XS (doar feminin)<br \/>\nS (masculin, feminin)<br \/>\nM\u00a0(masculin, feminin)<br \/>\nL (masculin, feminin)<br \/>\nXL (doar masculin, num\u0103r mic)<\/p>\n<p><strong>Culori disponibile:<\/strong> alb, negru<\/p>\n<p><span style=\"color: #ff0000;\"><strong>Produs disponibil \u00een stoc.<\/strong><\/span><\/p>\n<\/div>\n","protected":false},"excerpt":{"rendered":"<p>Un tricou-s\u0103rb\u0103toare! Ia-\u021bi Onederful ca s\u0103 marchezi o bucurie de neuitat pentru fanii tenisului din Rom\u00e2nia: prima dat\u0103 c\u00e2nd o rom\u00e2nc\u0103 ajunge pe locul 1 \u00een lume!<\/p>\n","protected":false},"featured_media":785,"template":"","meta":{"_acf_changed":false},"product_brand":[],"product_cat":[17,19],"product_tag":[],"class_list":{"0":"post-774","1":"product","2":"type-product","3":"status-publish","4":"has-post-thumbnail","6":"product_cat-promo","7":"product_cat-tricouri-tenis","9":"first","10":"instock","11":"shipping-taxable","12":"purchasable","13":"product-type-variable"},"acf":[],"yoast_head":"<!-- This site is optimized with the Yoast SEO plugin v25.4 - https:\/\/yoast.com\/wordpress\/plugins\/seo\/ -->\n<title>Tricou tenis Onederful Trei. Inspirat de Simona - Treizecizero Shop<\/title>\n<meta name=\"description\" content=\"Seria \u201cOnederful\u201d s-a n\u0103scut inspirat\u0103 de performan\u021ba Simonei Halep, devenit\u0103 prima rom\u00e2nc\u0103 ajuns\u0103 pe locul 1 \u00een lume. Dup\u0103 ce primul set de tricouri Onederful &amp; Onederful Black s-au v\u00e2ndut \u00een \u00eentregime, am revenit cu un set nou, care \u00eei preia \u0219i \u00eei adapteaz\u0103 designul:\u00a0Onederful Tricolor.\" \/>\n<meta name=\"robots\" content=\"index, follow, max-snippet:-1, max-image-preview:large, max-video-preview:-1\" \/>\n<link rel=\"canonical\" href=\"https:\/\/www.treizecizero.ro\/shop\/produs\/tricou-onederful-trei\/\" \/>\n<meta property=\"og:locale\" content=\"ro_RO\" \/>\n<meta property=\"og:type\" content=\"article\" \/>\n<meta property=\"og:title\" content=\"Tricou tenis Onederful Trei. Inspirat de Simona - Treizecizero Shop\" \/>\n<meta property=\"og:description\" content=\"Seria \u201cOnederful\u201d s-a n\u0103scut inspirat\u0103 de performan\u021ba Simonei Halep, devenit\u0103 prima rom\u00e2nc\u0103 ajuns\u0103 pe locul 1 \u00een lume. Dup\u0103 ce primul set de tricouri Onederful &amp; Onederful Black s-au v\u00e2ndut \u00een \u00eentregime, am revenit cu un set nou, care \u00eei preia \u0219i \u00eei adapteaz\u0103 designul:\u00a0Onederful Tricolor.\" \/>\n<meta property=\"og:url\" content=\"https:\/\/www.treizecizero.ro\/shop\/produs\/tricou-onederful-trei\/\" \/>\n<meta property=\"og:site_name\" content=\"Shop Treizecizero\" \/>\n<meta property=\"article:modified_time\" content=\"2021-10-11T12:25:03+00:00\" \/>\n<meta property=\"og:image\" content=\"https:\/\/www.treizecizero.ro\/shop\/wp-content\/uploads\/2018\/01\/2b-black-girls.png\" \/>\n\t<meta property=\"og:image:width\" content=\"1200\" \/>\n\t<meta property=\"og:image:height\" content=\"1200\" \/>\n\t<meta property=\"og:image:type\" content=\"image\/png\" \/>\n<meta name=\"twitter:card\" content=\"summary_large_image\" \/>\n<meta name=\"twitter:label1\" content=\"Timp estimat pentru citire\" \/>\n\t<meta name=\"twitter:data1\" content=\"1 minut\" \/>\n<script type=\"application\/ld+json\" class=\"yoast-schema-graph\">{\"@context\":\"https:\/\/schema.org\",\"@graph\":[{\"@type\":\"WebPage\",\"@id\":\"https:\/\/www.treizecizero.ro\/shop\/produs\/tricou-onederful-trei\/\",\"url\":\"https:\/\/www.treizecizero.ro\/shop\/produs\/tricou-onederful-trei\/\",\"name\":\"Tricou tenis Onederful Trei. Inspirat de Simona - Treizecizero Shop\",\"isPartOf\":{\"@id\":\"https:\/\/www.treizecizero.ro\/shop\/#website\"},\"primaryImageOfPage\":{\"@id\":\"https:\/\/www.treizecizero.ro\/shop\/produs\/tricou-onederful-trei\/#primaryimage\"},\"image\":{\"@id\":\"https:\/\/www.treizecizero.ro\/shop\/produs\/tricou-onederful-trei\/#primaryimage\"},\"thumbnailUrl\":\"https:\/\/www.treizecizero.ro\/shop\/wp-content\/uploads\/2018\/01\/2b-black-girls.png\",\"datePublished\":\"2018-02-14T00:14:12+00:00\",\"dateModified\":\"2021-10-11T12:25:03+00:00\",\"description\":\"Seria \u201cOnederful\u201d s-a n\u0103scut inspirat\u0103 de performan\u021ba Simonei Halep, devenit\u0103 prima rom\u00e2nc\u0103 ajuns\u0103 pe locul 1 \u00een lume. Dup\u0103 ce primul set de tricouri Onederful & Onederful Black s-au v\u00e2ndut \u00een \u00eentregime, am revenit cu un set nou, care \u00eei preia \u0219i \u00eei adapteaz\u0103 designul:\u00a0Onederful Tricolor.\",\"breadcrumb\":{\"@id\":\"https:\/\/www.treizecizero.ro\/shop\/produs\/tricou-onederful-trei\/#breadcrumb\"},\"inLanguage\":\"ro-RO\",\"potentialAction\":[{\"@type\":\"ReadAction\",\"target\":[\"https:\/\/www.treizecizero.ro\/shop\/produs\/tricou-onederful-trei\/\"]}]},{\"@type\":\"ImageObject\",\"inLanguage\":\"ro-RO\",\"@id\":\"https:\/\/www.treizecizero.ro\/shop\/produs\/tricou-onederful-trei\/#primaryimage\",\"url\":\"https:\/\/www.treizecizero.ro\/shop\/wp-content\/uploads\/2018\/01\/2b-black-girls.png\",\"contentUrl\":\"https:\/\/www.treizecizero.ro\/shop\/wp-content\/uploads\/2018\/01\/2b-black-girls.png\",\"width\":1200,\"height\":1200},{\"@type\":\"BreadcrumbList\",\"@id\":\"https:\/\/www.treizecizero.ro\/shop\/produs\/tricou-onederful-trei\/#breadcrumb\",\"itemListElement\":[{\"@type\":\"ListItem\",\"position\":1,\"name\":\"Prima pagin\u0103\",\"item\":\"https:\/\/www.treizecizero.ro\/shop\/\"},{\"@type\":\"ListItem\",\"position\":2,\"name\":\"Magazin\",\"item\":\"https:\/\/www.treizecizero.ro\/shop\/magazin\/\"},{\"@type\":\"ListItem\",\"position\":3,\"name\":\"Tricou Onederful\"}]},{\"@type\":\"WebSite\",\"@id\":\"https:\/\/www.treizecizero.ro\/shop\/#website\",\"url\":\"https:\/\/www.treizecizero.ro\/shop\/\",\"name\":\"Shop Treizecizero\",\"description\":\"\",\"potentialAction\":[{\"@type\":\"SearchAction\",\"target\":{\"@type\":\"EntryPoint\",\"urlTemplate\":\"https:\/\/www.treizecizero.ro\/shop\/?s={search_term_string}\"},\"query-input\":{\"@type\":\"PropertyValueSpecification\",\"valueRequired\":true,\"valueName\":\"search_term_string\"}}],\"inLanguage\":\"ro-RO\"}]}<\/script>\n<!-- \/ Yoast SEO plugin. -->","yoast_head_json":{"title":"Tricou tenis Onederful Trei. Inspirat de Simona - Treizecizero Shop","description":"Seria \u201cOnederful\u201d s-a n\u0103scut inspirat\u0103 de performan\u021ba Simonei Halep, devenit\u0103 prima rom\u00e2nc\u0103 ajuns\u0103 pe locul 1 \u00een lume. Dup\u0103 ce primul set de tricouri Onederful & Onederful Black s-au v\u00e2ndut \u00een \u00eentregime, am revenit cu un set nou, care \u00eei preia \u0219i \u00eei adapteaz\u0103 designul:\u00a0Onederful Tricolor.","robots":{"index":"index","follow":"follow","max-snippet":"max-snippet:-1","max-image-preview":"max-image-preview:large","max-video-preview":"max-video-preview:-1"},"canonical":"https:\/\/www.treizecizero.ro\/shop\/produs\/tricou-onederful-trei\/","og_locale":"ro_RO","og_type":"article","og_title":"Tricou tenis Onederful Trei. Inspirat de Simona - Treizecizero Shop","og_description":"Seria \u201cOnederful\u201d s-a n\u0103scut inspirat\u0103 de performan\u021ba Simonei Halep, devenit\u0103 prima rom\u00e2nc\u0103 ajuns\u0103 pe locul 1 \u00een lume. Dup\u0103 ce primul set de tricouri Onederful & Onederful Black s-au v\u00e2ndut \u00een \u00eentregime, am revenit cu un set nou, care \u00eei preia \u0219i \u00eei adapteaz\u0103 designul:\u00a0Onederful Tricolor.","og_url":"https:\/\/www.treizecizero.ro\/shop\/produs\/tricou-onederful-trei\/","og_site_name":"Shop Treizecizero","article_modified_time":"2021-10-11T12:25:03+00:00","og_image":[{"width":1200,"height":1200,"url":"https:\/\/www.treizecizero.ro\/shop\/wp-content\/uploads\/2018\/01\/2b-black-girls.png","type":"image\/png"}],"twitter_card":"summary_large_image","twitter_misc":{"Timp estimat pentru citire":"1 minut"},"schema":{"@context":"https:\/\/schema.org","@graph":[{"@type":"WebPage","@id":"https:\/\/www.treizecizero.ro\/shop\/produs\/tricou-onederful-trei\/","url":"https:\/\/www.treizecizero.ro\/shop\/produs\/tricou-onederful-trei\/","name":"Tricou tenis Onederful Trei. Inspirat de Simona - Treizecizero Shop","isPartOf":{"@id":"https:\/\/www.treizecizero.ro\/shop\/#website"},"primaryImageOfPage":{"@id":"https:\/\/www.treizecizero.ro\/shop\/produs\/tricou-onederful-trei\/#primaryimage"},"image":{"@id":"https:\/\/www.treizecizero.ro\/shop\/produs\/tricou-onederful-trei\/#primaryimage"},"thumbnailUrl":"https:\/\/www.treizecizero.ro\/shop\/wp-content\/uploads\/2018\/01\/2b-black-girls.png","datePublished":"2018-02-14T00:14:12+00:00","dateModified":"2021-10-11T12:25:03+00:00","description":"Seria \u201cOnederful\u201d s-a n\u0103scut inspirat\u0103 de performan\u021ba Simonei Halep, devenit\u0103 prima rom\u00e2nc\u0103 ajuns\u0103 pe locul 1 \u00een lume. Dup\u0103 ce primul set de tricouri Onederful & Onederful Black s-au v\u00e2ndut \u00een \u00eentregime, am revenit cu un set nou, care \u00eei preia \u0219i \u00eei adapteaz\u0103 designul:\u00a0Onederful Tricolor.","breadcrumb":{"@id":"https:\/\/www.treizecizero.ro\/shop\/produs\/tricou-onederful-trei\/#breadcrumb"},"inLanguage":"ro-RO","potentialAction":[{"@type":"ReadAction","target":["https:\/\/www.treizecizero.ro\/shop\/produs\/tricou-onederful-trei\/"]}]},{"@type":"ImageObject","inLanguage":"ro-RO","@id":"https:\/\/www.treizecizero.ro\/shop\/produs\/tricou-onederful-trei\/#primaryimage","url":"https:\/\/www.treizecizero.ro\/shop\/wp-content\/uploads\/2018\/01\/2b-black-girls.png","contentUrl":"https:\/\/www.treizecizero.ro\/shop\/wp-content\/uploads\/2018\/01\/2b-black-girls.png","width":1200,"height":1200},{"@type":"BreadcrumbList","@id":"https:\/\/www.treizecizero.ro\/shop\/produs\/tricou-onederful-trei\/#breadcrumb","itemListElement":[{"@type":"ListItem","position":1,"name":"Prima pagin\u0103","item":"https:\/\/www.treizecizero.ro\/shop\/"},{"@type":"ListItem","position":2,"name":"Magazin","item":"https:\/\/www.treizecizero.ro\/shop\/magazin\/"},{"@type":"ListItem","position":3,"name":"Tricou Onederful"}]},{"@type":"WebSite","@id":"https:\/\/www.treizecizero.ro\/shop\/#website","url":"https:\/\/www.treizecizero.ro\/shop\/","name":"Shop Treizecizero","description":"","potentialAction":[{"@type":"SearchAction","target":{"@type":"EntryPoint","urlTemplate":"https:\/\/www.treizecizero.ro\/shop\/?s={search_term_string}"},"query-input":{"@type":"PropertyValueSpecification","valueRequired":true,"valueName":"search_term_string"}}],"inLanguage":"ro-RO"}]}},"_links":{"self":[{"href":"https:\/\/www.treizecizero.ro\/shop\/wp-json\/wp\/v2\/product\/774","targetHints":{"allow":["GET"]}}],"collection":[{"href":"https:\/\/www.treizecizero.ro\/shop\/wp-json\/wp\/v2\/product"}],"about":[{"href":"https:\/\/www.treizecizero.ro\/shop\/wp-json\/wp\/v2\/types\/product"}],"wp:featuredmedia":[{"embeddable":true,"href":"https:\/\/www.treizecizero.ro\/shop\/wp-json\/wp\/v2\/media\/785"}],"wp:attachment":[{"href":"https:\/\/www.treizecizero.ro\/shop\/wp-json\/wp\/v2\/media?parent=774"}],"wp:term":[{"taxonomy":"product_brand","embeddable":true,"href":"https:\/\/www.treizecizero.ro\/shop\/wp-json\/wp\/v2\/product_brand?post=774"},{"taxonomy":"product_cat","embeddable":true,"href":"https:\/\/www.treizecizero.ro\/shop\/wp-json\/wp\/v2\/product_cat?post=774"},{"taxonomy":"product_tag","embeddable":true,"href":"https:\/\/www.treizecizero.ro\/shop\/wp-json\/wp\/v2\/product_tag?post=774"}],"curies":[{"name":"wp","href":"https:\/\/api.w.org\/{rel}","templated":true}]}}