{"id":4386,"date":"2019-11-15T01:47:57","date_gmt":"2019-11-14T23:47:57","guid":{"rendered":"https:\/\/www.treizecizero.ro\/shop\/?post_type=product&#038;p=4386"},"modified":"2022-12-13T00:37:50","modified_gmt":"2022-12-12T22:37:50","slug":"treizecizero-sticker-15-pack","status":"publish","type":"product","link":"https:\/\/www.treizecizero.ro\/shop\/produs\/treizecizero-sticker-15-pack\/","title":{"rendered":"Treizecizero Sticker 15-Pack"},"content":{"rendered":"<p>Treizecizero Surprise Sticker Pack!<\/p>\n<p>Las\u0103-te surprins de noi! Alege un Pack \u0219i prime\u0219ti unele dintre cele mai frumoase stickere de la 30-0, o selec\u021bie realizat\u0103 chiar de echipa 30-0!<\/p>\n<p>Treizecizero Sticker 15 Pack con\u021bine o selec\u021bie de cincisprezece stickere alese de editorii 30-0 special pentru tine.<\/p>\n<p>E mult mai avantajos dec\u00e2t dac\u0103 le-ai <a href=\"https:\/\/www.treizecizero.ro\/shop\/produs\/sticker-30-0\/\" target=\"_blank\" rel=\"noopener\">cump\u0103ra la bucat\u0103<\/a>.\u00a0\u0218i \u00een plus ai \u0219i factorul surpriz\u0103: n-o s\u0103 \u0219tii ce stickere prime\u0219ti p\u00e2n\u0103 nu deschizi pachetul \ud83d\ude09<\/p>\n<p>\u00ce\u021bi form\u0103m Pack-ul aleg\u00e2nd din cele 19 modele de stickere 30-0, a c\u0103ror list\u0103 o g\u0103se\u0219ti mai jos. Sunt mesaje faimoase deja pe internet \u0219i printre cititorii 30-0, copy-uri funny sau vizualuri simpatice.\u00a0Sunt grozave ca s\u0103-\u021bi colorezi laptopul, agenda sau biroul, sau s\u0103 le faci prietenilor un cadou frumos.<\/p>\n<p>&nbsp;<\/p>\n<p>Believe the Buzz<br \/>\nS\u0103 facem gre\u0219eli nefor\u021bate \u00eempreun\u0103<br \/>\nP\u00e2n\u0103 la ultima minge<br \/>\nTry my best<br \/>\nFire in the belly<br \/>\nTennis changed my life<br \/>\nLa c\u00e2t \u00eencepe Simona<br \/>\nGo ahead break my serve<br \/>\nAt\u00e2t s-a putut<br \/>\nAre cineva un stream<br \/>\nDu-te \u0219i c\u00e2\u0219tig\u0103-\u021bi meciul<br \/>\nYou cannot be serious<br \/>\nPurt\u0103m tenisul mai departe<br \/>\nHot Shot<br \/>\nGoat<br \/>\nR\u0103s\u0103rit<br \/>\nSangria<br \/>\nDali<br \/>\nRant<\/p>\n<p>&nbsp;<\/p>\n<p><strong>Specifica\u021bii<\/strong><\/p>\n<p>Dimensiuni: 10 x 10<br \/>\nMaterial: PVC<br \/>\nRezistent la ap\u0103<\/p>\n<p>&nbsp;<\/p>\n<p><em>Disponibil \u00een limita stocului.<br \/>\nSelec\u021bia din Pack-ul de 10 e folosit\u0103 cu scopul de prezentare.\u00a0<\/em><\/p>\n","protected":false},"excerpt":{"rendered":"<p>Lipe\u0219te tenisul de tine! Marcheaz\u0103-\u021bi pasiunea pentru tenis cu un pachet de 15 stickere Treizecizero.<\/p>\n","protected":false},"featured_media":1082,"template":"","meta":{"_acf_changed":false},"product_brand":[],"product_cat":[82,42],"product_tag":[],"class_list":{"0":"post-4386","1":"product","2":"type-product","3":"status-publish","4":"has-post-thumbnail","6":"product_cat-exclus","7":"product_cat-stickere","9":"first","10":"instock","11":"sale","12":"shipping-taxable","13":"purchasable","14":"product-type-variable"},"acf":[],"yoast_head":"<!-- This site is optimized with the Yoast SEO plugin v25.4 - https:\/\/yoast.com\/wordpress\/plugins\/seo\/ -->\n<title>Treizecizero Sticker Pack. Mesaje faimoase \u00een lumea tenisului, perfecte pe laptopul sau pe agenda ta!<\/title>\n<meta name=\"robots\" content=\"index, follow, max-snippet:-1, max-image-preview:large, max-video-preview:-1\" \/>\n<link rel=\"canonical\" href=\"https:\/\/www.treizecizero.ro\/shop\/produs\/treizecizero-sticker-15-pack\/\" \/>\n<meta property=\"og:locale\" content=\"ro_RO\" \/>\n<meta property=\"og:type\" content=\"article\" \/>\n<meta property=\"og:title\" content=\"Treizecizero Sticker Pack. Mesaje faimoase \u00een lumea tenisului, perfecte pe laptopul sau pe agenda ta!\" \/>\n<meta property=\"og:description\" content=\"Lipe\u0219te tenisul de tine! Marcheaz\u0103-\u021bi pasiunea pentru tenis cu un pachet de 15 stickere Treizecizero.\" \/>\n<meta property=\"og:url\" content=\"https:\/\/www.treizecizero.ro\/shop\/produs\/treizecizero-sticker-15-pack\/\" \/>\n<meta property=\"og:site_name\" content=\"Shop Treizecizero\" \/>\n<meta property=\"article:modified_time\" content=\"2022-12-12T22:37:50+00:00\" \/>\n<meta property=\"og:image\" content=\"https:\/\/www.treizecizero.ro\/shop\/wp-content\/uploads\/2017\/02\/Artboard-1-copy-7@3x-1.png\" \/>\n\t<meta property=\"og:image:width\" content=\"1532\" \/>\n\t<meta property=\"og:image:height\" content=\"1532\" \/>\n\t<meta property=\"og:image:type\" content=\"image\/png\" \/>\n<meta name=\"twitter:card\" content=\"summary_large_image\" \/>\n<meta name=\"twitter:label1\" content=\"Timp estimat pentru citire\" \/>\n\t<meta name=\"twitter:data1\" content=\"1 minut\" \/>\n<script type=\"application\/ld+json\" class=\"yoast-schema-graph\">{\"@context\":\"https:\/\/schema.org\",\"@graph\":[{\"@type\":\"WebPage\",\"@id\":\"https:\/\/www.treizecizero.ro\/shop\/produs\/treizecizero-sticker-15-pack\/\",\"url\":\"https:\/\/www.treizecizero.ro\/shop\/produs\/treizecizero-sticker-15-pack\/\",\"name\":\"Treizecizero Sticker Pack. Mesaje faimoase \u00een lumea tenisului, perfecte pe laptopul sau pe agenda ta!\",\"isPartOf\":{\"@id\":\"https:\/\/www.treizecizero.ro\/shop\/#website\"},\"primaryImageOfPage\":{\"@id\":\"https:\/\/www.treizecizero.ro\/shop\/produs\/treizecizero-sticker-15-pack\/#primaryimage\"},\"image\":{\"@id\":\"https:\/\/www.treizecizero.ro\/shop\/produs\/treizecizero-sticker-15-pack\/#primaryimage\"},\"thumbnailUrl\":\"https:\/\/www.treizecizero.ro\/shop\/wp-content\/uploads\/2017\/02\/Artboard-1-copy-7@3x-1.png\",\"datePublished\":\"2019-11-14T23:47:57+00:00\",\"dateModified\":\"2022-12-12T22:37:50+00:00\",\"breadcrumb\":{\"@id\":\"https:\/\/www.treizecizero.ro\/shop\/produs\/treizecizero-sticker-15-pack\/#breadcrumb\"},\"inLanguage\":\"ro-RO\",\"potentialAction\":[{\"@type\":\"ReadAction\",\"target\":[\"https:\/\/www.treizecizero.ro\/shop\/produs\/treizecizero-sticker-15-pack\/\"]}]},{\"@type\":\"ImageObject\",\"inLanguage\":\"ro-RO\",\"@id\":\"https:\/\/www.treizecizero.ro\/shop\/produs\/treizecizero-sticker-15-pack\/#primaryimage\",\"url\":\"https:\/\/www.treizecizero.ro\/shop\/wp-content\/uploads\/2017\/02\/Artboard-1-copy-7@3x-1.png\",\"contentUrl\":\"https:\/\/www.treizecizero.ro\/shop\/wp-content\/uploads\/2017\/02\/Artboard-1-copy-7@3x-1.png\",\"width\":1532,\"height\":1532},{\"@type\":\"BreadcrumbList\",\"@id\":\"https:\/\/www.treizecizero.ro\/shop\/produs\/treizecizero-sticker-15-pack\/#breadcrumb\",\"itemListElement\":[{\"@type\":\"ListItem\",\"position\":1,\"name\":\"Prima pagin\u0103\",\"item\":\"https:\/\/www.treizecizero.ro\/shop\/\"},{\"@type\":\"ListItem\",\"position\":2,\"name\":\"Magazin\",\"item\":\"https:\/\/www.treizecizero.ro\/shop\/magazin\/\"},{\"@type\":\"ListItem\",\"position\":3,\"name\":\"Treizecizero Sticker 15-Pack\"}]},{\"@type\":\"WebSite\",\"@id\":\"https:\/\/www.treizecizero.ro\/shop\/#website\",\"url\":\"https:\/\/www.treizecizero.ro\/shop\/\",\"name\":\"Shop Treizecizero\",\"description\":\"\",\"potentialAction\":[{\"@type\":\"SearchAction\",\"target\":{\"@type\":\"EntryPoint\",\"urlTemplate\":\"https:\/\/www.treizecizero.ro\/shop\/?s={search_term_string}\"},\"query-input\":{\"@type\":\"PropertyValueSpecification\",\"valueRequired\":true,\"valueName\":\"search_term_string\"}}],\"inLanguage\":\"ro-RO\"}]}<\/script>\n<!-- \/ Yoast SEO plugin. -->","yoast_head_json":{"title":"Treizecizero Sticker Pack. Mesaje faimoase \u00een lumea tenisului, perfecte pe laptopul sau pe agenda ta!","robots":{"index":"index","follow":"follow","max-snippet":"max-snippet:-1","max-image-preview":"max-image-preview:large","max-video-preview":"max-video-preview:-1"},"canonical":"https:\/\/www.treizecizero.ro\/shop\/produs\/treizecizero-sticker-15-pack\/","og_locale":"ro_RO","og_type":"article","og_title":"Treizecizero Sticker Pack. Mesaje faimoase \u00een lumea tenisului, perfecte pe laptopul sau pe agenda ta!","og_description":"Lipe\u0219te tenisul de tine! Marcheaz\u0103-\u021bi pasiunea pentru tenis cu un pachet de 15 stickere Treizecizero.","og_url":"https:\/\/www.treizecizero.ro\/shop\/produs\/treizecizero-sticker-15-pack\/","og_site_name":"Shop Treizecizero","article_modified_time":"2022-12-12T22:37:50+00:00","og_image":[{"width":1532,"height":1532,"url":"https:\/\/www.treizecizero.ro\/shop\/wp-content\/uploads\/2017\/02\/Artboard-1-copy-7@3x-1.png","type":"image\/png"}],"twitter_card":"summary_large_image","twitter_misc":{"Timp estimat pentru citire":"1 minut"},"schema":{"@context":"https:\/\/schema.org","@graph":[{"@type":"WebPage","@id":"https:\/\/www.treizecizero.ro\/shop\/produs\/treizecizero-sticker-15-pack\/","url":"https:\/\/www.treizecizero.ro\/shop\/produs\/treizecizero-sticker-15-pack\/","name":"Treizecizero Sticker Pack. Mesaje faimoase \u00een lumea tenisului, perfecte pe laptopul sau pe agenda ta!","isPartOf":{"@id":"https:\/\/www.treizecizero.ro\/shop\/#website"},"primaryImageOfPage":{"@id":"https:\/\/www.treizecizero.ro\/shop\/produs\/treizecizero-sticker-15-pack\/#primaryimage"},"image":{"@id":"https:\/\/www.treizecizero.ro\/shop\/produs\/treizecizero-sticker-15-pack\/#primaryimage"},"thumbnailUrl":"https:\/\/www.treizecizero.ro\/shop\/wp-content\/uploads\/2017\/02\/Artboard-1-copy-7@3x-1.png","datePublished":"2019-11-14T23:47:57+00:00","dateModified":"2022-12-12T22:37:50+00:00","breadcrumb":{"@id":"https:\/\/www.treizecizero.ro\/shop\/produs\/treizecizero-sticker-15-pack\/#breadcrumb"},"inLanguage":"ro-RO","potentialAction":[{"@type":"ReadAction","target":["https:\/\/www.treizecizero.ro\/shop\/produs\/treizecizero-sticker-15-pack\/"]}]},{"@type":"ImageObject","inLanguage":"ro-RO","@id":"https:\/\/www.treizecizero.ro\/shop\/produs\/treizecizero-sticker-15-pack\/#primaryimage","url":"https:\/\/www.treizecizero.ro\/shop\/wp-content\/uploads\/2017\/02\/Artboard-1-copy-7@3x-1.png","contentUrl":"https:\/\/www.treizecizero.ro\/shop\/wp-content\/uploads\/2017\/02\/Artboard-1-copy-7@3x-1.png","width":1532,"height":1532},{"@type":"BreadcrumbList","@id":"https:\/\/www.treizecizero.ro\/shop\/produs\/treizecizero-sticker-15-pack\/#breadcrumb","itemListElement":[{"@type":"ListItem","position":1,"name":"Prima pagin\u0103","item":"https:\/\/www.treizecizero.ro\/shop\/"},{"@type":"ListItem","position":2,"name":"Magazin","item":"https:\/\/www.treizecizero.ro\/shop\/magazin\/"},{"@type":"ListItem","position":3,"name":"Treizecizero Sticker 15-Pack"}]},{"@type":"WebSite","@id":"https:\/\/www.treizecizero.ro\/shop\/#website","url":"https:\/\/www.treizecizero.ro\/shop\/","name":"Shop Treizecizero","description":"","potentialAction":[{"@type":"SearchAction","target":{"@type":"EntryPoint","urlTemplate":"https:\/\/www.treizecizero.ro\/shop\/?s={search_term_string}"},"query-input":{"@type":"PropertyValueSpecification","valueRequired":true,"valueName":"search_term_string"}}],"inLanguage":"ro-RO"}]}},"_links":{"self":[{"href":"https:\/\/www.treizecizero.ro\/shop\/wp-json\/wp\/v2\/product\/4386","targetHints":{"allow":["GET"]}}],"collection":[{"href":"https:\/\/www.treizecizero.ro\/shop\/wp-json\/wp\/v2\/product"}],"about":[{"href":"https:\/\/www.treizecizero.ro\/shop\/wp-json\/wp\/v2\/types\/product"}],"wp:featuredmedia":[{"embeddable":true,"href":"https:\/\/www.treizecizero.ro\/shop\/wp-json\/wp\/v2\/media\/1082"}],"wp:attachment":[{"href":"https:\/\/www.treizecizero.ro\/shop\/wp-json\/wp\/v2\/media?parent=4386"}],"wp:term":[{"taxonomy":"product_brand","embeddable":true,"href":"https:\/\/www.treizecizero.ro\/shop\/wp-json\/wp\/v2\/product_brand?post=4386"},{"taxonomy":"product_cat","embeddable":true,"href":"https:\/\/www.treizecizero.ro\/shop\/wp-json\/wp\/v2\/product_cat?post=4386"},{"taxonomy":"product_tag","embeddable":true,"href":"https:\/\/www.treizecizero.ro\/shop\/wp-json\/wp\/v2\/product_tag?post=4386"}],"curies":[{"name":"wp","href":"https:\/\/api.w.org\/{rel}","templated":true}]}}