{"id":4352,"date":"2019-11-15T01:09:05","date_gmt":"2019-11-14T23:09:05","guid":{"rendered":"https:\/\/www.treizecizero.ro\/shop\/?post_type=product&#038;p=4352"},"modified":"2026-02-05T23:46:05","modified_gmt":"2026-02-05T21:46:05","slug":"tricou-grand-slam-life-white","status":"publish","type":"product","link":"https:\/\/www.treizecizero.ro\/shop\/produs\/tricou-grand-slam-life-white\/","title":{"rendered":"Promo: Tricou Grand Slam Life, White"},"content":{"rendered":"<div class=\"descriere-stanga\">\n<h2>Tricou nou de la 30-0!<\/h2>\n<p>Tricoul inspirat din via\u021ba fanului de tenis, organizat\u0103 \u00een jurul celor patru mari turnee de Grand Slam. Ne \u00eencepem anul cu nop\u021bile tr\u0103ite pe ora de Melbourne, ne tr\u0103im prim\u0103vara frem\u0103t\u00e2nd pe zgura de la Paris, ne organiz\u0103m vara \u00een jurul tenisului pe iarba de la Londra \u0219i ne \u00eencepem toamna cu g\u00e2ndul la New York. Ne facem vacan\u021bele \u0219i programul \u00een func\u021bie de ele, le iubim \u0219i le purt\u0103m peste tot.<\/p>\n<p>Poart\u0103 \u201eGrand Slam Life\u201d fie c\u0103 mergi \u00een tribune la Melbourne sau la New York, la Paris sau la Londra, fie c\u0103 e\u0219ti pe str\u0103zile din Rom\u00e2nia.<\/p>\n<p>&nbsp;<\/p>\n<\/div>\n<div class=\"descriere-centru\">\n<h2>Disponibil pe alb \u0219i pe negru<\/h2>\n<p><strong>Tricoul Grand Slam Life\u00a0<\/strong>are un design fresh \u0219i electric.<\/p>\n<p>E disponibil pe alb \u0219i pe negru, cu un desen \u00een culori complementare.<\/p>\n<p>Tricourile <strong>Grand Slam Life<\/strong><b>\u00a0<\/b>sunt fabricate 100% din bumbac organic, piept\u0103nat, moale, care asigur\u0103 un confort sporit.<\/p>\n<p><span style=\"text-decoration: underline;\"><strong>IMPORTANT:<\/strong><\/span> Croiala modelului feminin este <strong>loose fit<\/strong>. Croiala modelului masculin este <strong>medium fit.<\/strong><\/p>\n<p>Sp\u0103larea recomandat\u0103 este automat\u0103.<\/p>\n<\/div>\n<div class=\"descriere-dreapta\">\n<h2>M\u0103rimi, culori disponibile<\/h2>\n<p><strong>Adul\u021bi<\/strong><\/p>\n<p>XS (doar feminin)<br \/>\nS (masculin, feminin)<br \/>\nM\u00a0(masculin, feminin)<br \/>\nL (masculin, feminin)<br \/>\nXL (doar masculin)<\/p>\n<p><strong>Culori disponibile pentru promo\u021bie:<\/strong> alb<\/p>\n<p>Descrierea m\u0103rimilor pentru b\u0103rba\u021bi<\/p>\n<p><a href=\"https:\/\/www.treizecizero.ro\/shop\/wp-content\/uploads\/2019\/01\/marimi-tricouri-barbati.jpg\"><img loading=\"lazy\" decoding=\"async\" class=\"alignleft wp-image-2593 size-medium\" src=\"https:\/\/www.treizecizero.ro\/shop\/wp-content\/uploads\/2019\/01\/marimi-tricouri-barbati-300x167.jpg\" alt=\"\" width=\"300\" height=\"167\" srcset=\"https:\/\/www.treizecizero.ro\/shop\/wp-content\/uploads\/2019\/01\/marimi-tricouri-barbati-300x167.jpg 300w, https:\/\/www.treizecizero.ro\/shop\/wp-content\/uploads\/2019\/01\/marimi-tricouri-barbati-800x444.jpg 800w, https:\/\/www.treizecizero.ro\/shop\/wp-content\/uploads\/2019\/01\/marimi-tricouri-barbati-768x427.jpg 768w, https:\/\/www.treizecizero.ro\/shop\/wp-content\/uploads\/2019\/01\/marimi-tricouri-barbati-1024x569.jpg 1024w, https:\/\/www.treizecizero.ro\/shop\/wp-content\/uploads\/2019\/01\/marimi-tricouri-barbati.jpg 1062w\" sizes=\"auto, (max-width: 300px) 100vw, 300px\" \/><\/a><\/p>\n<p>&nbsp;<\/p>\n<p>Descrierea m\u0103rimilor pentru femei<\/p>\n<p><a href=\"https:\/\/www.treizecizero.ro\/shop\/wp-content\/uploads\/2019\/01\/marimi-tricouri-F-flies.png\"><img loading=\"lazy\" decoding=\"async\" class=\"alignnone wp-image-2672 size-medium\" src=\"https:\/\/www.treizecizero.ro\/shop\/wp-content\/uploads\/2019\/01\/marimi-tricouri-F-flies-300x167.png\" alt=\"\" width=\"300\" height=\"167\" srcset=\"https:\/\/www.treizecizero.ro\/shop\/wp-content\/uploads\/2019\/01\/marimi-tricouri-F-flies-300x167.png 300w, https:\/\/www.treizecizero.ro\/shop\/wp-content\/uploads\/2019\/01\/marimi-tricouri-F-flies.png 460w\" sizes=\"auto, (max-width: 300px) 100vw, 300px\" \/><\/a><\/p>\n<p>&nbsp;<\/p>\n<\/div>\n<p>&nbsp;<\/p>\n","protected":false},"excerpt":{"rendered":"<p>Tricoul inspirat din via\u021ba fanului de tenis, organizat\u0103 \u00een jurul celor patru mari turnee de Grand Slam, turnee g\u0103zduite de patru ora\u0219e electrice \u0219i cosmopolite. Poart\u0103 cu tine spiritul din Melbourne, Paris, Londra sau New York!<br \/>\nPentru varianta pe negru a modelului, <a href=\"https:\/\/www.treizecizero.ro\/shop\/produs\/tricou-grand-slam-life\/\" target=\"_blank\" rel=\"noopener\"><strong>verific\u0103 aici.<\/strong><\/a><\/p>\n","protected":false},"featured_media":2851,"template":"","meta":{"_acf_changed":false},"product_brand":[],"product_cat":[82,19],"product_tag":[],"class_list":{"0":"post-4352","1":"product","2":"type-product","3":"status-publish","4":"has-post-thumbnail","6":"product_cat-exclus","7":"product_cat-tricouri-tenis","9":"first","10":"instock","11":"sale","12":"shipping-taxable","13":"purchasable","14":"product-type-variable"},"acf":[],"yoast_head":"<!-- This site is optimized with the Yoast SEO plugin v25.4 - https:\/\/yoast.com\/wordpress\/plugins\/seo\/ -->\n<title>Tricou tenis Grand Slam Life Melbourne Paris Londra New York<\/title>\n<meta name=\"description\" content=\"Tricoul inspirat din via\u021ba fanului de tenis, organizat\u0103 \u00een jurul celor patru mari turnee de Grand Slam, turnee g\u0103zduite de patru ora\u0219e electrice \u0219i cosmopolite. Poart\u0103 cu tine spiritul din Melbourne, Paris, Londra sau New York!\" \/>\n<meta name=\"robots\" content=\"index, follow, max-snippet:-1, max-image-preview:large, max-video-preview:-1\" \/>\n<link rel=\"canonical\" href=\"https:\/\/www.treizecizero.ro\/shop\/produs\/tricou-grand-slam-life-white\/\" \/>\n<meta property=\"og:locale\" content=\"ro_RO\" \/>\n<meta property=\"og:type\" content=\"article\" \/>\n<meta property=\"og:title\" content=\"Tricou tenis Grand Slam Life Melbourne Paris Londra New York\" \/>\n<meta property=\"og:description\" content=\"Tricoul inspirat din via\u021ba fanului de tenis, organizat\u0103 \u00een jurul celor patru mari turnee de Grand Slam, turnee g\u0103zduite de patru ora\u0219e electrice \u0219i cosmopolite. Poart\u0103 cu tine spiritul din Melbourne, Paris, Londra sau New York!\" \/>\n<meta property=\"og:url\" content=\"https:\/\/www.treizecizero.ro\/shop\/produs\/tricou-grand-slam-life-white\/\" \/>\n<meta property=\"og:site_name\" content=\"Shop Treizecizero\" \/>\n<meta property=\"article:modified_time\" content=\"2026-02-05T21:46:05+00:00\" \/>\n<meta property=\"og:image\" content=\"https:\/\/www.treizecizero.ro\/shop\/wp-content\/uploads\/2019\/04\/GS3.jpg\" \/>\n\t<meta property=\"og:image:width\" content=\"1006\" \/>\n\t<meta property=\"og:image:height\" content=\"1251\" \/>\n\t<meta property=\"og:image:type\" content=\"image\/jpeg\" \/>\n<meta name=\"twitter:card\" content=\"summary_large_image\" \/>\n<meta name=\"twitter:label1\" content=\"Timp estimat pentru citire\" \/>\n\t<meta name=\"twitter:data1\" content=\"1 minut\" \/>\n<script type=\"application\/ld+json\" class=\"yoast-schema-graph\">{\"@context\":\"https:\/\/schema.org\",\"@graph\":[{\"@type\":\"WebPage\",\"@id\":\"https:\/\/www.treizecizero.ro\/shop\/produs\/tricou-grand-slam-life-white\/\",\"url\":\"https:\/\/www.treizecizero.ro\/shop\/produs\/tricou-grand-slam-life-white\/\",\"name\":\"Tricou tenis Grand Slam Life Melbourne Paris Londra New York\",\"isPartOf\":{\"@id\":\"https:\/\/www.treizecizero.ro\/shop\/#website\"},\"primaryImageOfPage\":{\"@id\":\"https:\/\/www.treizecizero.ro\/shop\/produs\/tricou-grand-slam-life-white\/#primaryimage\"},\"image\":{\"@id\":\"https:\/\/www.treizecizero.ro\/shop\/produs\/tricou-grand-slam-life-white\/#primaryimage\"},\"thumbnailUrl\":\"https:\/\/www.treizecizero.ro\/shop\/wp-content\/uploads\/2019\/04\/GS3.jpg\",\"datePublished\":\"2019-11-14T23:09:05+00:00\",\"dateModified\":\"2026-02-05T21:46:05+00:00\",\"description\":\"Tricoul inspirat din via\u021ba fanului de tenis, organizat\u0103 \u00een jurul celor patru mari turnee de Grand Slam, turnee g\u0103zduite de patru ora\u0219e electrice \u0219i cosmopolite. Poart\u0103 cu tine spiritul din Melbourne, Paris, Londra sau New York!\",\"breadcrumb\":{\"@id\":\"https:\/\/www.treizecizero.ro\/shop\/produs\/tricou-grand-slam-life-white\/#breadcrumb\"},\"inLanguage\":\"ro-RO\",\"potentialAction\":[{\"@type\":\"ReadAction\",\"target\":[\"https:\/\/www.treizecizero.ro\/shop\/produs\/tricou-grand-slam-life-white\/\"]}]},{\"@type\":\"ImageObject\",\"inLanguage\":\"ro-RO\",\"@id\":\"https:\/\/www.treizecizero.ro\/shop\/produs\/tricou-grand-slam-life-white\/#primaryimage\",\"url\":\"https:\/\/www.treizecizero.ro\/shop\/wp-content\/uploads\/2019\/04\/GS3.jpg\",\"contentUrl\":\"https:\/\/www.treizecizero.ro\/shop\/wp-content\/uploads\/2019\/04\/GS3.jpg\",\"width\":1006,\"height\":1251},{\"@type\":\"BreadcrumbList\",\"@id\":\"https:\/\/www.treizecizero.ro\/shop\/produs\/tricou-grand-slam-life-white\/#breadcrumb\",\"itemListElement\":[{\"@type\":\"ListItem\",\"position\":1,\"name\":\"Prima pagin\u0103\",\"item\":\"https:\/\/www.treizecizero.ro\/shop\/\"},{\"@type\":\"ListItem\",\"position\":2,\"name\":\"Magazin\",\"item\":\"https:\/\/www.treizecizero.ro\/shop\/magazin\/\"},{\"@type\":\"ListItem\",\"position\":3,\"name\":\"Promo: Tricou Grand Slam Life, White\"}]},{\"@type\":\"WebSite\",\"@id\":\"https:\/\/www.treizecizero.ro\/shop\/#website\",\"url\":\"https:\/\/www.treizecizero.ro\/shop\/\",\"name\":\"Shop Treizecizero\",\"description\":\"\",\"potentialAction\":[{\"@type\":\"SearchAction\",\"target\":{\"@type\":\"EntryPoint\",\"urlTemplate\":\"https:\/\/www.treizecizero.ro\/shop\/?s={search_term_string}\"},\"query-input\":{\"@type\":\"PropertyValueSpecification\",\"valueRequired\":true,\"valueName\":\"search_term_string\"}}],\"inLanguage\":\"ro-RO\"}]}<\/script>\n<!-- \/ Yoast SEO plugin. -->","yoast_head_json":{"title":"Tricou tenis Grand Slam Life Melbourne Paris Londra New York","description":"Tricoul inspirat din via\u021ba fanului de tenis, organizat\u0103 \u00een jurul celor patru mari turnee de Grand Slam, turnee g\u0103zduite de patru ora\u0219e electrice \u0219i cosmopolite. Poart\u0103 cu tine spiritul din Melbourne, Paris, Londra sau New York!","robots":{"index":"index","follow":"follow","max-snippet":"max-snippet:-1","max-image-preview":"max-image-preview:large","max-video-preview":"max-video-preview:-1"},"canonical":"https:\/\/www.treizecizero.ro\/shop\/produs\/tricou-grand-slam-life-white\/","og_locale":"ro_RO","og_type":"article","og_title":"Tricou tenis Grand Slam Life Melbourne Paris Londra New York","og_description":"Tricoul inspirat din via\u021ba fanului de tenis, organizat\u0103 \u00een jurul celor patru mari turnee de Grand Slam, turnee g\u0103zduite de patru ora\u0219e electrice \u0219i cosmopolite. Poart\u0103 cu tine spiritul din Melbourne, Paris, Londra sau New York!","og_url":"https:\/\/www.treizecizero.ro\/shop\/produs\/tricou-grand-slam-life-white\/","og_site_name":"Shop Treizecizero","article_modified_time":"2026-02-05T21:46:05+00:00","og_image":[{"width":1006,"height":1251,"url":"https:\/\/www.treizecizero.ro\/shop\/wp-content\/uploads\/2019\/04\/GS3.jpg","type":"image\/jpeg"}],"twitter_card":"summary_large_image","twitter_misc":{"Timp estimat pentru citire":"1 minut"},"schema":{"@context":"https:\/\/schema.org","@graph":[{"@type":"WebPage","@id":"https:\/\/www.treizecizero.ro\/shop\/produs\/tricou-grand-slam-life-white\/","url":"https:\/\/www.treizecizero.ro\/shop\/produs\/tricou-grand-slam-life-white\/","name":"Tricou tenis Grand Slam Life Melbourne Paris Londra New York","isPartOf":{"@id":"https:\/\/www.treizecizero.ro\/shop\/#website"},"primaryImageOfPage":{"@id":"https:\/\/www.treizecizero.ro\/shop\/produs\/tricou-grand-slam-life-white\/#primaryimage"},"image":{"@id":"https:\/\/www.treizecizero.ro\/shop\/produs\/tricou-grand-slam-life-white\/#primaryimage"},"thumbnailUrl":"https:\/\/www.treizecizero.ro\/shop\/wp-content\/uploads\/2019\/04\/GS3.jpg","datePublished":"2019-11-14T23:09:05+00:00","dateModified":"2026-02-05T21:46:05+00:00","description":"Tricoul inspirat din via\u021ba fanului de tenis, organizat\u0103 \u00een jurul celor patru mari turnee de Grand Slam, turnee g\u0103zduite de patru ora\u0219e electrice \u0219i cosmopolite. Poart\u0103 cu tine spiritul din Melbourne, Paris, Londra sau New York!","breadcrumb":{"@id":"https:\/\/www.treizecizero.ro\/shop\/produs\/tricou-grand-slam-life-white\/#breadcrumb"},"inLanguage":"ro-RO","potentialAction":[{"@type":"ReadAction","target":["https:\/\/www.treizecizero.ro\/shop\/produs\/tricou-grand-slam-life-white\/"]}]},{"@type":"ImageObject","inLanguage":"ro-RO","@id":"https:\/\/www.treizecizero.ro\/shop\/produs\/tricou-grand-slam-life-white\/#primaryimage","url":"https:\/\/www.treizecizero.ro\/shop\/wp-content\/uploads\/2019\/04\/GS3.jpg","contentUrl":"https:\/\/www.treizecizero.ro\/shop\/wp-content\/uploads\/2019\/04\/GS3.jpg","width":1006,"height":1251},{"@type":"BreadcrumbList","@id":"https:\/\/www.treizecizero.ro\/shop\/produs\/tricou-grand-slam-life-white\/#breadcrumb","itemListElement":[{"@type":"ListItem","position":1,"name":"Prima pagin\u0103","item":"https:\/\/www.treizecizero.ro\/shop\/"},{"@type":"ListItem","position":2,"name":"Magazin","item":"https:\/\/www.treizecizero.ro\/shop\/magazin\/"},{"@type":"ListItem","position":3,"name":"Promo: Tricou Grand Slam Life, White"}]},{"@type":"WebSite","@id":"https:\/\/www.treizecizero.ro\/shop\/#website","url":"https:\/\/www.treizecizero.ro\/shop\/","name":"Shop Treizecizero","description":"","potentialAction":[{"@type":"SearchAction","target":{"@type":"EntryPoint","urlTemplate":"https:\/\/www.treizecizero.ro\/shop\/?s={search_term_string}"},"query-input":{"@type":"PropertyValueSpecification","valueRequired":true,"valueName":"search_term_string"}}],"inLanguage":"ro-RO"}]}},"_links":{"self":[{"href":"https:\/\/www.treizecizero.ro\/shop\/wp-json\/wp\/v2\/product\/4352","targetHints":{"allow":["GET"]}}],"collection":[{"href":"https:\/\/www.treizecizero.ro\/shop\/wp-json\/wp\/v2\/product"}],"about":[{"href":"https:\/\/www.treizecizero.ro\/shop\/wp-json\/wp\/v2\/types\/product"}],"wp:featuredmedia":[{"embeddable":true,"href":"https:\/\/www.treizecizero.ro\/shop\/wp-json\/wp\/v2\/media\/2851"}],"wp:attachment":[{"href":"https:\/\/www.treizecizero.ro\/shop\/wp-json\/wp\/v2\/media?parent=4352"}],"wp:term":[{"taxonomy":"product_brand","embeddable":true,"href":"https:\/\/www.treizecizero.ro\/shop\/wp-json\/wp\/v2\/product_brand?post=4352"},{"taxonomy":"product_cat","embeddable":true,"href":"https:\/\/www.treizecizero.ro\/shop\/wp-json\/wp\/v2\/product_cat?post=4352"},{"taxonomy":"product_tag","embeddable":true,"href":"https:\/\/www.treizecizero.ro\/shop\/wp-json\/wp\/v2\/product_tag?post=4352"}],"curies":[{"name":"wp","href":"https:\/\/api.w.org\/{rel}","templated":true}]}}