{"id":4317,"date":"2019-11-15T00:50:07","date_gmt":"2019-11-14T22:50:07","guid":{"rendered":"https:\/\/www.treizecizero.ro\/shop\/?post_type=product&#038;p=4317"},"modified":"2021-10-11T13:09:16","modified_gmt":"2021-10-11T11:09:16","slug":"tricou-grand-slams-chill-tee-white-lime","status":"publish","type":"product","link":"https:\/\/www.treizecizero.ro\/shop\/produs\/tricou-grand-slams-chill-tee-white-lime\/","title":{"rendered":"Promo: Tricou Grand Slams and Chill Tee, White-Lime"},"content":{"rendered":"<div class=\"descriere-stanga\">\n<p>&nbsp;<\/p>\n<\/div>\n<div class=\"descriere-centru\">\n<h2>Nou tricou de la 30-0<\/h2>\n<p>Ne-a\u021bi cerut un tricou inspirat de titlul de la Wimbledon al Simonei Halep, \u0219i iat\u0103-l! <strong>Grand Slams and Chill<\/strong> e despre ce a c\u00e2\u0219tigat Simona \u0219i cum a c\u00e2\u0219tigat. Inspirat de cel mai popular cuv\u00e2nt al anului \u00een conversa\u021bia despre campioana noastr\u0103,<strong> Grand Slams and Chill <\/strong>este o referin\u021b\u0103 relaxat\u0103 \u0219i, \u00eencep\u00e2nd de acum, mereu valabil\u0103, la o atitudine pe care ne-o dorim cu to\u021bii aplicat\u0103 \u00een via\u021ba de zi cu zi: relaxa\u021bi, dar performan\u021bi. Motiva\u021bi \u0219i implica\u021bi, dar lini\u0219ti\u021bi \u0219i grijulii cu persoana noastr\u0103. Nu e nevoie s\u0103 ne stres\u0103m din toate puterile ca s\u0103 ne atingem obiectivele.<\/p>\n<p><strong>Tricoul Grand Slams and Chill\u00a0<\/strong>are un design ultramodern, e disponibil, de asemenea, \u0219i \u00een variantele <a href=\"https:\/\/www.treizecizero.ro\/shop\/produs\/tricou-treizecizero-grand-slams-chill\/\" target=\"_blank\" rel=\"noopener\">alb cu albastru<\/a> \u0219i <a href=\"https:\/\/www.treizecizero.ro\/shop\/produs\/tricou-grand-slams-chill-tee-white-lime-black\/\" target=\"_blank\" rel=\"noopener\">negru cu lime-green<\/a>. Un design \u00een culori complementare moderne \u0219i puternice \u0219i cu o grafic\u0103 cu typography curly, foarte potrivit\u0103 pentru ideea de &#8222;chill&#8221;.<\/p>\n<h2>M\u0103rimi, culori<\/h2>\n<p>XS (doar feminin)<br \/>\nS (masculin, feminin)<br \/>\nM\u00a0(masculin, feminin)<br \/>\nL (masculin, feminin)<br \/>\nXL (doar masculin)<\/p>\n<p><strong>Culori disponibile pentru aceast\u0103 ofert\u0103:<\/strong> <strong>alb<\/strong> (cu grafic\u0103 lime green\/fucsia).<\/p>\n<p>Pentru <a href=\"https:\/\/www.treizecizero.ro\/shop\/produs\/tricou-treizecizero-grand-slams-chill\/\" target=\"_blank\" rel=\"noopener\"><strong>modelul alb (cu albastru) consulta\u021bi pagina produsului.<\/strong><\/a><\/p>\n<\/div>\n<div class=\"descriere-dreapta\">\n<p>&nbsp;<\/p>\n<p>&nbsp;<\/p>\n<\/div>\n","protected":false},"excerpt":{"rendered":"<div class=\"descriere-centru\">\n<p>Pentru <a href=\"https:\/\/www.treizecizero.ro\/shop\/produs\/tricou-treizecizero-grand-slams-chill\/\" target=\"_blank\" rel=\"noopener\"><strong>modelul alb (cu albastru) consulta\u021bi pagina produsului.<\/strong><\/a><\/p>\n<p>Pentru modelul\u00a0<a href=\"https:\/\/www.treizecizero.ro\/shop\/produs\/tricou-grand-slams-chill-tee-white-lime-black\/\" target=\"_blank\" rel=\"noopener\">negru cu lime-green, consulta\u021bi pagina produsului.<\/a><\/p>\n<\/div>\n<div class=\"descriere-dreapta\">\n<p>&nbsp;<\/p>\n<\/div>\n","protected":false},"featured_media":3516,"template":"","meta":{"_acf_changed":false},"product_brand":[],"product_cat":[82,19],"product_tag":[],"class_list":{"0":"post-4317","1":"product","2":"type-product","3":"status-publish","4":"has-post-thumbnail","6":"product_cat-exclus","7":"product_cat-tricouri-tenis","9":"first","10":"instock","11":"sale","12":"shipping-taxable","13":"purchasable","14":"product-type-variable"},"acf":[],"yoast_head":"<!-- This site is optimized with the Yoast SEO plugin v25.4 - https:\/\/yoast.com\/wordpress\/plugins\/seo\/ -->\n<title>Tricou Grand Slams and Chill Tee, White-Lime &amp; Black<\/title>\n<meta name=\"description\" content=\"Ne-a\u021bi cerut un tricou inspirat de titlul de la Wimbledon al Simonei Halep, \u0219i iat\u0103-l! Grand Slams and Chill e despre ce a c\u00e2\u0219tigat Simona \u0219i cum a c\u00e2\u0219tigat. E inspirat de cel mai popular cuv\u00e2nt al anului \u00een conversa\u021bia despre campioana noastr\u0103.\" \/>\n<meta name=\"robots\" content=\"index, follow, max-snippet:-1, max-image-preview:large, max-video-preview:-1\" \/>\n<link rel=\"canonical\" href=\"https:\/\/www.treizecizero.ro\/shop\/produs\/tricou-grand-slams-chill-tee-white-lime\/\" \/>\n<meta property=\"og:locale\" content=\"ro_RO\" \/>\n<meta property=\"og:type\" content=\"article\" \/>\n<meta property=\"og:title\" content=\"Tricou Grand Slams and Chill Tee, White-Lime &amp; Black\" \/>\n<meta property=\"og:description\" content=\"Ne-a\u021bi cerut un tricou inspirat de titlul de la Wimbledon al Simonei Halep, \u0219i iat\u0103-l! Grand Slams and Chill e despre ce a c\u00e2\u0219tigat Simona \u0219i cum a c\u00e2\u0219tigat. E inspirat de cel mai popular cuv\u00e2nt al anului \u00een conversa\u021bia despre campioana noastr\u0103.\" \/>\n<meta property=\"og:url\" content=\"https:\/\/www.treizecizero.ro\/shop\/produs\/tricou-grand-slams-chill-tee-white-lime\/\" \/>\n<meta property=\"og:site_name\" content=\"Shop Treizecizero\" \/>\n<meta property=\"article:modified_time\" content=\"2021-10-11T11:09:16+00:00\" \/>\n<meta property=\"og:image\" content=\"https:\/\/www.treizecizero.ro\/shop\/wp-content\/uploads\/2019\/07\/tricou-girl-grand-slam.jpg\" \/>\n\t<meta property=\"og:image:width\" content=\"3377\" \/>\n\t<meta property=\"og:image:height\" content=\"3981\" \/>\n\t<meta property=\"og:image:type\" content=\"image\/jpeg\" \/>\n<meta name=\"twitter:card\" content=\"summary_large_image\" \/>\n<meta name=\"twitter:label1\" content=\"Timp estimat pentru citire\" \/>\n\t<meta name=\"twitter:data1\" content=\"1 minut\" \/>\n<script type=\"application\/ld+json\" class=\"yoast-schema-graph\">{\"@context\":\"https:\/\/schema.org\",\"@graph\":[{\"@type\":\"WebPage\",\"@id\":\"https:\/\/www.treizecizero.ro\/shop\/produs\/tricou-grand-slams-chill-tee-white-lime\/\",\"url\":\"https:\/\/www.treizecizero.ro\/shop\/produs\/tricou-grand-slams-chill-tee-white-lime\/\",\"name\":\"Tricou Grand Slams and Chill Tee, White-Lime & Black\",\"isPartOf\":{\"@id\":\"https:\/\/www.treizecizero.ro\/shop\/#website\"},\"primaryImageOfPage\":{\"@id\":\"https:\/\/www.treizecizero.ro\/shop\/produs\/tricou-grand-slams-chill-tee-white-lime\/#primaryimage\"},\"image\":{\"@id\":\"https:\/\/www.treizecizero.ro\/shop\/produs\/tricou-grand-slams-chill-tee-white-lime\/#primaryimage\"},\"thumbnailUrl\":\"https:\/\/www.treizecizero.ro\/shop\/wp-content\/uploads\/2019\/07\/tricou-girl-grand-slam-scaled.jpg\",\"datePublished\":\"2019-11-14T22:50:07+00:00\",\"dateModified\":\"2021-10-11T11:09:16+00:00\",\"description\":\"Ne-a\u021bi cerut un tricou inspirat de titlul de la Wimbledon al Simonei Halep, \u0219i iat\u0103-l! Grand Slams and Chill e despre ce a c\u00e2\u0219tigat Simona \u0219i cum a c\u00e2\u0219tigat. E inspirat de cel mai popular cuv\u00e2nt al anului \u00een conversa\u021bia despre campioana noastr\u0103.\",\"breadcrumb\":{\"@id\":\"https:\/\/www.treizecizero.ro\/shop\/produs\/tricou-grand-slams-chill-tee-white-lime\/#breadcrumb\"},\"inLanguage\":\"ro-RO\",\"potentialAction\":[{\"@type\":\"ReadAction\",\"target\":[\"https:\/\/www.treizecizero.ro\/shop\/produs\/tricou-grand-slams-chill-tee-white-lime\/\"]}]},{\"@type\":\"ImageObject\",\"inLanguage\":\"ro-RO\",\"@id\":\"https:\/\/www.treizecizero.ro\/shop\/produs\/tricou-grand-slams-chill-tee-white-lime\/#primaryimage\",\"url\":\"https:\/\/www.treizecizero.ro\/shop\/wp-content\/uploads\/2019\/07\/tricou-girl-grand-slam-scaled.jpg\",\"contentUrl\":\"https:\/\/www.treizecizero.ro\/shop\/wp-content\/uploads\/2019\/07\/tricou-girl-grand-slam-scaled.jpg\",\"width\":2172,\"height\":2560},{\"@type\":\"BreadcrumbList\",\"@id\":\"https:\/\/www.treizecizero.ro\/shop\/produs\/tricou-grand-slams-chill-tee-white-lime\/#breadcrumb\",\"itemListElement\":[{\"@type\":\"ListItem\",\"position\":1,\"name\":\"Prima pagin\u0103\",\"item\":\"https:\/\/www.treizecizero.ro\/shop\/\"},{\"@type\":\"ListItem\",\"position\":2,\"name\":\"Magazin\",\"item\":\"https:\/\/www.treizecizero.ro\/shop\/magazin\/\"},{\"@type\":\"ListItem\",\"position\":3,\"name\":\"Promo: Tricou Grand Slams and Chill Tee, White-Lime\"}]},{\"@type\":\"WebSite\",\"@id\":\"https:\/\/www.treizecizero.ro\/shop\/#website\",\"url\":\"https:\/\/www.treizecizero.ro\/shop\/\",\"name\":\"Shop Treizecizero\",\"description\":\"\",\"potentialAction\":[{\"@type\":\"SearchAction\",\"target\":{\"@type\":\"EntryPoint\",\"urlTemplate\":\"https:\/\/www.treizecizero.ro\/shop\/?s={search_term_string}\"},\"query-input\":{\"@type\":\"PropertyValueSpecification\",\"valueRequired\":true,\"valueName\":\"search_term_string\"}}],\"inLanguage\":\"ro-RO\"}]}<\/script>\n<!-- \/ Yoast SEO plugin. -->","yoast_head_json":{"title":"Tricou Grand Slams and Chill Tee, White-Lime & Black","description":"Ne-a\u021bi cerut un tricou inspirat de titlul de la Wimbledon al Simonei Halep, \u0219i iat\u0103-l! Grand Slams and Chill e despre ce a c\u00e2\u0219tigat Simona \u0219i cum a c\u00e2\u0219tigat. E inspirat de cel mai popular cuv\u00e2nt al anului \u00een conversa\u021bia despre campioana noastr\u0103.","robots":{"index":"index","follow":"follow","max-snippet":"max-snippet:-1","max-image-preview":"max-image-preview:large","max-video-preview":"max-video-preview:-1"},"canonical":"https:\/\/www.treizecizero.ro\/shop\/produs\/tricou-grand-slams-chill-tee-white-lime\/","og_locale":"ro_RO","og_type":"article","og_title":"Tricou Grand Slams and Chill Tee, White-Lime & Black","og_description":"Ne-a\u021bi cerut un tricou inspirat de titlul de la Wimbledon al Simonei Halep, \u0219i iat\u0103-l! Grand Slams and Chill e despre ce a c\u00e2\u0219tigat Simona \u0219i cum a c\u00e2\u0219tigat. E inspirat de cel mai popular cuv\u00e2nt al anului \u00een conversa\u021bia despre campioana noastr\u0103.","og_url":"https:\/\/www.treizecizero.ro\/shop\/produs\/tricou-grand-slams-chill-tee-white-lime\/","og_site_name":"Shop Treizecizero","article_modified_time":"2021-10-11T11:09:16+00:00","og_image":[{"width":3377,"height":3981,"url":"https:\/\/www.treizecizero.ro\/shop\/wp-content\/uploads\/2019\/07\/tricou-girl-grand-slam.jpg","type":"image\/jpeg"}],"twitter_card":"summary_large_image","twitter_misc":{"Timp estimat pentru citire":"1 minut"},"schema":{"@context":"https:\/\/schema.org","@graph":[{"@type":"WebPage","@id":"https:\/\/www.treizecizero.ro\/shop\/produs\/tricou-grand-slams-chill-tee-white-lime\/","url":"https:\/\/www.treizecizero.ro\/shop\/produs\/tricou-grand-slams-chill-tee-white-lime\/","name":"Tricou Grand Slams and Chill Tee, White-Lime & Black","isPartOf":{"@id":"https:\/\/www.treizecizero.ro\/shop\/#website"},"primaryImageOfPage":{"@id":"https:\/\/www.treizecizero.ro\/shop\/produs\/tricou-grand-slams-chill-tee-white-lime\/#primaryimage"},"image":{"@id":"https:\/\/www.treizecizero.ro\/shop\/produs\/tricou-grand-slams-chill-tee-white-lime\/#primaryimage"},"thumbnailUrl":"https:\/\/www.treizecizero.ro\/shop\/wp-content\/uploads\/2019\/07\/tricou-girl-grand-slam-scaled.jpg","datePublished":"2019-11-14T22:50:07+00:00","dateModified":"2021-10-11T11:09:16+00:00","description":"Ne-a\u021bi cerut un tricou inspirat de titlul de la Wimbledon al Simonei Halep, \u0219i iat\u0103-l! Grand Slams and Chill e despre ce a c\u00e2\u0219tigat Simona \u0219i cum a c\u00e2\u0219tigat. E inspirat de cel mai popular cuv\u00e2nt al anului \u00een conversa\u021bia despre campioana noastr\u0103.","breadcrumb":{"@id":"https:\/\/www.treizecizero.ro\/shop\/produs\/tricou-grand-slams-chill-tee-white-lime\/#breadcrumb"},"inLanguage":"ro-RO","potentialAction":[{"@type":"ReadAction","target":["https:\/\/www.treizecizero.ro\/shop\/produs\/tricou-grand-slams-chill-tee-white-lime\/"]}]},{"@type":"ImageObject","inLanguage":"ro-RO","@id":"https:\/\/www.treizecizero.ro\/shop\/produs\/tricou-grand-slams-chill-tee-white-lime\/#primaryimage","url":"https:\/\/www.treizecizero.ro\/shop\/wp-content\/uploads\/2019\/07\/tricou-girl-grand-slam-scaled.jpg","contentUrl":"https:\/\/www.treizecizero.ro\/shop\/wp-content\/uploads\/2019\/07\/tricou-girl-grand-slam-scaled.jpg","width":2172,"height":2560},{"@type":"BreadcrumbList","@id":"https:\/\/www.treizecizero.ro\/shop\/produs\/tricou-grand-slams-chill-tee-white-lime\/#breadcrumb","itemListElement":[{"@type":"ListItem","position":1,"name":"Prima pagin\u0103","item":"https:\/\/www.treizecizero.ro\/shop\/"},{"@type":"ListItem","position":2,"name":"Magazin","item":"https:\/\/www.treizecizero.ro\/shop\/magazin\/"},{"@type":"ListItem","position":3,"name":"Promo: Tricou Grand Slams and Chill Tee, White-Lime"}]},{"@type":"WebSite","@id":"https:\/\/www.treizecizero.ro\/shop\/#website","url":"https:\/\/www.treizecizero.ro\/shop\/","name":"Shop Treizecizero","description":"","potentialAction":[{"@type":"SearchAction","target":{"@type":"EntryPoint","urlTemplate":"https:\/\/www.treizecizero.ro\/shop\/?s={search_term_string}"},"query-input":{"@type":"PropertyValueSpecification","valueRequired":true,"valueName":"search_term_string"}}],"inLanguage":"ro-RO"}]}},"_links":{"self":[{"href":"https:\/\/www.treizecizero.ro\/shop\/wp-json\/wp\/v2\/product\/4317","targetHints":{"allow":["GET"]}}],"collection":[{"href":"https:\/\/www.treizecizero.ro\/shop\/wp-json\/wp\/v2\/product"}],"about":[{"href":"https:\/\/www.treizecizero.ro\/shop\/wp-json\/wp\/v2\/types\/product"}],"wp:featuredmedia":[{"embeddable":true,"href":"https:\/\/www.treizecizero.ro\/shop\/wp-json\/wp\/v2\/media\/3516"}],"wp:attachment":[{"href":"https:\/\/www.treizecizero.ro\/shop\/wp-json\/wp\/v2\/media?parent=4317"}],"wp:term":[{"taxonomy":"product_brand","embeddable":true,"href":"https:\/\/www.treizecizero.ro\/shop\/wp-json\/wp\/v2\/product_brand?post=4317"},{"taxonomy":"product_cat","embeddable":true,"href":"https:\/\/www.treizecizero.ro\/shop\/wp-json\/wp\/v2\/product_cat?post=4317"},{"taxonomy":"product_tag","embeddable":true,"href":"https:\/\/www.treizecizero.ro\/shop\/wp-json\/wp\/v2\/product_tag?post=4317"}],"curies":[{"name":"wp","href":"https:\/\/api.w.org\/{rel}","templated":true}]}}