{"id":4059,"date":"2019-10-01T16:14:03","date_gmt":"2019-10-01T14:14:03","guid":{"rendered":"https:\/\/www.treizecizero.ro\/shop\/?post_type=product&#038;p=4059"},"modified":"2020-11-25T16:06:10","modified_gmt":"2020-11-25T14:06:10","slug":"tricou-grand-slams-chill-tee-white-lime-black","status":"publish","type":"product","link":"https:\/\/www.treizecizero.ro\/shop\/produs\/tricou-grand-slams-chill-tee-white-lime-black\/","title":{"rendered":"Tricou Grand Slams and Chill Tee,  Black"},"content":{"rendered":"<div class=\"descriere-stanga\">\n<p>&nbsp;<\/p>\n<\/div>\n<div class=\"descriere-centru\">\n<h2>Nou tricou de la 30-0<\/h2>\n<p>Ne-a\u021bi cerut un tricou inspirat de titlul de la Wimbledon al Simonei Halep, \u0219i iat\u0103-l! <strong>Grand Slams and Chill<\/strong> e despre ce a c\u00e2\u0219tigat Simona \u0219i cum a c\u00e2\u0219tigat. Inspirat de cel mai popular cuv\u00e2nt al anului \u00een conversa\u021bia despre campioana noastr\u0103,<strong> Grand Slams and Chill <\/strong>este o referin\u021b\u0103 relaxat\u0103 \u0219i, \u00eencep\u00e2nd de acum, mereu valabil\u0103, la o atitudine pe care ne-o dorim cu to\u021bii aplicat\u0103 \u00een via\u021ba de zi cu zi: relaxa\u021bi, dar performan\u021bi. Motiva\u021bi \u0219i implica\u021bi, dar lini\u0219ti\u021bi \u0219i grijulii cu persoana noastr\u0103. Nu e nevoie s\u0103 ne stres\u0103m din toate puterile ca s\u0103 ne atingem obiectivele.<\/p>\n<p><strong>Tricoul Grand Slams and Chill\u00a0<\/strong>are un design ultramodern, e disponibil pe alb \u0219i pe negru, cu un design \u00een culori complementare moderne \u0219i puternice \u0219i cu o grafic\u0103 cu typography curly, foarte potrivit\u0103 pentru ideea de &#8222;chill&#8221;.<\/p>\n<h2>M\u0103rimi, culori<\/h2>\n<p>XS (doar feminin)<br \/>\nS (masculin, feminin)<br \/>\nM\u00a0(masculin, feminin)<br \/>\nL (masculin, feminin)<br \/>\nXL (doar masculin)<\/p>\n<p><strong>Culori disponibile pentru aceast\u0103 ofert\u0103:<\/strong> <strong>negru<\/strong> (cu grafic\u0103 lime green \/ fucsia).<\/p>\n<p>Pentru <a href=\"https:\/\/www.treizecizero.ro\/shop\/produs\/tricou-treizecizero-grand-slams-chill\/\" target=\"_blank\" rel=\"noopener\"><strong>modelul alb cu albastru, consulta\u021bi pagina produsului.<\/strong><\/a><\/p>\n<\/div>\n<div class=\"descriere-dreapta\">\n<p><strong>Pentru <a href=\"https:\/\/www.treizecizero.ro\/shop\/produs\/tricou-grand-slams-chill-tee-white-lime\/\" target=\"_blank\" rel=\"noopener\">modelul alb\u00a0cu grafic\u0103 lime green\/fucsia, consulta\u021bi pagina produsului.<\/a><\/strong><\/p>\n<p>&nbsp;<\/p>\n<\/div>\n","protected":false},"excerpt":{"rendered":"<p>&nbsp; Nou tricou de la 30-0 Ne-a\u021bi cerut un tricou inspirat de titlul de la Wimbledon al Simonei Halep, \u0219i iat\u0103-l! Grand Slams and Chill e despre ce a c\u00e2\u0219tigat Simona \u0219i cum a c\u00e2\u0219tigat. Inspirat de cel mai popular cuv\u00e2nt al anului \u00een conversa\u021bia despre campioana noastr\u0103, Grand Slams and Chill este o referin\u021b\u0103 [&hellip;]<\/p>\n","protected":false},"featured_media":3793,"template":"","meta":{"_acf_changed":false},"product_brand":[],"product_cat":[19],"product_tag":[],"class_list":{"0":"post-4059","1":"product","2":"type-product","3":"status-publish","4":"has-post-thumbnail","6":"product_cat-tricouri-tenis","8":"first","9":"instock","10":"shipping-taxable","11":"purchasable","12":"product-type-variable"},"acf":[],"yoast_head":"<!-- This site is optimized with the Yoast SEO plugin v25.4 - https:\/\/yoast.com\/wordpress\/plugins\/seo\/ -->\n<title>Tricou Grand Slams and Chill Tee, White-Lime &amp; Black<\/title>\n<meta name=\"description\" content=\"Ne-a\u021bi cerut un tricou inspirat de titlul de la Wimbledon al Simonei Halep, \u0219i iat\u0103-l! Grand Slams and Chill e despre ce a c\u00e2\u0219tigat Simona \u0219i cum a c\u00e2\u0219tigat. E inspirat de cel mai popular cuv\u00e2nt al anului \u00een conversa\u021bia despre campioana noastr\u0103.\" \/>\n<meta name=\"robots\" content=\"index, follow, max-snippet:-1, max-image-preview:large, max-video-preview:-1\" \/>\n<link rel=\"canonical\" href=\"https:\/\/www.treizecizero.ro\/shop\/produs\/tricou-grand-slams-chill-tee-white-lime-black\/\" \/>\n<meta property=\"og:locale\" content=\"ro_RO\" \/>\n<meta property=\"og:type\" content=\"article\" \/>\n<meta property=\"og:title\" content=\"Tricou Grand Slams and Chill Tee, White-Lime &amp; Black\" \/>\n<meta property=\"og:description\" content=\"Ne-a\u021bi cerut un tricou inspirat de titlul de la Wimbledon al Simonei Halep, \u0219i iat\u0103-l! Grand Slams and Chill e despre ce a c\u00e2\u0219tigat Simona \u0219i cum a c\u00e2\u0219tigat. E inspirat de cel mai popular cuv\u00e2nt al anului \u00een conversa\u021bia despre campioana noastr\u0103.\" \/>\n<meta property=\"og:url\" content=\"https:\/\/www.treizecizero.ro\/shop\/produs\/tricou-grand-slams-chill-tee-white-lime-black\/\" \/>\n<meta property=\"og:site_name\" content=\"Shop Treizecizero\" \/>\n<meta property=\"article:modified_time\" content=\"2020-11-25T14:06:10+00:00\" \/>\n<meta property=\"og:image\" content=\"https:\/\/www.treizecizero.ro\/shop\/wp-content\/uploads\/2019\/09\/Grand-Slam-Chill-Totebag.jpg\" \/>\n\t<meta property=\"og:image:width\" content=\"2000\" \/>\n\t<meta property=\"og:image:height\" content=\"3000\" \/>\n\t<meta property=\"og:image:type\" content=\"image\/jpeg\" \/>\n<meta name=\"twitter:card\" content=\"summary_large_image\" \/>\n<meta name=\"twitter:label1\" content=\"Timp estimat pentru citire\" \/>\n\t<meta name=\"twitter:data1\" content=\"1 minut\" \/>\n<script type=\"application\/ld+json\" class=\"yoast-schema-graph\">{\"@context\":\"https:\/\/schema.org\",\"@graph\":[{\"@type\":\"WebPage\",\"@id\":\"https:\/\/www.treizecizero.ro\/shop\/produs\/tricou-grand-slams-chill-tee-white-lime-black\/\",\"url\":\"https:\/\/www.treizecizero.ro\/shop\/produs\/tricou-grand-slams-chill-tee-white-lime-black\/\",\"name\":\"Tricou Grand Slams and Chill Tee, White-Lime & Black\",\"isPartOf\":{\"@id\":\"https:\/\/www.treizecizero.ro\/shop\/#website\"},\"primaryImageOfPage\":{\"@id\":\"https:\/\/www.treizecizero.ro\/shop\/produs\/tricou-grand-slams-chill-tee-white-lime-black\/#primaryimage\"},\"image\":{\"@id\":\"https:\/\/www.treizecizero.ro\/shop\/produs\/tricou-grand-slams-chill-tee-white-lime-black\/#primaryimage\"},\"thumbnailUrl\":\"https:\/\/www.treizecizero.ro\/shop\/wp-content\/uploads\/2019\/09\/Grand-Slam-Chill-Totebag-scaled.jpg\",\"datePublished\":\"2019-10-01T14:14:03+00:00\",\"dateModified\":\"2020-11-25T14:06:10+00:00\",\"description\":\"Ne-a\u021bi cerut un tricou inspirat de titlul de la Wimbledon al Simonei Halep, \u0219i iat\u0103-l! Grand Slams and Chill e despre ce a c\u00e2\u0219tigat Simona \u0219i cum a c\u00e2\u0219tigat. E inspirat de cel mai popular cuv\u00e2nt al anului \u00een conversa\u021bia despre campioana noastr\u0103.\",\"breadcrumb\":{\"@id\":\"https:\/\/www.treizecizero.ro\/shop\/produs\/tricou-grand-slams-chill-tee-white-lime-black\/#breadcrumb\"},\"inLanguage\":\"ro-RO\",\"potentialAction\":[{\"@type\":\"ReadAction\",\"target\":[\"https:\/\/www.treizecizero.ro\/shop\/produs\/tricou-grand-slams-chill-tee-white-lime-black\/\"]}]},{\"@type\":\"ImageObject\",\"inLanguage\":\"ro-RO\",\"@id\":\"https:\/\/www.treizecizero.ro\/shop\/produs\/tricou-grand-slams-chill-tee-white-lime-black\/#primaryimage\",\"url\":\"https:\/\/www.treizecizero.ro\/shop\/wp-content\/uploads\/2019\/09\/Grand-Slam-Chill-Totebag-scaled.jpg\",\"contentUrl\":\"https:\/\/www.treizecizero.ro\/shop\/wp-content\/uploads\/2019\/09\/Grand-Slam-Chill-Totebag-scaled.jpg\",\"width\":1707,\"height\":2560},{\"@type\":\"BreadcrumbList\",\"@id\":\"https:\/\/www.treizecizero.ro\/shop\/produs\/tricou-grand-slams-chill-tee-white-lime-black\/#breadcrumb\",\"itemListElement\":[{\"@type\":\"ListItem\",\"position\":1,\"name\":\"Prima pagin\u0103\",\"item\":\"https:\/\/www.treizecizero.ro\/shop\/\"},{\"@type\":\"ListItem\",\"position\":2,\"name\":\"Magazin\",\"item\":\"https:\/\/www.treizecizero.ro\/shop\/magazin\/\"},{\"@type\":\"ListItem\",\"position\":3,\"name\":\"Tricou Grand Slams and Chill Tee, Black\"}]},{\"@type\":\"WebSite\",\"@id\":\"https:\/\/www.treizecizero.ro\/shop\/#website\",\"url\":\"https:\/\/www.treizecizero.ro\/shop\/\",\"name\":\"Shop Treizecizero\",\"description\":\"\",\"potentialAction\":[{\"@type\":\"SearchAction\",\"target\":{\"@type\":\"EntryPoint\",\"urlTemplate\":\"https:\/\/www.treizecizero.ro\/shop\/?s={search_term_string}\"},\"query-input\":{\"@type\":\"PropertyValueSpecification\",\"valueRequired\":true,\"valueName\":\"search_term_string\"}}],\"inLanguage\":\"ro-RO\"}]}<\/script>\n<!-- \/ Yoast SEO plugin. -->","yoast_head_json":{"title":"Tricou Grand Slams and Chill Tee, White-Lime & Black","description":"Ne-a\u021bi cerut un tricou inspirat de titlul de la Wimbledon al Simonei Halep, \u0219i iat\u0103-l! Grand Slams and Chill e despre ce a c\u00e2\u0219tigat Simona \u0219i cum a c\u00e2\u0219tigat. E inspirat de cel mai popular cuv\u00e2nt al anului \u00een conversa\u021bia despre campioana noastr\u0103.","robots":{"index":"index","follow":"follow","max-snippet":"max-snippet:-1","max-image-preview":"max-image-preview:large","max-video-preview":"max-video-preview:-1"},"canonical":"https:\/\/www.treizecizero.ro\/shop\/produs\/tricou-grand-slams-chill-tee-white-lime-black\/","og_locale":"ro_RO","og_type":"article","og_title":"Tricou Grand Slams and Chill Tee, White-Lime & Black","og_description":"Ne-a\u021bi cerut un tricou inspirat de titlul de la Wimbledon al Simonei Halep, \u0219i iat\u0103-l! Grand Slams and Chill e despre ce a c\u00e2\u0219tigat Simona \u0219i cum a c\u00e2\u0219tigat. E inspirat de cel mai popular cuv\u00e2nt al anului \u00een conversa\u021bia despre campioana noastr\u0103.","og_url":"https:\/\/www.treizecizero.ro\/shop\/produs\/tricou-grand-slams-chill-tee-white-lime-black\/","og_site_name":"Shop Treizecizero","article_modified_time":"2020-11-25T14:06:10+00:00","og_image":[{"width":2000,"height":3000,"url":"https:\/\/www.treizecizero.ro\/shop\/wp-content\/uploads\/2019\/09\/Grand-Slam-Chill-Totebag.jpg","type":"image\/jpeg"}],"twitter_card":"summary_large_image","twitter_misc":{"Timp estimat pentru citire":"1 minut"},"schema":{"@context":"https:\/\/schema.org","@graph":[{"@type":"WebPage","@id":"https:\/\/www.treizecizero.ro\/shop\/produs\/tricou-grand-slams-chill-tee-white-lime-black\/","url":"https:\/\/www.treizecizero.ro\/shop\/produs\/tricou-grand-slams-chill-tee-white-lime-black\/","name":"Tricou Grand Slams and Chill Tee, White-Lime & Black","isPartOf":{"@id":"https:\/\/www.treizecizero.ro\/shop\/#website"},"primaryImageOfPage":{"@id":"https:\/\/www.treizecizero.ro\/shop\/produs\/tricou-grand-slams-chill-tee-white-lime-black\/#primaryimage"},"image":{"@id":"https:\/\/www.treizecizero.ro\/shop\/produs\/tricou-grand-slams-chill-tee-white-lime-black\/#primaryimage"},"thumbnailUrl":"https:\/\/www.treizecizero.ro\/shop\/wp-content\/uploads\/2019\/09\/Grand-Slam-Chill-Totebag-scaled.jpg","datePublished":"2019-10-01T14:14:03+00:00","dateModified":"2020-11-25T14:06:10+00:00","description":"Ne-a\u021bi cerut un tricou inspirat de titlul de la Wimbledon al Simonei Halep, \u0219i iat\u0103-l! Grand Slams and Chill e despre ce a c\u00e2\u0219tigat Simona \u0219i cum a c\u00e2\u0219tigat. E inspirat de cel mai popular cuv\u00e2nt al anului \u00een conversa\u021bia despre campioana noastr\u0103.","breadcrumb":{"@id":"https:\/\/www.treizecizero.ro\/shop\/produs\/tricou-grand-slams-chill-tee-white-lime-black\/#breadcrumb"},"inLanguage":"ro-RO","potentialAction":[{"@type":"ReadAction","target":["https:\/\/www.treizecizero.ro\/shop\/produs\/tricou-grand-slams-chill-tee-white-lime-black\/"]}]},{"@type":"ImageObject","inLanguage":"ro-RO","@id":"https:\/\/www.treizecizero.ro\/shop\/produs\/tricou-grand-slams-chill-tee-white-lime-black\/#primaryimage","url":"https:\/\/www.treizecizero.ro\/shop\/wp-content\/uploads\/2019\/09\/Grand-Slam-Chill-Totebag-scaled.jpg","contentUrl":"https:\/\/www.treizecizero.ro\/shop\/wp-content\/uploads\/2019\/09\/Grand-Slam-Chill-Totebag-scaled.jpg","width":1707,"height":2560},{"@type":"BreadcrumbList","@id":"https:\/\/www.treizecizero.ro\/shop\/produs\/tricou-grand-slams-chill-tee-white-lime-black\/#breadcrumb","itemListElement":[{"@type":"ListItem","position":1,"name":"Prima pagin\u0103","item":"https:\/\/www.treizecizero.ro\/shop\/"},{"@type":"ListItem","position":2,"name":"Magazin","item":"https:\/\/www.treizecizero.ro\/shop\/magazin\/"},{"@type":"ListItem","position":3,"name":"Tricou Grand Slams and Chill Tee, Black"}]},{"@type":"WebSite","@id":"https:\/\/www.treizecizero.ro\/shop\/#website","url":"https:\/\/www.treizecizero.ro\/shop\/","name":"Shop Treizecizero","description":"","potentialAction":[{"@type":"SearchAction","target":{"@type":"EntryPoint","urlTemplate":"https:\/\/www.treizecizero.ro\/shop\/?s={search_term_string}"},"query-input":{"@type":"PropertyValueSpecification","valueRequired":true,"valueName":"search_term_string"}}],"inLanguage":"ro-RO"}]}},"_links":{"self":[{"href":"https:\/\/www.treizecizero.ro\/shop\/wp-json\/wp\/v2\/product\/4059","targetHints":{"allow":["GET"]}}],"collection":[{"href":"https:\/\/www.treizecizero.ro\/shop\/wp-json\/wp\/v2\/product"}],"about":[{"href":"https:\/\/www.treizecizero.ro\/shop\/wp-json\/wp\/v2\/types\/product"}],"wp:featuredmedia":[{"embeddable":true,"href":"https:\/\/www.treizecizero.ro\/shop\/wp-json\/wp\/v2\/media\/3793"}],"wp:attachment":[{"href":"https:\/\/www.treizecizero.ro\/shop\/wp-json\/wp\/v2\/media?parent=4059"}],"wp:term":[{"taxonomy":"product_brand","embeddable":true,"href":"https:\/\/www.treizecizero.ro\/shop\/wp-json\/wp\/v2\/product_brand?post=4059"},{"taxonomy":"product_cat","embeddable":true,"href":"https:\/\/www.treizecizero.ro\/shop\/wp-json\/wp\/v2\/product_cat?post=4059"},{"taxonomy":"product_tag","embeddable":true,"href":"https:\/\/www.treizecizero.ro\/shop\/wp-json\/wp\/v2\/product_tag?post=4059"}],"curies":[{"name":"wp","href":"https:\/\/api.w.org\/{rel}","templated":true}]}}