{"id":3889,"date":"2019-09-27T02:20:32","date_gmt":"2019-09-27T00:20:32","guid":{"rendered":"https:\/\/www.treizecizero.ro\/shop\/?post_type=product&#038;p=3889"},"modified":"2026-02-15T19:52:54","modified_gmt":"2026-02-15T17:52:54","slug":"sox-30-0-4-pack","status":"publish","type":"product","link":"https:\/\/www.treizecizero.ro\/shop\/produs\/sox-30-0-4-pack\/","title":{"rendered":"Sox 30-0. 4 Pack"},"content":{"rendered":"<div class=\"descriere-stanga\">\n<h2>30-0 Sox sunt aici!<\/h2>\n<p>Cea mai nou\u0103 idee de la 30-0 este gata s\u0103-\u021bi coloreze via\u021ba.<\/p>\n<p>Suntem nemaipomenit de \u00eenc\u00e2nta\u021bi s\u0103 v\u0103 prezent\u0103m <strong>30-0 Sox<\/strong>, \u0219osete cu inspira\u021bie din tenis, f\u0103cute cu pasiune de Treizecizero.<\/p>\n<p>Cu un design \u00eendr\u0103zne\u021b \u0219i dinamic, culori vibrante \u0219i energice, \u0219osetele 30-0 vor l\u0103sa cu siguran\u021b\u0103 o impresie \u0219i te vor \u00eenc\u0103rca de bun\u0103 dispozi\u021bie. Preg\u0103te\u0219te-te s\u0103 te \u00eencal\u021bi colorat \u0219i las\u0103-te pe m\u00e2na noastr\u0103, pentru c\u0103 o s\u0103 ne asigur\u0103m c\u0103 nu te vei mai plictisi de \u0219osetele tale!<\/p>\n<p>30-0 Sox sunt fabricate \u00een Rom\u00e2nia. Am combinat energia \u0219i ideile noastre cu cei 90 de ani de experien\u021b\u0103 ai partenerilor no\u0219tri pentru a v\u0103 aduce un produs care s\u0103 v\u0103 bucure.<\/p>\n<\/div>\n<div class=\"descriere-centru\">\n<h2>Produs<\/h2>\n<p>30-0 Sox. 4 Pack.<\/p>\n<p>Culori: galben, albastru<\/p>\n<p>Produsul 4 Pack cuprinde patru<em>\u00a0perechi de \u0219osete<\/em>: <a href=\"https:\/\/www.treizecizero.ro\/shop\/produs\/sox-30-0-terenul\/\" target=\"_blank\" rel=\"noopener\">Terenul<\/a>, <a href=\"https:\/\/www.treizecizero.ro\/shop\/produs\/sox-30-0-inghetata\/\" target=\"_blank\" rel=\"noopener\">\u00cenghe\u021bata<\/a>, <a href=\"https:\/\/www.treizecizero.ro\/shop\/produs\/sox-30-0-smiley-racquets\/\" target=\"_blank\" rel=\"noopener\">Smiley Racquets<\/a>, <a href=\"https:\/\/www.treizecizero.ro\/shop\/produs\/sox-30-0-oua-ochiuri\/\" target=\"_blank\" rel=\"noopener\">Ou\u0103 ochiuri<\/a>. Cu pachetul 4 Pack ai o variant\u0103 mai profitabil\u0103 de a-\u021bi lua toate cele patru modele, la un pre\u021b care \u00ee\u021bi ofer\u0103, practic, o pereche gratis!<\/p>\n<p>Ofert\u0103 limitat\u0103.<\/p>\n<p>&nbsp;<\/p>\n<h2>Detalii tehnice<\/h2>\n<p><strong>Ghid de m\u0103rimi.<\/strong> \u0218osetele sunt disponibile \u00een dou\u0103 m\u0103rimi unisex: 38-40 \u0219i 41-45. Selecteaz\u0103 m\u0103rimea dorit\u0103 atunci c\u00e2nd plasezi comanda.<\/p>\n<p><strong>Detaliile produsului:<\/strong> compozi\u021bie 78 la sut\u0103 bumbac piept\u0103nat, 21 la sut\u0103 poliamid\u0103, 1 la sut\u0103 elastan<\/p>\n<\/div>\n<div class=\"descriere-dreapta\">\n<h2>Detalii despre comand\u0103, livrare \u0219i expedi\u021bie<\/h2>\n<p>Transportul este gratuit \u00een Rom\u00e2nia dac\u0103 comanda total\u0103 din Shop este de minimum 190 de lei. Altfel, o tax\u0103 de transport de 10 lei se adaug\u0103 costului total.<\/p>\n<\/div>\n","protected":false},"excerpt":{"rendered":"<p>Produsul 4 Pack cuprinde patru<em>\u00a0perechi de \u0219osete<\/em>: <a href=\"https:\/\/www.treizecizero.ro\/shop\/produs\/sox-30-0-terenul\/\" target=\"_blank\" rel=\"noopener\">Terenul<\/a>, <a href=\"https:\/\/www.treizecizero.ro\/shop\/produs\/sox-30-0-inghetata\/\" target=\"_blank\" rel=\"noopener\">\u00cenghe\u021bata<\/a>, <a href=\"https:\/\/www.treizecizero.ro\/shop\/produs\/sox-30-0-smiley-racquets\/\" target=\"_blank\" rel=\"noopener\">Smiley Racquets<\/a>, <a href=\"https:\/\/www.treizecizero.ro\/shop\/produs\/sox-30-0-oua-ochiuri\/\" target=\"_blank\" rel=\"noopener\">Ou\u0103 ochiuri<\/a>. Cu pachetul 4 Pack ai o variant\u0103 mai profitabil\u0103 de a-\u021bi lua toate cele patru modele, la un pre\u021b care \u00ee\u021bi ofer\u0103, practic, o pereche gratis!<\/p>\n<p>Ofert\u0103 limitat\u0103.<\/p>\n","protected":false},"featured_media":2753,"template":"","meta":{"_acf_changed":false},"product_brand":[],"product_cat":[82,77],"product_tag":[],"class_list":{"0":"post-3889","1":"product","2":"type-product","3":"status-publish","4":"has-post-thumbnail","6":"product_cat-exclus","7":"product_cat-sox","9":"first","10":"instock","11":"shipping-taxable","12":"purchasable","13":"product-type-variable"},"acf":[],"yoast_head":"<!-- This site is optimized with the Yoast SEO plugin v25.4 - https:\/\/yoast.com\/wordpress\/plugins\/seo\/ -->\n<title>Sox 30-0. 4 Pack - Shop Treizecizero<\/title>\n<meta name=\"robots\" content=\"index, follow, max-snippet:-1, max-image-preview:large, max-video-preview:-1\" \/>\n<link rel=\"canonical\" href=\"https:\/\/www.treizecizero.ro\/shop\/produs\/sox-30-0-4-pack\/\" \/>\n<meta property=\"og:locale\" content=\"ro_RO\" \/>\n<meta property=\"og:type\" content=\"article\" \/>\n<meta property=\"og:title\" content=\"Sox 30-0. 4 Pack - Shop Treizecizero\" \/>\n<meta property=\"og:description\" content=\"Produsul 4 Pack cuprinde patru\u00a0perechi de \u0219osete: Terenul, \u00cenghe\u021bata, Smiley Racquets, Ou\u0103 ochiuri. Cu pachetul 4 Pack ai o variant\u0103 mai profitabil\u0103 de a-\u021bi lua toate cele patru modele, la un pre\u021b care \u00ee\u021bi ofer\u0103, practic, o pereche gratis!  Ofert\u0103 limitat\u0103.\" \/>\n<meta property=\"og:url\" content=\"https:\/\/www.treizecizero.ro\/shop\/produs\/sox-30-0-4-pack\/\" \/>\n<meta property=\"og:site_name\" content=\"Shop Treizecizero\" \/>\n<meta property=\"article:modified_time\" content=\"2026-02-15T17:52:54+00:00\" \/>\n<meta property=\"og:image\" content=\"https:\/\/www.treizecizero.ro\/shop\/wp-content\/uploads\/2019\/03\/3-diferite.png\" \/>\n\t<meta property=\"og:image:width\" content=\"1600\" \/>\n\t<meta property=\"og:image:height\" content=\"937\" \/>\n\t<meta property=\"og:image:type\" content=\"image\/png\" \/>\n<meta name=\"twitter:card\" content=\"summary_large_image\" \/>\n<meta name=\"twitter:label1\" content=\"Timp estimat pentru citire\" \/>\n\t<meta name=\"twitter:data1\" content=\"1 minut\" \/>\n<script type=\"application\/ld+json\" class=\"yoast-schema-graph\">{\"@context\":\"https:\/\/schema.org\",\"@graph\":[{\"@type\":\"WebPage\",\"@id\":\"https:\/\/www.treizecizero.ro\/shop\/produs\/sox-30-0-4-pack\/\",\"url\":\"https:\/\/www.treizecizero.ro\/shop\/produs\/sox-30-0-4-pack\/\",\"name\":\"Sox 30-0. 4 Pack - Shop Treizecizero\",\"isPartOf\":{\"@id\":\"https:\/\/www.treizecizero.ro\/shop\/#website\"},\"primaryImageOfPage\":{\"@id\":\"https:\/\/www.treizecizero.ro\/shop\/produs\/sox-30-0-4-pack\/#primaryimage\"},\"image\":{\"@id\":\"https:\/\/www.treizecizero.ro\/shop\/produs\/sox-30-0-4-pack\/#primaryimage\"},\"thumbnailUrl\":\"https:\/\/www.treizecizero.ro\/shop\/wp-content\/uploads\/2019\/03\/3-diferite.png\",\"datePublished\":\"2019-09-27T00:20:32+00:00\",\"dateModified\":\"2026-02-15T17:52:54+00:00\",\"breadcrumb\":{\"@id\":\"https:\/\/www.treizecizero.ro\/shop\/produs\/sox-30-0-4-pack\/#breadcrumb\"},\"inLanguage\":\"ro-RO\",\"potentialAction\":[{\"@type\":\"ReadAction\",\"target\":[\"https:\/\/www.treizecizero.ro\/shop\/produs\/sox-30-0-4-pack\/\"]}]},{\"@type\":\"ImageObject\",\"inLanguage\":\"ro-RO\",\"@id\":\"https:\/\/www.treizecizero.ro\/shop\/produs\/sox-30-0-4-pack\/#primaryimage\",\"url\":\"https:\/\/www.treizecizero.ro\/shop\/wp-content\/uploads\/2019\/03\/3-diferite.png\",\"contentUrl\":\"https:\/\/www.treizecizero.ro\/shop\/wp-content\/uploads\/2019\/03\/3-diferite.png\",\"width\":1600,\"height\":937},{\"@type\":\"BreadcrumbList\",\"@id\":\"https:\/\/www.treizecizero.ro\/shop\/produs\/sox-30-0-4-pack\/#breadcrumb\",\"itemListElement\":[{\"@type\":\"ListItem\",\"position\":1,\"name\":\"Prima pagin\u0103\",\"item\":\"https:\/\/www.treizecizero.ro\/shop\/\"},{\"@type\":\"ListItem\",\"position\":2,\"name\":\"Magazin\",\"item\":\"https:\/\/www.treizecizero.ro\/shop\/magazin\/\"},{\"@type\":\"ListItem\",\"position\":3,\"name\":\"Sox 30-0. 4 Pack\"}]},{\"@type\":\"WebSite\",\"@id\":\"https:\/\/www.treizecizero.ro\/shop\/#website\",\"url\":\"https:\/\/www.treizecizero.ro\/shop\/\",\"name\":\"Shop Treizecizero\",\"description\":\"\",\"potentialAction\":[{\"@type\":\"SearchAction\",\"target\":{\"@type\":\"EntryPoint\",\"urlTemplate\":\"https:\/\/www.treizecizero.ro\/shop\/?s={search_term_string}\"},\"query-input\":{\"@type\":\"PropertyValueSpecification\",\"valueRequired\":true,\"valueName\":\"search_term_string\"}}],\"inLanguage\":\"ro-RO\"}]}<\/script>\n<!-- \/ Yoast SEO plugin. -->","yoast_head_json":{"title":"Sox 30-0. 4 Pack - Shop Treizecizero","robots":{"index":"index","follow":"follow","max-snippet":"max-snippet:-1","max-image-preview":"max-image-preview:large","max-video-preview":"max-video-preview:-1"},"canonical":"https:\/\/www.treizecizero.ro\/shop\/produs\/sox-30-0-4-pack\/","og_locale":"ro_RO","og_type":"article","og_title":"Sox 30-0. 4 Pack - Shop Treizecizero","og_description":"Produsul 4 Pack cuprinde patru\u00a0perechi de \u0219osete: Terenul, \u00cenghe\u021bata, Smiley Racquets, Ou\u0103 ochiuri. Cu pachetul 4 Pack ai o variant\u0103 mai profitabil\u0103 de a-\u021bi lua toate cele patru modele, la un pre\u021b care \u00ee\u021bi ofer\u0103, practic, o pereche gratis!  Ofert\u0103 limitat\u0103.","og_url":"https:\/\/www.treizecizero.ro\/shop\/produs\/sox-30-0-4-pack\/","og_site_name":"Shop Treizecizero","article_modified_time":"2026-02-15T17:52:54+00:00","og_image":[{"width":1600,"height":937,"url":"https:\/\/www.treizecizero.ro\/shop\/wp-content\/uploads\/2019\/03\/3-diferite.png","type":"image\/png"}],"twitter_card":"summary_large_image","twitter_misc":{"Timp estimat pentru citire":"1 minut"},"schema":{"@context":"https:\/\/schema.org","@graph":[{"@type":"WebPage","@id":"https:\/\/www.treizecizero.ro\/shop\/produs\/sox-30-0-4-pack\/","url":"https:\/\/www.treizecizero.ro\/shop\/produs\/sox-30-0-4-pack\/","name":"Sox 30-0. 4 Pack - Shop Treizecizero","isPartOf":{"@id":"https:\/\/www.treizecizero.ro\/shop\/#website"},"primaryImageOfPage":{"@id":"https:\/\/www.treizecizero.ro\/shop\/produs\/sox-30-0-4-pack\/#primaryimage"},"image":{"@id":"https:\/\/www.treizecizero.ro\/shop\/produs\/sox-30-0-4-pack\/#primaryimage"},"thumbnailUrl":"https:\/\/www.treizecizero.ro\/shop\/wp-content\/uploads\/2019\/03\/3-diferite.png","datePublished":"2019-09-27T00:20:32+00:00","dateModified":"2026-02-15T17:52:54+00:00","breadcrumb":{"@id":"https:\/\/www.treizecizero.ro\/shop\/produs\/sox-30-0-4-pack\/#breadcrumb"},"inLanguage":"ro-RO","potentialAction":[{"@type":"ReadAction","target":["https:\/\/www.treizecizero.ro\/shop\/produs\/sox-30-0-4-pack\/"]}]},{"@type":"ImageObject","inLanguage":"ro-RO","@id":"https:\/\/www.treizecizero.ro\/shop\/produs\/sox-30-0-4-pack\/#primaryimage","url":"https:\/\/www.treizecizero.ro\/shop\/wp-content\/uploads\/2019\/03\/3-diferite.png","contentUrl":"https:\/\/www.treizecizero.ro\/shop\/wp-content\/uploads\/2019\/03\/3-diferite.png","width":1600,"height":937},{"@type":"BreadcrumbList","@id":"https:\/\/www.treizecizero.ro\/shop\/produs\/sox-30-0-4-pack\/#breadcrumb","itemListElement":[{"@type":"ListItem","position":1,"name":"Prima pagin\u0103","item":"https:\/\/www.treizecizero.ro\/shop\/"},{"@type":"ListItem","position":2,"name":"Magazin","item":"https:\/\/www.treizecizero.ro\/shop\/magazin\/"},{"@type":"ListItem","position":3,"name":"Sox 30-0. 4 Pack"}]},{"@type":"WebSite","@id":"https:\/\/www.treizecizero.ro\/shop\/#website","url":"https:\/\/www.treizecizero.ro\/shop\/","name":"Shop Treizecizero","description":"","potentialAction":[{"@type":"SearchAction","target":{"@type":"EntryPoint","urlTemplate":"https:\/\/www.treizecizero.ro\/shop\/?s={search_term_string}"},"query-input":{"@type":"PropertyValueSpecification","valueRequired":true,"valueName":"search_term_string"}}],"inLanguage":"ro-RO"}]}},"_links":{"self":[{"href":"https:\/\/www.treizecizero.ro\/shop\/wp-json\/wp\/v2\/product\/3889","targetHints":{"allow":["GET"]}}],"collection":[{"href":"https:\/\/www.treizecizero.ro\/shop\/wp-json\/wp\/v2\/product"}],"about":[{"href":"https:\/\/www.treizecizero.ro\/shop\/wp-json\/wp\/v2\/types\/product"}],"wp:featuredmedia":[{"embeddable":true,"href":"https:\/\/www.treizecizero.ro\/shop\/wp-json\/wp\/v2\/media\/2753"}],"wp:attachment":[{"href":"https:\/\/www.treizecizero.ro\/shop\/wp-json\/wp\/v2\/media?parent=3889"}],"wp:term":[{"taxonomy":"product_brand","embeddable":true,"href":"https:\/\/www.treizecizero.ro\/shop\/wp-json\/wp\/v2\/product_brand?post=3889"},{"taxonomy":"product_cat","embeddable":true,"href":"https:\/\/www.treizecizero.ro\/shop\/wp-json\/wp\/v2\/product_cat?post=3889"},{"taxonomy":"product_tag","embeddable":true,"href":"https:\/\/www.treizecizero.ro\/shop\/wp-json\/wp\/v2\/product_tag?post=3889"}],"curies":[{"name":"wp","href":"https:\/\/api.w.org\/{rel}","templated":true}]}}