{"id":3535,"date":"2019-08-22T16:34:58","date_gmt":"2019-08-22T14:34:58","guid":{"rendered":"https:\/\/www.treizecizero.ro\/shop\/?post_type=product&#038;p=3535"},"modified":"2021-10-11T14:04:38","modified_gmt":"2021-10-11T12:04:38","slug":"tricou-treizecizero-just-words","status":"publish","type":"product","link":"https:\/\/www.treizecizero.ro\/shop\/produs\/tricou-treizecizero-just-words\/","title":{"rendered":"Tricou Treizecizero \u201eN-o s\u0103 c\u00e2\u0219tige niciodat\u0103 un Slam\u201d (2.0)"},"content":{"rendered":"<div class=\"descriere-stanga\">\n<h2>Nou! Best-seller-ul &#8222;N-o s\u0103&#8221; este reeditat!<\/h2>\n<p>De departe cel mai bine v\u00e2ndut tricou 30-0 se \u00eentoarce, \u00een cinstea US Open, dar \u0219i a titlului de la Wimbledon, \u00eentr-o nou\u0103 edi\u021bie. Un nou design, \u00een culori noi, acela\u0219i mesaj puternic. <a href=\"https:\/\/www.treizecizero.ro\/shop\/produs\/tricou-treizecizero-n-o-sa-simona-halep-titlu-grand-slam\/\" target=\"_blank\" rel=\"noopener\"><strong>&#8222;N-o s\u0103&#8221;, \u00een prima lui versiune<\/strong><\/a>, a fost un best-selller \u00een Shop-ul 30-0. Acum ai \u0219ansa s\u0103-\u021bi g\u0103se\u0219ti m\u0103rimea dorit\u0103 \u00een noua linie, redenumit\u0103 &#8222;Just Words&#8221;.<\/p>\n<p>Este tricoul care nu mai are nevoie de nicio explica\u021bie. E suficient s\u0103 \u00eel por\u021bi ca s\u0103 transmi\u021bi un mesaj mai puternic dec\u00e2t o mie de articole.<\/p>\n<p>\u201eN-o s\u0103 c\u00e2\u0219tige niciodat\u0103 un Slam\u201d (2.0) este o r\u0103zvr\u0103tire discret\u0103 \u0219i subtil\u0103 \u00eempotriva tuturor legendelor urbane nefundamentate pe nimic relevant. E un protest \u00eempotriva a tot ce te \u00eenva\u021b\u0103 c\u0103 nu ai dreptul s\u0103 speri, c\u0103 e\u0219ti prea mic, prea crud, prea slab, prea rom\u00e2n, prea nedemn. C\u0103 nu ai voie s\u0103 visezi.<\/p>\n<p>Nu l\u0103sa cuvintele aruncate gratuit s\u0103 te opreasc\u0103 din a-\u021bi urm\u0103ri visul. D\u0103 zgomotul la o parte \u0219i f\u0103 tot ce \u021bine de tine ca s\u0103 devii mai bun.<\/p>\n<p>Taie de pe list\u0103 fiecare prejudecat\u0103 cu un tricou care te \u00eendeamn\u0103 s\u0103 crezi \u00een tine, folosind drept exemplu cea mai bun\u0103 poveste inspira\u021bional\u0103 pe care a oferit-o sportul rom\u00e2nesc \u00een ultimii zeci de ani. C\u00e2nd toat\u0103 lumea din jur \u00ee\u021bi spune c\u0103 n-o s\u0103 reu\u0219e\u0219ti, ambi\u021bioneaz\u0103-te \u0219i arat\u0103-le tuturor c\u0103 se \u00een\u0219al\u0103. Apoi inspir\u0103-i pe al\u021bii s\u0103 fac\u0103 la fel!<\/p>\n<p>Indiferent cu ce te ocupi, nu \u00eenceta niciodat\u0103 s\u0103 crezi. Pentru c\u0103 lucruri grozave se vor \u00eent\u00e2mpla cu siguran\u021b\u0103 dac\u0103 nu renun\u021bi \u0219i dac\u0103 munce\u0219ti pentru visul t\u0103u.<\/p>\n<\/div>\n<div class=\"descriere-centru\">\n<h2>Aten\u021bie: cantit\u0103\u021bi limitate! Disponibil pe alb, pe negru<\/h2>\n<p><strong>Tricoul \u201eN-o s\u0103 c\u00e2\u0219tige niciodat\u0103 un Slam\u201d (2.0) <\/strong>are un design ultramodern.<\/p>\n<p>Disponibil pe alb \u0219i pe negru, \u00een culori complementare.<\/p>\n<p>&nbsp;<\/p>\n<p>Tricourile<b>\u00a0<\/b>sunt fabricate 100% din bumbac organic, piept\u0103nat, moale, care asigur\u0103 un confort sporit, fie c\u0103 \u00eel por\u021bi pe strad\u0103, fie la antrenament sau \u00een timpul unui meci de tenis. Croiala este <strong>medium fit<\/strong>, iar sp\u0103larea, automat\u0103.<\/p>\n<\/div>\n<div class=\"descriere-dreapta\">\n<h2>M\u0103rimi, culori<\/h2>\n<p>XS (doar feminin)<br \/>\nS (masculin, feminin)<br \/>\nM\u00a0(masculin, feminin)<br \/>\nL (masculin, feminin)<br \/>\nXL (doar masculin)<\/p>\n<p><strong>Culori disponibile:<\/strong> alb, negru<\/p>\n<p><span style=\"color: #ff0000;\"><strong><span style=\"text-decoration: underline;\">Livr\u0103ri din stoc.<\/span><br \/>\n<\/strong><\/span><\/p>\n<p><em>Produs \u00een serie limitat\u0103.<\/em><\/p>\n<p>&nbsp;<\/p>\n<\/div>\n","protected":false},"excerpt":{"rendered":"<p>Un tricou cu un design ultramodern, care transmite un mesaj puternic. Inspirat de titlurile de Grand Slam c\u00e2\u0219tigate de Simona Halep. Nu mai are nevoie de nicio explica\u021bie. C\u00e2nd toat\u0103 lumea \u00ee\u021bi spune c\u0103 n-o s\u0103 reu\u0219e\u0219ti, ambi\u021bioneaz\u0103-te \u0219i arat\u0103-le c\u0103 se \u00een\u0219al\u0103. Apoi inspir\u0103-i pe al\u021bii!<\/p>\n<p><a href=\"https:\/\/www.treizecizero.ro\/shop\/produs\/tricou-treizecizero-n-o-sa-simona-halep-titlu-grand-slam\/\" target=\"_blank\" rel=\"noopener\"><strong>Pentru tricoul &#8222;N-o s\u0103&#8221;, \u00een prima lui versiune, verific\u0103 dac\u0103 mai sunt m\u0103rimi disponibile aici.<\/strong><\/a><\/p>\n<p><em>Produs \u00een serie limitat\u0103.<\/em><\/p>\n<p>&nbsp;<\/p>\n","protected":false},"featured_media":3569,"template":"","meta":{"_acf_changed":false},"product_brand":[],"product_cat":[17,19],"product_tag":[],"class_list":{"0":"post-3535","1":"product","2":"type-product","3":"status-publish","4":"has-post-thumbnail","6":"product_cat-promo","7":"product_cat-tricouri-tenis","9":"first","10":"instock","11":"shipping-taxable","12":"purchasable","13":"product-type-variable"},"acf":[],"yoast_head":"<!-- This site is optimized with the Yoast SEO plugin v25.4 - https:\/\/yoast.com\/wordpress\/plugins\/seo\/ -->\n<title>Tricou de tenis Treizecizero.ro Just Words Tennis T-Shirt<\/title>\n<meta name=\"description\" content=\"Un tricou cu un design ultramodern, care transmite un mesaj puternic. Inspirat de titlurile de Grand Slam c\u00e2\u0219tigate de Simona Halep, \u201eN-o s\u0103\u201d este tricoul care nu mai are nevoie de nicio explica\u021bie. C\u00e2nd toat\u0103 lumea \u00ee\u021bi spune c\u0103 n-o s\u0103 reu\u0219e\u0219ti, ambi\u021bioneaz\u0103-te \u0219i arat\u0103-le c\u0103 se \u00een\u0219al\u0103. Apoi inspir\u0103-i pe al\u021bii!\" \/>\n<meta name=\"robots\" content=\"index, follow, max-snippet:-1, max-image-preview:large, max-video-preview:-1\" \/>\n<link rel=\"canonical\" href=\"https:\/\/www.treizecizero.ro\/shop\/produs\/tricou-treizecizero-just-words\/\" \/>\n<meta property=\"og:locale\" content=\"ro_RO\" \/>\n<meta property=\"og:type\" content=\"article\" \/>\n<meta property=\"og:title\" content=\"Tricou de tenis Treizecizero.ro Just Words Tennis T-Shirt\" \/>\n<meta property=\"og:description\" content=\"Un tricou cu un design ultramodern, care transmite un mesaj puternic. Inspirat de titlurile de Grand Slam c\u00e2\u0219tigate de Simona Halep, \u201eN-o s\u0103\u201d este tricoul care nu mai are nevoie de nicio explica\u021bie. C\u00e2nd toat\u0103 lumea \u00ee\u021bi spune c\u0103 n-o s\u0103 reu\u0219e\u0219ti, ambi\u021bioneaz\u0103-te \u0219i arat\u0103-le c\u0103 se \u00een\u0219al\u0103. Apoi inspir\u0103-i pe al\u021bii!\" \/>\n<meta property=\"og:url\" content=\"https:\/\/www.treizecizero.ro\/shop\/produs\/tricou-treizecizero-just-words\/\" \/>\n<meta property=\"og:site_name\" content=\"Shop Treizecizero\" \/>\n<meta property=\"article:modified_time\" content=\"2021-10-11T12:04:38+00:00\" \/>\n<meta property=\"og:image\" content=\"https:\/\/www.treizecizero.ro\/shop\/wp-content\/uploads\/2019\/08\/baiat-niciodata2.jpg\" \/>\n\t<meta property=\"og:image:width\" content=\"3500\" \/>\n\t<meta property=\"og:image:height\" content=\"2500\" \/>\n\t<meta property=\"og:image:type\" content=\"image\/jpeg\" \/>\n<meta name=\"twitter:card\" content=\"summary_large_image\" \/>\n<meta name=\"twitter:label1\" content=\"Timp estimat pentru citire\" \/>\n\t<meta name=\"twitter:data1\" content=\"2 minute\" \/>\n<script type=\"application\/ld+json\" class=\"yoast-schema-graph\">{\"@context\":\"https:\/\/schema.org\",\"@graph\":[{\"@type\":\"WebPage\",\"@id\":\"https:\/\/www.treizecizero.ro\/shop\/produs\/tricou-treizecizero-just-words\/\",\"url\":\"https:\/\/www.treizecizero.ro\/shop\/produs\/tricou-treizecizero-just-words\/\",\"name\":\"Tricou de tenis Treizecizero.ro Just Words Tennis T-Shirt\",\"isPartOf\":{\"@id\":\"https:\/\/www.treizecizero.ro\/shop\/#website\"},\"primaryImageOfPage\":{\"@id\":\"https:\/\/www.treizecizero.ro\/shop\/produs\/tricou-treizecizero-just-words\/#primaryimage\"},\"image\":{\"@id\":\"https:\/\/www.treizecizero.ro\/shop\/produs\/tricou-treizecizero-just-words\/#primaryimage\"},\"thumbnailUrl\":\"https:\/\/www.treizecizero.ro\/shop\/wp-content\/uploads\/2019\/08\/baiat-niciodata2-scaled.jpg\",\"datePublished\":\"2019-08-22T14:34:58+00:00\",\"dateModified\":\"2021-10-11T12:04:38+00:00\",\"description\":\"Un tricou cu un design ultramodern, care transmite un mesaj puternic. Inspirat de titlurile de Grand Slam c\u00e2\u0219tigate de Simona Halep, \u201eN-o s\u0103\u201d este tricoul care nu mai are nevoie de nicio explica\u021bie. C\u00e2nd toat\u0103 lumea \u00ee\u021bi spune c\u0103 n-o s\u0103 reu\u0219e\u0219ti, ambi\u021bioneaz\u0103-te \u0219i arat\u0103-le c\u0103 se \u00een\u0219al\u0103. Apoi inspir\u0103-i pe al\u021bii!\",\"breadcrumb\":{\"@id\":\"https:\/\/www.treizecizero.ro\/shop\/produs\/tricou-treizecizero-just-words\/#breadcrumb\"},\"inLanguage\":\"ro-RO\",\"potentialAction\":[{\"@type\":\"ReadAction\",\"target\":[\"https:\/\/www.treizecizero.ro\/shop\/produs\/tricou-treizecizero-just-words\/\"]}]},{\"@type\":\"ImageObject\",\"inLanguage\":\"ro-RO\",\"@id\":\"https:\/\/www.treizecizero.ro\/shop\/produs\/tricou-treizecizero-just-words\/#primaryimage\",\"url\":\"https:\/\/www.treizecizero.ro\/shop\/wp-content\/uploads\/2019\/08\/baiat-niciodata2-scaled.jpg\",\"contentUrl\":\"https:\/\/www.treizecizero.ro\/shop\/wp-content\/uploads\/2019\/08\/baiat-niciodata2-scaled.jpg\",\"width\":2560,\"height\":1829},{\"@type\":\"BreadcrumbList\",\"@id\":\"https:\/\/www.treizecizero.ro\/shop\/produs\/tricou-treizecizero-just-words\/#breadcrumb\",\"itemListElement\":[{\"@type\":\"ListItem\",\"position\":1,\"name\":\"Prima pagin\u0103\",\"item\":\"https:\/\/www.treizecizero.ro\/shop\/\"},{\"@type\":\"ListItem\",\"position\":2,\"name\":\"Magazin\",\"item\":\"https:\/\/www.treizecizero.ro\/shop\/magazin\/\"},{\"@type\":\"ListItem\",\"position\":3,\"name\":\"Tricou Treizecizero \u201eN-o s\u0103 c\u00e2\u0219tige niciodat\u0103 un Slam\u201d (2.0)\"}]},{\"@type\":\"WebSite\",\"@id\":\"https:\/\/www.treizecizero.ro\/shop\/#website\",\"url\":\"https:\/\/www.treizecizero.ro\/shop\/\",\"name\":\"Shop Treizecizero\",\"description\":\"\",\"potentialAction\":[{\"@type\":\"SearchAction\",\"target\":{\"@type\":\"EntryPoint\",\"urlTemplate\":\"https:\/\/www.treizecizero.ro\/shop\/?s={search_term_string}\"},\"query-input\":{\"@type\":\"PropertyValueSpecification\",\"valueRequired\":true,\"valueName\":\"search_term_string\"}}],\"inLanguage\":\"ro-RO\"}]}<\/script>\n<!-- \/ Yoast SEO plugin. -->","yoast_head_json":{"title":"Tricou de tenis Treizecizero.ro Just Words Tennis T-Shirt","description":"Un tricou cu un design ultramodern, care transmite un mesaj puternic. Inspirat de titlurile de Grand Slam c\u00e2\u0219tigate de Simona Halep, \u201eN-o s\u0103\u201d este tricoul care nu mai are nevoie de nicio explica\u021bie. C\u00e2nd toat\u0103 lumea \u00ee\u021bi spune c\u0103 n-o s\u0103 reu\u0219e\u0219ti, ambi\u021bioneaz\u0103-te \u0219i arat\u0103-le c\u0103 se \u00een\u0219al\u0103. Apoi inspir\u0103-i pe al\u021bii!","robots":{"index":"index","follow":"follow","max-snippet":"max-snippet:-1","max-image-preview":"max-image-preview:large","max-video-preview":"max-video-preview:-1"},"canonical":"https:\/\/www.treizecizero.ro\/shop\/produs\/tricou-treizecizero-just-words\/","og_locale":"ro_RO","og_type":"article","og_title":"Tricou de tenis Treizecizero.ro Just Words Tennis T-Shirt","og_description":"Un tricou cu un design ultramodern, care transmite un mesaj puternic. Inspirat de titlurile de Grand Slam c\u00e2\u0219tigate de Simona Halep, \u201eN-o s\u0103\u201d este tricoul care nu mai are nevoie de nicio explica\u021bie. C\u00e2nd toat\u0103 lumea \u00ee\u021bi spune c\u0103 n-o s\u0103 reu\u0219e\u0219ti, ambi\u021bioneaz\u0103-te \u0219i arat\u0103-le c\u0103 se \u00een\u0219al\u0103. Apoi inspir\u0103-i pe al\u021bii!","og_url":"https:\/\/www.treizecizero.ro\/shop\/produs\/tricou-treizecizero-just-words\/","og_site_name":"Shop Treizecizero","article_modified_time":"2021-10-11T12:04:38+00:00","og_image":[{"width":3500,"height":2500,"url":"https:\/\/www.treizecizero.ro\/shop\/wp-content\/uploads\/2019\/08\/baiat-niciodata2.jpg","type":"image\/jpeg"}],"twitter_card":"summary_large_image","twitter_misc":{"Timp estimat pentru citire":"2 minute"},"schema":{"@context":"https:\/\/schema.org","@graph":[{"@type":"WebPage","@id":"https:\/\/www.treizecizero.ro\/shop\/produs\/tricou-treizecizero-just-words\/","url":"https:\/\/www.treizecizero.ro\/shop\/produs\/tricou-treizecizero-just-words\/","name":"Tricou de tenis Treizecizero.ro Just Words Tennis T-Shirt","isPartOf":{"@id":"https:\/\/www.treizecizero.ro\/shop\/#website"},"primaryImageOfPage":{"@id":"https:\/\/www.treizecizero.ro\/shop\/produs\/tricou-treizecizero-just-words\/#primaryimage"},"image":{"@id":"https:\/\/www.treizecizero.ro\/shop\/produs\/tricou-treizecizero-just-words\/#primaryimage"},"thumbnailUrl":"https:\/\/www.treizecizero.ro\/shop\/wp-content\/uploads\/2019\/08\/baiat-niciodata2-scaled.jpg","datePublished":"2019-08-22T14:34:58+00:00","dateModified":"2021-10-11T12:04:38+00:00","description":"Un tricou cu un design ultramodern, care transmite un mesaj puternic. Inspirat de titlurile de Grand Slam c\u00e2\u0219tigate de Simona Halep, \u201eN-o s\u0103\u201d este tricoul care nu mai are nevoie de nicio explica\u021bie. C\u00e2nd toat\u0103 lumea \u00ee\u021bi spune c\u0103 n-o s\u0103 reu\u0219e\u0219ti, ambi\u021bioneaz\u0103-te \u0219i arat\u0103-le c\u0103 se \u00een\u0219al\u0103. Apoi inspir\u0103-i pe al\u021bii!","breadcrumb":{"@id":"https:\/\/www.treizecizero.ro\/shop\/produs\/tricou-treizecizero-just-words\/#breadcrumb"},"inLanguage":"ro-RO","potentialAction":[{"@type":"ReadAction","target":["https:\/\/www.treizecizero.ro\/shop\/produs\/tricou-treizecizero-just-words\/"]}]},{"@type":"ImageObject","inLanguage":"ro-RO","@id":"https:\/\/www.treizecizero.ro\/shop\/produs\/tricou-treizecizero-just-words\/#primaryimage","url":"https:\/\/www.treizecizero.ro\/shop\/wp-content\/uploads\/2019\/08\/baiat-niciodata2-scaled.jpg","contentUrl":"https:\/\/www.treizecizero.ro\/shop\/wp-content\/uploads\/2019\/08\/baiat-niciodata2-scaled.jpg","width":2560,"height":1829},{"@type":"BreadcrumbList","@id":"https:\/\/www.treizecizero.ro\/shop\/produs\/tricou-treizecizero-just-words\/#breadcrumb","itemListElement":[{"@type":"ListItem","position":1,"name":"Prima pagin\u0103","item":"https:\/\/www.treizecizero.ro\/shop\/"},{"@type":"ListItem","position":2,"name":"Magazin","item":"https:\/\/www.treizecizero.ro\/shop\/magazin\/"},{"@type":"ListItem","position":3,"name":"Tricou Treizecizero \u201eN-o s\u0103 c\u00e2\u0219tige niciodat\u0103 un Slam\u201d (2.0)"}]},{"@type":"WebSite","@id":"https:\/\/www.treizecizero.ro\/shop\/#website","url":"https:\/\/www.treizecizero.ro\/shop\/","name":"Shop Treizecizero","description":"","potentialAction":[{"@type":"SearchAction","target":{"@type":"EntryPoint","urlTemplate":"https:\/\/www.treizecizero.ro\/shop\/?s={search_term_string}"},"query-input":{"@type":"PropertyValueSpecification","valueRequired":true,"valueName":"search_term_string"}}],"inLanguage":"ro-RO"}]}},"_links":{"self":[{"href":"https:\/\/www.treizecizero.ro\/shop\/wp-json\/wp\/v2\/product\/3535","targetHints":{"allow":["GET"]}}],"collection":[{"href":"https:\/\/www.treizecizero.ro\/shop\/wp-json\/wp\/v2\/product"}],"about":[{"href":"https:\/\/www.treizecizero.ro\/shop\/wp-json\/wp\/v2\/types\/product"}],"wp:featuredmedia":[{"embeddable":true,"href":"https:\/\/www.treizecizero.ro\/shop\/wp-json\/wp\/v2\/media\/3569"}],"wp:attachment":[{"href":"https:\/\/www.treizecizero.ro\/shop\/wp-json\/wp\/v2\/media?parent=3535"}],"wp:term":[{"taxonomy":"product_brand","embeddable":true,"href":"https:\/\/www.treizecizero.ro\/shop\/wp-json\/wp\/v2\/product_brand?post=3535"},{"taxonomy":"product_cat","embeddable":true,"href":"https:\/\/www.treizecizero.ro\/shop\/wp-json\/wp\/v2\/product_cat?post=3535"},{"taxonomy":"product_tag","embeddable":true,"href":"https:\/\/www.treizecizero.ro\/shop\/wp-json\/wp\/v2\/product_tag?post=3535"}],"curies":[{"name":"wp","href":"https:\/\/api.w.org\/{rel}","templated":true}]}}