{"id":34,"date":"2017-10-13T16:52:30","date_gmt":"2017-10-13T14:52:30","guid":{"rendered":"http:\/\/www.treizecizero.ro\/shop\/?post_type=product&#038;p=34"},"modified":"2021-10-11T14:26:18","modified_gmt":"2021-10-11T12:26:18","slug":"tricou-play-hard-get-dirty","status":"publish","type":"product","link":"https:\/\/www.treizecizero.ro\/shop\/produs\/tricou-play-hard-get-dirty\/","title":{"rendered":"Tricou Play Hard, Get Dirty"},"content":{"rendered":"<p>Dup\u0103 ce munce\u0219ti din greu toat\u0103 s\u0103pt\u0103m\u00e2na, ai dreptul s\u0103 te dezl\u0103n\u021bui pe teren. Am f\u0103cut acest tricou pentru cei care joac\u0103 dur, dar cinstit, pentru c\u0103 mai importante dec\u00e2t victoria sau \u00eenfr\u00e2ngerea sunt curajul \u0219i fairplay-ul.<\/p>\n<p>Tricourile <span style=\"color: #000080;\"><strong>\u201c30-0 Play Hard, Get Dirty\u201d<\/strong><\/span> sunt fabricate 100% din bumbac organic, moale, care asigur\u0103 un confort sporit, fie c\u0103 \u00eel por\u021bi pe strad\u0103, fie la antrenament sau \u00een timpul unui meci de tenis.<\/p>\n<p>Croiala este medium, disponbil deocamdat\u0103 pe alb, iar sp\u0103larea, automat\u0103.<\/p>\n<p><strong>M\u0103rimile disponibile:<\/strong><\/p>\n<p>XS (doar feminin)<br \/>\nS (masculin, feminin)<br \/>\nM\u00a0(masculin, feminin)<br \/>\nL (doar masculin)<\/p>\n<p><span style=\"color: #333399;\"><strong>Produs disponibil \u00een stoc<\/strong><\/span><\/p>\n","protected":false},"excerpt":{"rendered":"<p>Ia-\u021bi un tricou special g\u00e2ndit pentru cei care trag tare at\u00e2t la birou, c\u00e2t \u0219i pe terenul de sport sau la sal\u0103, \u0219i \u0219tiu c\u0103 mai importante dec\u00e2t victoria sau \u00eenfr\u00e2ngerea sunt curajul \u0219i intensitatea cu care muncesc pentru visul lor.<\/p>\n","protected":false},"featured_media":327,"template":"","meta":{"_acf_changed":false},"product_brand":[],"product_cat":[17,19],"product_tag":[],"class_list":{"0":"post-34","1":"product","2":"type-product","3":"status-publish","4":"has-post-thumbnail","6":"product_cat-promo","7":"product_cat-tricouri-tenis","9":"first","10":"instock","11":"shipping-taxable","12":"purchasable","13":"product-type-variable"},"acf":[],"yoast_head":"<!-- This site is optimized with the Yoast SEO plugin v25.4 - https:\/\/yoast.com\/wordpress\/plugins\/seo\/ -->\n<title>Tricou Play Hard, Get Dirty - Shop Treizecizero<\/title>\n<meta name=\"robots\" content=\"index, follow, max-snippet:-1, max-image-preview:large, max-video-preview:-1\" \/>\n<link rel=\"canonical\" href=\"https:\/\/www.treizecizero.ro\/shop\/produs\/tricou-play-hard-get-dirty\/\" \/>\n<meta property=\"og:locale\" content=\"ro_RO\" \/>\n<meta property=\"og:type\" content=\"article\" \/>\n<meta property=\"og:title\" content=\"Tricou Play Hard, Get Dirty - Shop Treizecizero\" \/>\n<meta property=\"og:description\" content=\"Ia-\u021bi un tricou special g\u00e2ndit pentru cei care trag tare at\u00e2t la birou, c\u00e2t \u0219i pe terenul de sport sau la sal\u0103, \u0219i \u0219tiu c\u0103 mai importante dec\u00e2t victoria sau \u00eenfr\u00e2ngerea sunt curajul \u0219i intensitatea cu care muncesc pentru visul lor.\" \/>\n<meta property=\"og:url\" content=\"https:\/\/www.treizecizero.ro\/shop\/produs\/tricou-play-hard-get-dirty\/\" \/>\n<meta property=\"og:site_name\" content=\"Shop Treizecizero\" \/>\n<meta property=\"article:modified_time\" content=\"2021-10-11T12:26:18+00:00\" \/>\n<meta property=\"og:image\" content=\"https:\/\/www.treizecizero.ro\/shop\/wp-content\/uploads\/2017\/10\/DSC2758-Edit-scaled.jpg\" \/>\n\t<meta property=\"og:image:width\" content=\"2000\" \/>\n\t<meta property=\"og:image:height\" content=\"3000\" \/>\n\t<meta property=\"og:image:type\" content=\"image\/jpeg\" \/>\n<meta name=\"twitter:card\" content=\"summary_large_image\" \/>\n<meta name=\"twitter:label1\" content=\"Timp estimat pentru citire\" \/>\n\t<meta name=\"twitter:data1\" content=\"1 minut\" \/>\n<script type=\"application\/ld+json\" class=\"yoast-schema-graph\">{\"@context\":\"https:\/\/schema.org\",\"@graph\":[{\"@type\":\"WebPage\",\"@id\":\"https:\/\/www.treizecizero.ro\/shop\/produs\/tricou-play-hard-get-dirty\/\",\"url\":\"https:\/\/www.treizecizero.ro\/shop\/produs\/tricou-play-hard-get-dirty\/\",\"name\":\"Tricou Play Hard, Get Dirty - Shop Treizecizero\",\"isPartOf\":{\"@id\":\"https:\/\/www.treizecizero.ro\/shop\/#website\"},\"primaryImageOfPage\":{\"@id\":\"https:\/\/www.treizecizero.ro\/shop\/produs\/tricou-play-hard-get-dirty\/#primaryimage\"},\"image\":{\"@id\":\"https:\/\/www.treizecizero.ro\/shop\/produs\/tricou-play-hard-get-dirty\/#primaryimage\"},\"thumbnailUrl\":\"https:\/\/www.treizecizero.ro\/shop\/wp-content\/uploads\/2017\/10\/DSC2758-Edit-scaled.jpg\",\"datePublished\":\"2017-10-13T14:52:30+00:00\",\"dateModified\":\"2021-10-11T12:26:18+00:00\",\"breadcrumb\":{\"@id\":\"https:\/\/www.treizecizero.ro\/shop\/produs\/tricou-play-hard-get-dirty\/#breadcrumb\"},\"inLanguage\":\"ro-RO\",\"potentialAction\":[{\"@type\":\"ReadAction\",\"target\":[\"https:\/\/www.treizecizero.ro\/shop\/produs\/tricou-play-hard-get-dirty\/\"]}]},{\"@type\":\"ImageObject\",\"inLanguage\":\"ro-RO\",\"@id\":\"https:\/\/www.treizecizero.ro\/shop\/produs\/tricou-play-hard-get-dirty\/#primaryimage\",\"url\":\"https:\/\/www.treizecizero.ro\/shop\/wp-content\/uploads\/2017\/10\/DSC2758-Edit-scaled.jpg\",\"contentUrl\":\"https:\/\/www.treizecizero.ro\/shop\/wp-content\/uploads\/2017\/10\/DSC2758-Edit-scaled.jpg\",\"width\":1707,\"height\":2560},{\"@type\":\"BreadcrumbList\",\"@id\":\"https:\/\/www.treizecizero.ro\/shop\/produs\/tricou-play-hard-get-dirty\/#breadcrumb\",\"itemListElement\":[{\"@type\":\"ListItem\",\"position\":1,\"name\":\"Prima pagin\u0103\",\"item\":\"https:\/\/www.treizecizero.ro\/shop\/\"},{\"@type\":\"ListItem\",\"position\":2,\"name\":\"Magazin\",\"item\":\"https:\/\/www.treizecizero.ro\/shop\/magazin\/\"},{\"@type\":\"ListItem\",\"position\":3,\"name\":\"Tricou Play Hard, Get Dirty\"}]},{\"@type\":\"WebSite\",\"@id\":\"https:\/\/www.treizecizero.ro\/shop\/#website\",\"url\":\"https:\/\/www.treizecizero.ro\/shop\/\",\"name\":\"Shop Treizecizero\",\"description\":\"\",\"potentialAction\":[{\"@type\":\"SearchAction\",\"target\":{\"@type\":\"EntryPoint\",\"urlTemplate\":\"https:\/\/www.treizecizero.ro\/shop\/?s={search_term_string}\"},\"query-input\":{\"@type\":\"PropertyValueSpecification\",\"valueRequired\":true,\"valueName\":\"search_term_string\"}}],\"inLanguage\":\"ro-RO\"}]}<\/script>\n<!-- \/ Yoast SEO plugin. -->","yoast_head_json":{"title":"Tricou Play Hard, Get Dirty - Shop Treizecizero","robots":{"index":"index","follow":"follow","max-snippet":"max-snippet:-1","max-image-preview":"max-image-preview:large","max-video-preview":"max-video-preview:-1"},"canonical":"https:\/\/www.treizecizero.ro\/shop\/produs\/tricou-play-hard-get-dirty\/","og_locale":"ro_RO","og_type":"article","og_title":"Tricou Play Hard, Get Dirty - Shop Treizecizero","og_description":"Ia-\u021bi un tricou special g\u00e2ndit pentru cei care trag tare at\u00e2t la birou, c\u00e2t \u0219i pe terenul de sport sau la sal\u0103, \u0219i \u0219tiu c\u0103 mai importante dec\u00e2t victoria sau \u00eenfr\u00e2ngerea sunt curajul \u0219i intensitatea cu care muncesc pentru visul lor.","og_url":"https:\/\/www.treizecizero.ro\/shop\/produs\/tricou-play-hard-get-dirty\/","og_site_name":"Shop Treizecizero","article_modified_time":"2021-10-11T12:26:18+00:00","og_image":[{"width":2000,"height":3000,"url":"https:\/\/www.treizecizero.ro\/shop\/wp-content\/uploads\/2017\/10\/DSC2758-Edit-scaled.jpg","type":"image\/jpeg"}],"twitter_card":"summary_large_image","twitter_misc":{"Timp estimat pentru citire":"1 minut"},"schema":{"@context":"https:\/\/schema.org","@graph":[{"@type":"WebPage","@id":"https:\/\/www.treizecizero.ro\/shop\/produs\/tricou-play-hard-get-dirty\/","url":"https:\/\/www.treizecizero.ro\/shop\/produs\/tricou-play-hard-get-dirty\/","name":"Tricou Play Hard, Get Dirty - Shop Treizecizero","isPartOf":{"@id":"https:\/\/www.treizecizero.ro\/shop\/#website"},"primaryImageOfPage":{"@id":"https:\/\/www.treizecizero.ro\/shop\/produs\/tricou-play-hard-get-dirty\/#primaryimage"},"image":{"@id":"https:\/\/www.treizecizero.ro\/shop\/produs\/tricou-play-hard-get-dirty\/#primaryimage"},"thumbnailUrl":"https:\/\/www.treizecizero.ro\/shop\/wp-content\/uploads\/2017\/10\/DSC2758-Edit-scaled.jpg","datePublished":"2017-10-13T14:52:30+00:00","dateModified":"2021-10-11T12:26:18+00:00","breadcrumb":{"@id":"https:\/\/www.treizecizero.ro\/shop\/produs\/tricou-play-hard-get-dirty\/#breadcrumb"},"inLanguage":"ro-RO","potentialAction":[{"@type":"ReadAction","target":["https:\/\/www.treizecizero.ro\/shop\/produs\/tricou-play-hard-get-dirty\/"]}]},{"@type":"ImageObject","inLanguage":"ro-RO","@id":"https:\/\/www.treizecizero.ro\/shop\/produs\/tricou-play-hard-get-dirty\/#primaryimage","url":"https:\/\/www.treizecizero.ro\/shop\/wp-content\/uploads\/2017\/10\/DSC2758-Edit-scaled.jpg","contentUrl":"https:\/\/www.treizecizero.ro\/shop\/wp-content\/uploads\/2017\/10\/DSC2758-Edit-scaled.jpg","width":1707,"height":2560},{"@type":"BreadcrumbList","@id":"https:\/\/www.treizecizero.ro\/shop\/produs\/tricou-play-hard-get-dirty\/#breadcrumb","itemListElement":[{"@type":"ListItem","position":1,"name":"Prima pagin\u0103","item":"https:\/\/www.treizecizero.ro\/shop\/"},{"@type":"ListItem","position":2,"name":"Magazin","item":"https:\/\/www.treizecizero.ro\/shop\/magazin\/"},{"@type":"ListItem","position":3,"name":"Tricou Play Hard, Get Dirty"}]},{"@type":"WebSite","@id":"https:\/\/www.treizecizero.ro\/shop\/#website","url":"https:\/\/www.treizecizero.ro\/shop\/","name":"Shop Treizecizero","description":"","potentialAction":[{"@type":"SearchAction","target":{"@type":"EntryPoint","urlTemplate":"https:\/\/www.treizecizero.ro\/shop\/?s={search_term_string}"},"query-input":{"@type":"PropertyValueSpecification","valueRequired":true,"valueName":"search_term_string"}}],"inLanguage":"ro-RO"}]}},"_links":{"self":[{"href":"https:\/\/www.treizecizero.ro\/shop\/wp-json\/wp\/v2\/product\/34","targetHints":{"allow":["GET"]}}],"collection":[{"href":"https:\/\/www.treizecizero.ro\/shop\/wp-json\/wp\/v2\/product"}],"about":[{"href":"https:\/\/www.treizecizero.ro\/shop\/wp-json\/wp\/v2\/types\/product"}],"wp:featuredmedia":[{"embeddable":true,"href":"https:\/\/www.treizecizero.ro\/shop\/wp-json\/wp\/v2\/media\/327"}],"wp:attachment":[{"href":"https:\/\/www.treizecizero.ro\/shop\/wp-json\/wp\/v2\/media?parent=34"}],"wp:term":[{"taxonomy":"product_brand","embeddable":true,"href":"https:\/\/www.treizecizero.ro\/shop\/wp-json\/wp\/v2\/product_brand?post=34"},{"taxonomy":"product_cat","embeddable":true,"href":"https:\/\/www.treizecizero.ro\/shop\/wp-json\/wp\/v2\/product_cat?post=34"},{"taxonomy":"product_tag","embeddable":true,"href":"https:\/\/www.treizecizero.ro\/shop\/wp-json\/wp\/v2\/product_tag?post=34"}],"curies":[{"name":"wp","href":"https:\/\/api.w.org\/{rel}","templated":true}]}}