{"id":3257,"date":"2020-01-16T14:25:36","date_gmt":"2020-01-16T12:25:36","guid":{"rendered":"https:\/\/www.treizecizero.ro\/shop\/?post_type=product&#038;p=3257"},"modified":"2026-04-27T15:35:25","modified_gmt":"2026-04-27T13:35:25","slug":"tricou-romanian-tennis-fire","status":"publish","type":"product","link":"https:\/\/www.treizecizero.ro\/shop\/produs\/tricou-romanian-tennis-fire\/","title":{"rendered":"Tricou Romanian Tennis is Fire"},"content":{"rendered":"<div class=\"descriere-stanga\">\n<h2>Tricou \u00eentotdeauna hot!<\/h2>\n<p><strong>Despre <a href=\"https:\/\/www.treizecizero.ro\/shop\/produs\/tricou-30-0-romanian-tennis-is-fire\/\">Romanian Tennis is Fire<\/a><\/strong><\/p>\n<p>Tricoul care s\u0103rb\u0103tore\u0219te performan\u021bele spectaculoase ale tenisului rom\u00e2nesc la nivel mondial. \u00cen ultimii ani, juc\u0103torii \u0219i juc\u0103toarele din Rom\u00e2nia au c\u00e2\u0219tigat titluri de Grand Slam la simplu \u0219i la dublu, au jucat finale de Slam la simplu \u0219i la dublu, au ajuns pe locul 1 \u00een lume la simplu \u0219i la dublu, au c\u00e2\u0219tigat turnee importante \u0219i i-au \u00eenvins pe unii dintre cei mai buni din lume. \u00cen ultimii \u0219ase ani, de exemplu, rom\u00e2nii au c\u00e2\u0219tigat 76 de turnee ATP \u0219i WTA \u0219i au mai jucat alte 65 de finale.<\/p>\n<p>E cazul s\u0103 ne m\u00e2ndrim cu asta. Tenisul rom\u00e2nesc<em> chiar este<\/em> \u201eFire\u201d. Adic\u0103 puternic, performant, apreciat, iubit. Campioanele \u0219i campionii no\u0219tri joac\u0103 un tenis electric, din cale afar\u0103 de spectaculos \u0219i foarte variat. Apoi, multitudinea de personalit\u0103\u021bi puternice este, de asemenea, o caracteristic\u0103 special\u0103 a tenisului rom\u00e2nesc.\u00a0 Avem caractere puternice, care promoveaz\u0103 valori importante, sportivi care ne bucur\u0103 \u0219i de la care ne putem inspira.<\/p>\n<p>Tricoul \u201eRomanian Tennis is Fire\u201d vrea s\u0103 s\u0103rb\u0103toreasc\u0103 multitudinea de campioni pe care ni i-a oferit tenisul rom\u00e2nesc \u00een ultimul deceniu.<\/p>\n<p>Iar tu \u00ee\u021bi po\u021bi ar\u0103ta sprijinul pentru ei purt\u00e2nd tricoul \u201eRomanian Tennis is Fire\u201d peste tot \u00een lume!<\/p>\n<p>Fie c\u0103 mergi \u00een tribune la Melbourne sau la New York, la Paris sau la Londra, la Bucure\u0219ti sau la Madrid. Fie c\u0103 \u00eei urm\u0103re\u0219ti pe juc\u0103tori \u00een circuitele ATP \u0219i WTA sau \u00een meciurile de Cupa Davis \u0219i BJK Cup, poart\u0103 unul dintre modelele \u201eRomanian Tennis is Fire\u201d!<\/p>\n<\/div>\n<div class=\"descriere-centru\">\n<h2>Disponibil pe alb \u0219i pe negru<\/h2>\n<p><strong>Tricoul Romanian Tennis is Fire\u00a0<\/strong>are un design fresh \u0219i stilat.<\/p>\n<p>E disponibil pe alb \u0219i pe negru, cu un desen \u00een culori complementare.<\/p>\n<p>Tricourile <b>Romanian Tennis is Fire\u00a0<\/b>sunt fabricate 100% din bumbac organic, piept\u0103nat, moale, care asigur\u0103 un confort sporit, fie c\u0103 \u00eel por\u021bi pe strad\u0103, fie la antrenament sau \u00een timpul unui meci de tenis. Croiala este <strong>medium fit<\/strong>, iar sp\u0103larea recomandat\u0103 este automat\u0103.<\/p>\n<\/div>\n<div class=\"descriere-dreapta\">\n<h2>M\u0103rimi, culori disponibile<\/h2>\n<p><strong>Adul\u021bi<\/strong><\/p>\n<p>XS (doar feminin)<br \/>\nS (masculin, feminin)<br \/>\nM\u00a0(masculin, feminin)<br \/>\nL (masculin, feminin)<br \/>\nXL (doar masculin)<\/p>\n<p><strong>Culori disponibile:<\/strong> alb, negru<\/p>\n<p>Descrierea m\u0103rimilor pentru b\u0103rba\u021bi<\/p>\n<p><a href=\"https:\/\/www.treizecizero.ro\/shop\/wp-content\/uploads\/2019\/01\/marimi-tricouri-barbati.jpg\"><img loading=\"lazy\" decoding=\"async\" class=\"alignleft wp-image-2593 size-medium\" src=\"https:\/\/www.treizecizero.ro\/shop\/wp-content\/uploads\/2019\/01\/marimi-tricouri-barbati-300x167.jpg\" alt=\"\" width=\"300\" height=\"167\" srcset=\"https:\/\/www.treizecizero.ro\/shop\/wp-content\/uploads\/2019\/01\/marimi-tricouri-barbati-300x167.jpg 300w, https:\/\/www.treizecizero.ro\/shop\/wp-content\/uploads\/2019\/01\/marimi-tricouri-barbati-800x444.jpg 800w, https:\/\/www.treizecizero.ro\/shop\/wp-content\/uploads\/2019\/01\/marimi-tricouri-barbati-768x427.jpg 768w, https:\/\/www.treizecizero.ro\/shop\/wp-content\/uploads\/2019\/01\/marimi-tricouri-barbati-1024x569.jpg 1024w, https:\/\/www.treizecizero.ro\/shop\/wp-content\/uploads\/2019\/01\/marimi-tricouri-barbati.jpg 1062w\" sizes=\"auto, (max-width: 300px) 100vw, 300px\" \/><\/a><\/p>\n<p>&nbsp;<\/p>\n<p>Descrierea m\u0103rimilor pentru femei<\/p>\n<p><a href=\"https:\/\/www.treizecizero.ro\/shop\/wp-content\/uploads\/2019\/01\/marimi-tricouri-femei.jpg\"><img loading=\"lazy\" decoding=\"async\" class=\"alignleft wp-image-2592 size-medium\" src=\"https:\/\/www.treizecizero.ro\/shop\/wp-content\/uploads\/2019\/01\/marimi-tricouri-femei-300x164.jpg\" alt=\"\" width=\"300\" height=\"164\" srcset=\"https:\/\/www.treizecizero.ro\/shop\/wp-content\/uploads\/2019\/01\/marimi-tricouri-femei-300x164.jpg 300w, https:\/\/www.treizecizero.ro\/shop\/wp-content\/uploads\/2019\/01\/marimi-tricouri-femei-800x438.jpg 800w, https:\/\/www.treizecizero.ro\/shop\/wp-content\/uploads\/2019\/01\/marimi-tricouri-femei-768x420.jpg 768w, https:\/\/www.treizecizero.ro\/shop\/wp-content\/uploads\/2019\/01\/marimi-tricouri-femei-1024x560.jpg 1024w, https:\/\/www.treizecizero.ro\/shop\/wp-content\/uploads\/2019\/01\/marimi-tricouri-femei.jpg 1186w\" sizes=\"auto, (max-width: 300px) 100vw, 300px\" \/><\/a><\/p>\n<p>&nbsp;<\/p>\n<p>&nbsp;<\/p>\n<p>&nbsp;<\/p>\n<p>&nbsp;<\/p>\n<p>&nbsp;<\/p>\n<p>&nbsp;<\/p>\n<p>&nbsp;<\/p>\n<p>&nbsp;<\/p>\n<\/div>\n","protected":false},"excerpt":{"rendered":"<p>Un tricou cu un design ultramodern, apreciat de juc\u0103toarele \u0219i juc\u0103torii no\u0219tri, care transmite un mesaj puternic. Tricoul \u201eRomanian Tennis is Fire\u201d e inspirat \u0219i dedicat numero\u0219ilor campioni pe care ni i-a oferit tenisul rom\u00e2nesc \u00een ultimul deceniu.<\/p>\n","protected":false},"featured_media":4564,"template":"","meta":{"_acf_changed":false},"product_brand":[],"product_cat":[17,19],"product_tag":[],"class_list":{"0":"post-3257","1":"product","2":"type-product","3":"status-publish","4":"has-post-thumbnail","6":"product_cat-promo","7":"product_cat-tricouri-tenis","9":"first","10":"instock","11":"shipping-taxable","12":"purchasable","13":"product-type-variable"},"acf":[],"yoast_head":"<!-- This site is optimized with the Yoast SEO plugin v25.4 - https:\/\/yoast.com\/wordpress\/plugins\/seo\/ -->\n<title>Tricou Treizecizero Tennis Romanian Tennis is Fire<\/title>\n<meta name=\"description\" content=\"Un tricou cu un design ultramodern, care transmite un mesaj puternic. Tricoul \u201eRomanian Tennis is Fire\u201d e inspirat \u0219i dedicat numero\u0219ilor campioni pe care ni i-a oferit tenisul rom\u00e2nesc \u00een ultimul deceniu.\" \/>\n<meta name=\"robots\" content=\"index, follow, max-snippet:-1, max-image-preview:large, max-video-preview:-1\" \/>\n<link rel=\"canonical\" href=\"https:\/\/www.treizecizero.ro\/shop\/produs\/tricou-romanian-tennis-fire\/\" \/>\n<meta property=\"og:locale\" content=\"ro_RO\" \/>\n<meta property=\"og:type\" content=\"article\" \/>\n<meta property=\"og:title\" content=\"Tricou Treizecizero Tennis Romanian Tennis is Fire\" \/>\n<meta property=\"og:description\" content=\"Un tricou cu un design ultramodern, care transmite un mesaj puternic. Tricoul \u201eRomanian Tennis is Fire\u201d e inspirat \u0219i dedicat numero\u0219ilor campioni pe care ni i-a oferit tenisul rom\u00e2nesc \u00een ultimul deceniu.\" \/>\n<meta property=\"og:url\" content=\"https:\/\/www.treizecizero.ro\/shop\/produs\/tricou-romanian-tennis-fire\/\" \/>\n<meta property=\"og:site_name\" content=\"Shop Treizecizero\" \/>\n<meta property=\"article:modified_time\" content=\"2026-04-27T13:35:25+00:00\" \/>\n<meta property=\"og:image\" content=\"https:\/\/www.treizecizero.ro\/shop\/wp-content\/uploads\/2019\/01\/RoTennisIsFire-scaled.jpg\" \/>\n\t<meta property=\"og:image:width\" content=\"1707\" \/>\n\t<meta property=\"og:image:height\" content=\"2560\" \/>\n\t<meta property=\"og:image:type\" content=\"image\/jpeg\" \/>\n<meta name=\"twitter:card\" content=\"summary_large_image\" \/>\n<meta name=\"twitter:label1\" content=\"Timp estimat pentru citire\" \/>\n\t<meta name=\"twitter:data1\" content=\"3 minute\" \/>\n<script type=\"application\/ld+json\" class=\"yoast-schema-graph\">{\"@context\":\"https:\/\/schema.org\",\"@graph\":[{\"@type\":\"WebPage\",\"@id\":\"https:\/\/www.treizecizero.ro\/shop\/produs\/tricou-romanian-tennis-fire\/\",\"url\":\"https:\/\/www.treizecizero.ro\/shop\/produs\/tricou-romanian-tennis-fire\/\",\"name\":\"Tricou Treizecizero Tennis Romanian Tennis is Fire\",\"isPartOf\":{\"@id\":\"https:\/\/www.treizecizero.ro\/shop\/#website\"},\"primaryImageOfPage\":{\"@id\":\"https:\/\/www.treizecizero.ro\/shop\/produs\/tricou-romanian-tennis-fire\/#primaryimage\"},\"image\":{\"@id\":\"https:\/\/www.treizecizero.ro\/shop\/produs\/tricou-romanian-tennis-fire\/#primaryimage\"},\"thumbnailUrl\":\"https:\/\/www.treizecizero.ro\/shop\/wp-content\/uploads\/2019\/01\/RoTennisIsFire-scaled.jpg\",\"datePublished\":\"2020-01-16T12:25:36+00:00\",\"dateModified\":\"2026-04-27T13:35:25+00:00\",\"description\":\"Un tricou cu un design ultramodern, care transmite un mesaj puternic. Tricoul \u201eRomanian Tennis is Fire\u201d e inspirat \u0219i dedicat numero\u0219ilor campioni pe care ni i-a oferit tenisul rom\u00e2nesc \u00een ultimul deceniu.\",\"breadcrumb\":{\"@id\":\"https:\/\/www.treizecizero.ro\/shop\/produs\/tricou-romanian-tennis-fire\/#breadcrumb\"},\"inLanguage\":\"ro-RO\",\"potentialAction\":[{\"@type\":\"ReadAction\",\"target\":[\"https:\/\/www.treizecizero.ro\/shop\/produs\/tricou-romanian-tennis-fire\/\"]}]},{\"@type\":\"ImageObject\",\"inLanguage\":\"ro-RO\",\"@id\":\"https:\/\/www.treizecizero.ro\/shop\/produs\/tricou-romanian-tennis-fire\/#primaryimage\",\"url\":\"https:\/\/www.treizecizero.ro\/shop\/wp-content\/uploads\/2019\/01\/RoTennisIsFire-scaled.jpg\",\"contentUrl\":\"https:\/\/www.treizecizero.ro\/shop\/wp-content\/uploads\/2019\/01\/RoTennisIsFire-scaled.jpg\",\"width\":1707,\"height\":2560},{\"@type\":\"BreadcrumbList\",\"@id\":\"https:\/\/www.treizecizero.ro\/shop\/produs\/tricou-romanian-tennis-fire\/#breadcrumb\",\"itemListElement\":[{\"@type\":\"ListItem\",\"position\":1,\"name\":\"Prima pagin\u0103\",\"item\":\"https:\/\/www.treizecizero.ro\/shop\/\"},{\"@type\":\"ListItem\",\"position\":2,\"name\":\"Magazin\",\"item\":\"https:\/\/www.treizecizero.ro\/shop\/magazin\/\"},{\"@type\":\"ListItem\",\"position\":3,\"name\":\"Tricou Romanian Tennis is Fire\"}]},{\"@type\":\"WebSite\",\"@id\":\"https:\/\/www.treizecizero.ro\/shop\/#website\",\"url\":\"https:\/\/www.treizecizero.ro\/shop\/\",\"name\":\"Shop Treizecizero\",\"description\":\"\",\"potentialAction\":[{\"@type\":\"SearchAction\",\"target\":{\"@type\":\"EntryPoint\",\"urlTemplate\":\"https:\/\/www.treizecizero.ro\/shop\/?s={search_term_string}\"},\"query-input\":{\"@type\":\"PropertyValueSpecification\",\"valueRequired\":true,\"valueName\":\"search_term_string\"}}],\"inLanguage\":\"ro-RO\"}]}<\/script>\n<!-- \/ Yoast SEO plugin. -->","yoast_head_json":{"title":"Tricou Treizecizero Tennis Romanian Tennis is Fire","description":"Un tricou cu un design ultramodern, care transmite un mesaj puternic. Tricoul \u201eRomanian Tennis is Fire\u201d e inspirat \u0219i dedicat numero\u0219ilor campioni pe care ni i-a oferit tenisul rom\u00e2nesc \u00een ultimul deceniu.","robots":{"index":"index","follow":"follow","max-snippet":"max-snippet:-1","max-image-preview":"max-image-preview:large","max-video-preview":"max-video-preview:-1"},"canonical":"https:\/\/www.treizecizero.ro\/shop\/produs\/tricou-romanian-tennis-fire\/","og_locale":"ro_RO","og_type":"article","og_title":"Tricou Treizecizero Tennis Romanian Tennis is Fire","og_description":"Un tricou cu un design ultramodern, care transmite un mesaj puternic. Tricoul \u201eRomanian Tennis is Fire\u201d e inspirat \u0219i dedicat numero\u0219ilor campioni pe care ni i-a oferit tenisul rom\u00e2nesc \u00een ultimul deceniu.","og_url":"https:\/\/www.treizecizero.ro\/shop\/produs\/tricou-romanian-tennis-fire\/","og_site_name":"Shop Treizecizero","article_modified_time":"2026-04-27T13:35:25+00:00","og_image":[{"width":1707,"height":2560,"url":"https:\/\/www.treizecizero.ro\/shop\/wp-content\/uploads\/2019\/01\/RoTennisIsFire-scaled.jpg","type":"image\/jpeg"}],"twitter_card":"summary_large_image","twitter_misc":{"Timp estimat pentru citire":"3 minute"},"schema":{"@context":"https:\/\/schema.org","@graph":[{"@type":"WebPage","@id":"https:\/\/www.treizecizero.ro\/shop\/produs\/tricou-romanian-tennis-fire\/","url":"https:\/\/www.treizecizero.ro\/shop\/produs\/tricou-romanian-tennis-fire\/","name":"Tricou Treizecizero Tennis Romanian Tennis is Fire","isPartOf":{"@id":"https:\/\/www.treizecizero.ro\/shop\/#website"},"primaryImageOfPage":{"@id":"https:\/\/www.treizecizero.ro\/shop\/produs\/tricou-romanian-tennis-fire\/#primaryimage"},"image":{"@id":"https:\/\/www.treizecizero.ro\/shop\/produs\/tricou-romanian-tennis-fire\/#primaryimage"},"thumbnailUrl":"https:\/\/www.treizecizero.ro\/shop\/wp-content\/uploads\/2019\/01\/RoTennisIsFire-scaled.jpg","datePublished":"2020-01-16T12:25:36+00:00","dateModified":"2026-04-27T13:35:25+00:00","description":"Un tricou cu un design ultramodern, care transmite un mesaj puternic. Tricoul \u201eRomanian Tennis is Fire\u201d e inspirat \u0219i dedicat numero\u0219ilor campioni pe care ni i-a oferit tenisul rom\u00e2nesc \u00een ultimul deceniu.","breadcrumb":{"@id":"https:\/\/www.treizecizero.ro\/shop\/produs\/tricou-romanian-tennis-fire\/#breadcrumb"},"inLanguage":"ro-RO","potentialAction":[{"@type":"ReadAction","target":["https:\/\/www.treizecizero.ro\/shop\/produs\/tricou-romanian-tennis-fire\/"]}]},{"@type":"ImageObject","inLanguage":"ro-RO","@id":"https:\/\/www.treizecizero.ro\/shop\/produs\/tricou-romanian-tennis-fire\/#primaryimage","url":"https:\/\/www.treizecizero.ro\/shop\/wp-content\/uploads\/2019\/01\/RoTennisIsFire-scaled.jpg","contentUrl":"https:\/\/www.treizecizero.ro\/shop\/wp-content\/uploads\/2019\/01\/RoTennisIsFire-scaled.jpg","width":1707,"height":2560},{"@type":"BreadcrumbList","@id":"https:\/\/www.treizecizero.ro\/shop\/produs\/tricou-romanian-tennis-fire\/#breadcrumb","itemListElement":[{"@type":"ListItem","position":1,"name":"Prima pagin\u0103","item":"https:\/\/www.treizecizero.ro\/shop\/"},{"@type":"ListItem","position":2,"name":"Magazin","item":"https:\/\/www.treizecizero.ro\/shop\/magazin\/"},{"@type":"ListItem","position":3,"name":"Tricou Romanian Tennis is Fire"}]},{"@type":"WebSite","@id":"https:\/\/www.treizecizero.ro\/shop\/#website","url":"https:\/\/www.treizecizero.ro\/shop\/","name":"Shop Treizecizero","description":"","potentialAction":[{"@type":"SearchAction","target":{"@type":"EntryPoint","urlTemplate":"https:\/\/www.treizecizero.ro\/shop\/?s={search_term_string}"},"query-input":{"@type":"PropertyValueSpecification","valueRequired":true,"valueName":"search_term_string"}}],"inLanguage":"ro-RO"}]}},"_links":{"self":[{"href":"https:\/\/www.treizecizero.ro\/shop\/wp-json\/wp\/v2\/product\/3257","targetHints":{"allow":["GET"]}}],"collection":[{"href":"https:\/\/www.treizecizero.ro\/shop\/wp-json\/wp\/v2\/product"}],"about":[{"href":"https:\/\/www.treizecizero.ro\/shop\/wp-json\/wp\/v2\/types\/product"}],"wp:featuredmedia":[{"embeddable":true,"href":"https:\/\/www.treizecizero.ro\/shop\/wp-json\/wp\/v2\/media\/4564"}],"wp:attachment":[{"href":"https:\/\/www.treizecizero.ro\/shop\/wp-json\/wp\/v2\/media?parent=3257"}],"wp:term":[{"taxonomy":"product_brand","embeddable":true,"href":"https:\/\/www.treizecizero.ro\/shop\/wp-json\/wp\/v2\/product_brand?post=3257"},{"taxonomy":"product_cat","embeddable":true,"href":"https:\/\/www.treizecizero.ro\/shop\/wp-json\/wp\/v2\/product_cat?post=3257"},{"taxonomy":"product_tag","embeddable":true,"href":"https:\/\/www.treizecizero.ro\/shop\/wp-json\/wp\/v2\/product_tag?post=3257"}],"curies":[{"name":"wp","href":"https:\/\/api.w.org\/{rel}","templated":true}]}}