{"id":3003,"date":"2019-07-17T13:47:21","date_gmt":"2019-07-17T11:47:21","guid":{"rendered":"https:\/\/www.treizecizero.ro\/shop\/?post_type=product&#038;p=3003"},"modified":"2026-02-17T15:25:07","modified_gmt":"2026-02-17T13:25:07","slug":"simona-al-doilea-slam-povestea-de-la-wimbledon","status":"publish","type":"product","link":"https:\/\/www.treizecizero.ro\/shop\/produs\/simona-al-doilea-slam-povestea-de-la-wimbledon\/","title":{"rendered":"Simona, Al Doilea Slam. Povestea de la Wimbledon"},"content":{"rendered":"<div class=\"descriere-stanga\">\n<h2><strong>&#8222;Simona, al Doilea Slam. Povestea de la Wimbledon&#8221;<\/strong><\/h2>\n<p>Simona Halep este campioan\u0103 Wimbledon, al doilea titlu de Grand Slam al carierei, \u0219i unul de un impact uria\u0219: a venit la turneul cel mai prestigios din lume, pe o suprafa\u021b\u0103 foarte preten\u021bioas\u0103, a fost c\u00e2\u0219tigat cu un tenis de o calitate foarte ridicat\u0103, iar triumful <a href=\"https:\/\/www.treizecizero.ro\/news\/ce-se-schimba-dupa-titlul-simonei-halep-la-wimbledon-si-cum-au-fost-posibile-aceste-schimbari\" target=\"_blank\" rel=\"noopener\">a s\u0103ltat-o pe Simona la un cu totul alt nivel.<\/a> Asta \u00eenseamn\u0103 c\u0103 sunt foarte multe lucruri de spus, de povestit \u0219i de contextualizat. Prima rom\u00e2nc\u0103 \u00eenving\u0103toare la Wimbledon merit\u0103 o publica\u021bie pe m\u0103sur\u0103.<\/p>\n<p>Atmosfera Wimbledon 2019 este povestit\u0103 de Camelia Butulig\u0103 \u0219i Adrian \u021aoca, autorii 30-0 care au urm\u0103rit-o pe Simona de-a lungul carierei. Publica\u021bia aduce impresii tr\u0103ite la Londra \u00een timpul turneului \u0219i perspective originale.<\/p>\n<p>\u00ce\u021bi preg\u0103tim text \u0219i imagine, analiz\u0103 \u0219i emo\u021bie, design \u0219i substan\u021b\u0103, invita\u021bi speciali \u0219i surprize cum \u0219tii c\u0103 obi\u0219nuim mereu. Punem la b\u0103taie toat\u0103 energia ca s\u0103-\u021bi oferim o publica\u021bie a\u0219a cum aceast\u0103 performan\u021b\u0103 merit\u0103. A\u0219a cum fanii tenisului de calitate merit\u0103. Asigur\u0103-te c\u0103 nu o ratezi \u0219i completeaz\u0103-\u021bi colec\u021bia!<\/p>\n<\/div>\n<div class=\"descriere-centru\">\n<h2>Important de re\u021binut<\/h2>\n<p><strong>&#8222;Simona, al Doilea Slam. Povestea de la Wimbledon&#8221;<\/strong> este un produs editorial original 30-0, dedicat \u00een \u00eentregime triumfului Simonei la Wimbledon 2019, triumf pe care realizatorii acestei publica\u021bii l-au documentat de la fa\u021ba locului.<\/p>\n<p>Este singura publica\u021bie din Rom\u00e2nia dedicat\u0103 acestei performan\u021be uria\u0219e din istoria sportului rom\u00e2nesc. <a href=\"https:\/\/www.treizecizero.ro\/shop\/produs\/simona-halep-povestea-primului-slam-o-publicatie-treizecizero\/\" target=\"_blank\" rel=\"noopener\"><strong>Continu\u0103 seria \u00eenceput\u0103 de &#8222;Simona. Povestea Primului Slam&#8221;.<\/strong><\/a><\/p>\n<p>La fel ca <a href=\"https:\/\/www.treizecizero.ro\/shop\/categorie-produs\/publicatii\/\" target=\"_blank\" rel=\"noopener\">toate celelalte apari\u021bii editoriale<\/a> de la <a href=\"https:\/\/www.treizecizero.ro\/shop\/categorie-produs\/publicatii\/\" target=\"_blank\" rel=\"noopener\">3<\/a>0-0, e o publica\u021bie \u00eengrijit\u0103 \u00een condi\u021bii grafice excelente, un produs premium de pus \u00een colec\u021bie.<\/p>\n<p>Fii sigur c\u0103 prinzi un exemplar plas\u00e2nd comanda acum.<\/p>\n<\/div>\n<div class=\"descriere-dreapta\">\n<h2>\u201eSimona, al Doilea Slam. Povestea de la Wimbledon\u201c<\/h2>\n<p><strong>Din sumar:<\/strong><\/p>\n<ul>\n<li><strong>exclusiv:<\/strong> <strong>un eseu semnat de Darren Cahill, special pentru publica\u021bia noastr\u0103<\/strong><\/li>\n<li>autori invita\u021bi din Rom\u00e2nia \u0219i din presa interna\u021bional\u0103: Steve Tignor, Louisa Thomas, Mert Ertunga, Lumini\u021ba Paul, Dana Maria Dogariu<\/li>\n<li>drumul Simonei c\u0103tre titlul de la Londra<\/li>\n<li>Wimbledon, analiza fiec\u0103rui meci cu meci, plus o analiz\u0103 detaliat\u0103 a finalei cu Serena Williams<\/li>\n<li>un profil al lui Daniel Dobre, antrenorul care a ajutat-o pe Simona s\u0103 c\u00e2\u0219tige titlul la Londra<\/li>\n<li>un reportaj de la Wimbledon&#8217;s Ball &#8211; acolo unde 30-0 a fost invitat<\/li>\n<li>comentarii \u0219i analize ale echipei 30-0<\/li>\n<li>fotografiile Wimbledon 2019<\/li>\n<li>surprize!<\/li>\n<\/ul>\n<h2>Detalii<\/h2>\n<p><strong>104 pagini, format 33&#215;23; copert\u0103 320g<\/strong><\/p>\n<p>Livrare oriunde \u00een Rom\u00e2nia \u0219i \u00een lume.<\/p>\n<p>Produs c\u0103ruia nu i se aplic\u0103 alte promo\u021bii \u0219i oferte.<\/p>\n<\/div>\n","protected":false},"excerpt":{"rendered":"<p><b>Publicat\u0103 dup\u0103 finala de la Wimbledon 2019, aceast\u0103 edi\u021bie premium, curatoriat\u0103 cu aceea\u0219i grij\u0103 editorial\u0103 care define\u0219te \u0219i noul album<em>, &#8216;Din Rom\u00e2nia, Simona Halep&#8217;,<\/em> a devenit rapid o pies\u0103 c\u0103utat\u0103 de colec\u021bionari. Mai exist\u0103 doar c\u00e2teva exemplare: o ocazie rar\u0103 de a ad\u0103uga colec\u021biei tale un print-statement din istoria Simonei.<\/b><\/p>\n","protected":false},"featured_media":3641,"template":"","meta":{"_acf_changed":false},"product_brand":[],"product_cat":[17,22],"product_tag":[],"class_list":{"0":"post-3003","1":"product","2":"type-product","3":"status-publish","4":"has-post-thumbnail","6":"product_cat-promo","7":"product_cat-publicatii","9":"first","10":"instock","11":"shipping-taxable","12":"purchasable","13":"product-type-simple"},"acf":[],"yoast_head":"<!-- This site is optimized with the Yoast SEO plugin v25.4 - https:\/\/yoast.com\/wordpress\/plugins\/seo\/ -->\n<title>Simona, al doilea Slam. Povestea de la Wimbledon<\/title>\n<meta name=\"description\" content=\"Povestea continu\u0103! Iar noi continu\u0103m s\u0103 o scriem. Simona. Al Doilea Slam. Povestea de la Wimbledon este publica\u021bia Treizecizero dedicat\u0103 \u00een \u00eentregime triumfului Simonei Halep de la Wimbledon 2019, triumf pe care l-am urm\u0103rit de la fa\u021ba locului. Nu o rata! F\u0103 o comand\u0103 ACUM.\" \/>\n<meta name=\"robots\" content=\"index, follow, max-snippet:-1, max-image-preview:large, max-video-preview:-1\" \/>\n<link rel=\"canonical\" href=\"https:\/\/www.treizecizero.ro\/shop\/produs\/simona-al-doilea-slam-povestea-de-la-wimbledon\/\" \/>\n<meta property=\"og:locale\" content=\"ro_RO\" \/>\n<meta property=\"og:type\" content=\"article\" \/>\n<meta property=\"og:title\" content=\"Simona, al doilea Slam. Povestea de la Wimbledon\" \/>\n<meta property=\"og:description\" content=\"Povestea continu\u0103! Iar noi continu\u0103m s\u0103 o scriem. Simona. Al Doilea Slam. Povestea de la Wimbledon este publica\u021bia Treizecizero dedicat\u0103 \u00een \u00eentregime triumfului Simonei Halep de la Wimbledon 2019, triumf pe care l-am urm\u0103rit de la fa\u021ba locului. Nu o rata! F\u0103 o comand\u0103 ACUM.\" \/>\n<meta property=\"og:url\" content=\"https:\/\/www.treizecizero.ro\/shop\/produs\/simona-al-doilea-slam-povestea-de-la-wimbledon\/\" \/>\n<meta property=\"og:site_name\" content=\"Shop Treizecizero\" \/>\n<meta property=\"article:modified_time\" content=\"2026-02-17T13:25:07+00:00\" \/>\n<meta property=\"og:image\" content=\"https:\/\/www.treizecizero.ro\/shop\/wp-content\/uploads\/2019\/07\/coperta-revista-30-0-2.jpg\" \/>\n\t<meta property=\"og:image:width\" content=\"2000\" \/>\n\t<meta property=\"og:image:height\" content=\"2785\" \/>\n\t<meta property=\"og:image:type\" content=\"image\/jpeg\" \/>\n<meta name=\"twitter:card\" content=\"summary_large_image\" \/>\n<meta name=\"twitter:label1\" content=\"Timp estimat pentru citire\" \/>\n\t<meta name=\"twitter:data1\" content=\"3 minute\" \/>\n<script type=\"application\/ld+json\" class=\"yoast-schema-graph\">{\"@context\":\"https:\/\/schema.org\",\"@graph\":[{\"@type\":\"WebPage\",\"@id\":\"https:\/\/www.treizecizero.ro\/shop\/produs\/simona-al-doilea-slam-povestea-de-la-wimbledon\/\",\"url\":\"https:\/\/www.treizecizero.ro\/shop\/produs\/simona-al-doilea-slam-povestea-de-la-wimbledon\/\",\"name\":\"Simona, al doilea Slam. Povestea de la Wimbledon\",\"isPartOf\":{\"@id\":\"https:\/\/www.treizecizero.ro\/shop\/#website\"},\"primaryImageOfPage\":{\"@id\":\"https:\/\/www.treizecizero.ro\/shop\/produs\/simona-al-doilea-slam-povestea-de-la-wimbledon\/#primaryimage\"},\"image\":{\"@id\":\"https:\/\/www.treizecizero.ro\/shop\/produs\/simona-al-doilea-slam-povestea-de-la-wimbledon\/#primaryimage\"},\"thumbnailUrl\":\"https:\/\/www.treizecizero.ro\/shop\/wp-content\/uploads\/2019\/07\/coperta-revista-30-0-2-scaled.jpg\",\"datePublished\":\"2019-07-17T11:47:21+00:00\",\"dateModified\":\"2026-02-17T13:25:07+00:00\",\"description\":\"Povestea continu\u0103! Iar noi continu\u0103m s\u0103 o scriem. Simona. Al Doilea Slam. Povestea de la Wimbledon este publica\u021bia Treizecizero dedicat\u0103 \u00een \u00eentregime triumfului Simonei Halep de la Wimbledon 2019, triumf pe care l-am urm\u0103rit de la fa\u021ba locului. Nu o rata! F\u0103 o comand\u0103 ACUM.\",\"breadcrumb\":{\"@id\":\"https:\/\/www.treizecizero.ro\/shop\/produs\/simona-al-doilea-slam-povestea-de-la-wimbledon\/#breadcrumb\"},\"inLanguage\":\"ro-RO\",\"potentialAction\":[{\"@type\":\"ReadAction\",\"target\":[\"https:\/\/www.treizecizero.ro\/shop\/produs\/simona-al-doilea-slam-povestea-de-la-wimbledon\/\"]}]},{\"@type\":\"ImageObject\",\"inLanguage\":\"ro-RO\",\"@id\":\"https:\/\/www.treizecizero.ro\/shop\/produs\/simona-al-doilea-slam-povestea-de-la-wimbledon\/#primaryimage\",\"url\":\"https:\/\/www.treizecizero.ro\/shop\/wp-content\/uploads\/2019\/07\/coperta-revista-30-0-2-scaled.jpg\",\"contentUrl\":\"https:\/\/www.treizecizero.ro\/shop\/wp-content\/uploads\/2019\/07\/coperta-revista-30-0-2-scaled.jpg\",\"width\":1838,\"height\":2560},{\"@type\":\"BreadcrumbList\",\"@id\":\"https:\/\/www.treizecizero.ro\/shop\/produs\/simona-al-doilea-slam-povestea-de-la-wimbledon\/#breadcrumb\",\"itemListElement\":[{\"@type\":\"ListItem\",\"position\":1,\"name\":\"Prima pagin\u0103\",\"item\":\"https:\/\/www.treizecizero.ro\/shop\/\"},{\"@type\":\"ListItem\",\"position\":2,\"name\":\"Magazin\",\"item\":\"https:\/\/www.treizecizero.ro\/shop\/magazin\/\"},{\"@type\":\"ListItem\",\"position\":3,\"name\":\"Simona, Al Doilea Slam. Povestea de la Wimbledon\"}]},{\"@type\":\"WebSite\",\"@id\":\"https:\/\/www.treizecizero.ro\/shop\/#website\",\"url\":\"https:\/\/www.treizecizero.ro\/shop\/\",\"name\":\"Shop Treizecizero\",\"description\":\"\",\"potentialAction\":[{\"@type\":\"SearchAction\",\"target\":{\"@type\":\"EntryPoint\",\"urlTemplate\":\"https:\/\/www.treizecizero.ro\/shop\/?s={search_term_string}\"},\"query-input\":{\"@type\":\"PropertyValueSpecification\",\"valueRequired\":true,\"valueName\":\"search_term_string\"}}],\"inLanguage\":\"ro-RO\"}]}<\/script>\n<!-- \/ Yoast SEO plugin. -->","yoast_head_json":{"title":"Simona, al doilea Slam. Povestea de la Wimbledon","description":"Povestea continu\u0103! Iar noi continu\u0103m s\u0103 o scriem. Simona. Al Doilea Slam. Povestea de la Wimbledon este publica\u021bia Treizecizero dedicat\u0103 \u00een \u00eentregime triumfului Simonei Halep de la Wimbledon 2019, triumf pe care l-am urm\u0103rit de la fa\u021ba locului. Nu o rata! F\u0103 o comand\u0103 ACUM.","robots":{"index":"index","follow":"follow","max-snippet":"max-snippet:-1","max-image-preview":"max-image-preview:large","max-video-preview":"max-video-preview:-1"},"canonical":"https:\/\/www.treizecizero.ro\/shop\/produs\/simona-al-doilea-slam-povestea-de-la-wimbledon\/","og_locale":"ro_RO","og_type":"article","og_title":"Simona, al doilea Slam. Povestea de la Wimbledon","og_description":"Povestea continu\u0103! Iar noi continu\u0103m s\u0103 o scriem. Simona. Al Doilea Slam. Povestea de la Wimbledon este publica\u021bia Treizecizero dedicat\u0103 \u00een \u00eentregime triumfului Simonei Halep de la Wimbledon 2019, triumf pe care l-am urm\u0103rit de la fa\u021ba locului. Nu o rata! F\u0103 o comand\u0103 ACUM.","og_url":"https:\/\/www.treizecizero.ro\/shop\/produs\/simona-al-doilea-slam-povestea-de-la-wimbledon\/","og_site_name":"Shop Treizecizero","article_modified_time":"2026-02-17T13:25:07+00:00","og_image":[{"width":2000,"height":2785,"url":"https:\/\/www.treizecizero.ro\/shop\/wp-content\/uploads\/2019\/07\/coperta-revista-30-0-2.jpg","type":"image\/jpeg"}],"twitter_card":"summary_large_image","twitter_misc":{"Timp estimat pentru citire":"3 minute"},"schema":{"@context":"https:\/\/schema.org","@graph":[{"@type":"WebPage","@id":"https:\/\/www.treizecizero.ro\/shop\/produs\/simona-al-doilea-slam-povestea-de-la-wimbledon\/","url":"https:\/\/www.treizecizero.ro\/shop\/produs\/simona-al-doilea-slam-povestea-de-la-wimbledon\/","name":"Simona, al doilea Slam. Povestea de la Wimbledon","isPartOf":{"@id":"https:\/\/www.treizecizero.ro\/shop\/#website"},"primaryImageOfPage":{"@id":"https:\/\/www.treizecizero.ro\/shop\/produs\/simona-al-doilea-slam-povestea-de-la-wimbledon\/#primaryimage"},"image":{"@id":"https:\/\/www.treizecizero.ro\/shop\/produs\/simona-al-doilea-slam-povestea-de-la-wimbledon\/#primaryimage"},"thumbnailUrl":"https:\/\/www.treizecizero.ro\/shop\/wp-content\/uploads\/2019\/07\/coperta-revista-30-0-2-scaled.jpg","datePublished":"2019-07-17T11:47:21+00:00","dateModified":"2026-02-17T13:25:07+00:00","description":"Povestea continu\u0103! Iar noi continu\u0103m s\u0103 o scriem. Simona. Al Doilea Slam. Povestea de la Wimbledon este publica\u021bia Treizecizero dedicat\u0103 \u00een \u00eentregime triumfului Simonei Halep de la Wimbledon 2019, triumf pe care l-am urm\u0103rit de la fa\u021ba locului. Nu o rata! F\u0103 o comand\u0103 ACUM.","breadcrumb":{"@id":"https:\/\/www.treizecizero.ro\/shop\/produs\/simona-al-doilea-slam-povestea-de-la-wimbledon\/#breadcrumb"},"inLanguage":"ro-RO","potentialAction":[{"@type":"ReadAction","target":["https:\/\/www.treizecizero.ro\/shop\/produs\/simona-al-doilea-slam-povestea-de-la-wimbledon\/"]}]},{"@type":"ImageObject","inLanguage":"ro-RO","@id":"https:\/\/www.treizecizero.ro\/shop\/produs\/simona-al-doilea-slam-povestea-de-la-wimbledon\/#primaryimage","url":"https:\/\/www.treizecizero.ro\/shop\/wp-content\/uploads\/2019\/07\/coperta-revista-30-0-2-scaled.jpg","contentUrl":"https:\/\/www.treizecizero.ro\/shop\/wp-content\/uploads\/2019\/07\/coperta-revista-30-0-2-scaled.jpg","width":1838,"height":2560},{"@type":"BreadcrumbList","@id":"https:\/\/www.treizecizero.ro\/shop\/produs\/simona-al-doilea-slam-povestea-de-la-wimbledon\/#breadcrumb","itemListElement":[{"@type":"ListItem","position":1,"name":"Prima pagin\u0103","item":"https:\/\/www.treizecizero.ro\/shop\/"},{"@type":"ListItem","position":2,"name":"Magazin","item":"https:\/\/www.treizecizero.ro\/shop\/magazin\/"},{"@type":"ListItem","position":3,"name":"Simona, Al Doilea Slam. Povestea de la Wimbledon"}]},{"@type":"WebSite","@id":"https:\/\/www.treizecizero.ro\/shop\/#website","url":"https:\/\/www.treizecizero.ro\/shop\/","name":"Shop Treizecizero","description":"","potentialAction":[{"@type":"SearchAction","target":{"@type":"EntryPoint","urlTemplate":"https:\/\/www.treizecizero.ro\/shop\/?s={search_term_string}"},"query-input":{"@type":"PropertyValueSpecification","valueRequired":true,"valueName":"search_term_string"}}],"inLanguage":"ro-RO"}]}},"_links":{"self":[{"href":"https:\/\/www.treizecizero.ro\/shop\/wp-json\/wp\/v2\/product\/3003","targetHints":{"allow":["GET"]}}],"collection":[{"href":"https:\/\/www.treizecizero.ro\/shop\/wp-json\/wp\/v2\/product"}],"about":[{"href":"https:\/\/www.treizecizero.ro\/shop\/wp-json\/wp\/v2\/types\/product"}],"wp:featuredmedia":[{"embeddable":true,"href":"https:\/\/www.treizecizero.ro\/shop\/wp-json\/wp\/v2\/media\/3641"}],"wp:attachment":[{"href":"https:\/\/www.treizecizero.ro\/shop\/wp-json\/wp\/v2\/media?parent=3003"}],"wp:term":[{"taxonomy":"product_brand","embeddable":true,"href":"https:\/\/www.treizecizero.ro\/shop\/wp-json\/wp\/v2\/product_brand?post=3003"},{"taxonomy":"product_cat","embeddable":true,"href":"https:\/\/www.treizecizero.ro\/shop\/wp-json\/wp\/v2\/product_cat?post=3003"},{"taxonomy":"product_tag","embeddable":true,"href":"https:\/\/www.treizecizero.ro\/shop\/wp-json\/wp\/v2\/product_tag?post=3003"}],"curies":[{"name":"wp","href":"https:\/\/api.w.org\/{rel}","templated":true}]}}