{"id":2909,"date":"2019-05-28T21:12:08","date_gmt":"2019-05-28T19:12:08","guid":{"rendered":"https:\/\/www.treizecizero.ro\/shop\/?post_type=product&#038;p=2909"},"modified":"2021-10-11T14:08:17","modified_gmt":"2021-10-11T12:08:17","slug":"tricou-celebration","status":"publish","type":"product","link":"https:\/\/www.treizecizero.ro\/shop\/produs\/tricou-celebration\/","title":{"rendered":"Tricou Celebration"},"content":{"rendered":"<div class=\"descriere-stanga\">\n<h2>Tricou nou de la 30-0!<\/h2>\n<p>Primul Slam nu se uit\u0103 niciodat\u0103! A\u0219a c\u0103 facem un tricou care s\u0103 ne reaminteasc\u0103 de finala Roland Garros 2018, dar care poate fi o metafor\u0103 pentru orice zi minunat\u0103, orice scor de neuitat, orice reu\u0219it\u0103 care poate fi \u00eenceputul pentru multe alte lucruri frumoase. <strong>Edi\u021bie limitat\u0103!<\/strong><\/p>\n<p>&nbsp;<\/p>\n<\/div>\n<div class=\"descriere-centru\">\n<h2>Disponibil pe alb \u0219i pe negru<\/h2>\n<p><strong>Tricoul Celebration\u00a0<\/strong>are un design minimalist, cu inspira\u021bie din tabela de scor de la sf\u00e2r\u0219itul finalei Roland Garros 2018.<\/p>\n<p>E disponibil \u00een urm\u0103toarele versiuni:<\/p>\n<p><strong>&#8211; tricou alb cu grafic\u0103 albastr\u0103<\/strong> (alege butonul alb);<br \/>\n&#8211; <strong>tricou<\/strong>\u00a0<strong>alb cu grafic\u0103 ro\u0219ie<\/strong> (alege butonul ro\u0219u);<br \/>\n&#8211; <strong>tricou<\/strong>\u00a0<strong>negru cu grafica verde<\/strong> (alege butonul negru).<\/p>\n<p>&nbsp;<\/p>\n<p>Tricourile <strong>Celebration<\/strong><b>\u00a0<\/b>sunt fabricate 100% din bumbac organic, piept\u0103nat, moale, care asigur\u0103 un confort sporit.<\/p>\n<p><span style=\"text-decoration: underline;\"><strong>IMPORTANT:<\/strong><\/span> Croiala ambelor modele, masculin \u0219i feminin, este\u00a0<strong>medium fit.<\/strong><\/p>\n<p>Sp\u0103larea recomandat\u0103 este automat\u0103.<\/p>\n<p>&nbsp;<\/p>\n<\/div>\n<div class=\"descriere-dreapta\">\n<h2>M\u0103rimi, culori disponibile<\/h2>\n<p><strong>Adul\u021bi<\/strong><\/p>\n<p>XS (doar feminin)<br \/>\nS (masculin, feminin)<br \/>\nM\u00a0(masculin, feminin)<br \/>\nL (masculin, feminin)<br \/>\nXL (doar masculin)<\/p>\n<p><strong>Culori disponibile:<\/strong> alb (alb cu albastru \u0219i alb cu ro\u0219u), negru<\/p>\n<p>Descrierea m\u0103rimilor pentru b\u0103rba\u021bi<\/p>\n<p><a href=\"https:\/\/www.treizecizero.ro\/shop\/wp-content\/uploads\/2019\/01\/marimi-tricouri-barbati.jpg\"><img loading=\"lazy\" decoding=\"async\" class=\"alignleft wp-image-2593 size-medium\" src=\"https:\/\/www.treizecizero.ro\/shop\/wp-content\/uploads\/2019\/01\/marimi-tricouri-barbati-300x167.jpg\" alt=\"\" width=\"300\" height=\"167\" srcset=\"https:\/\/www.treizecizero.ro\/shop\/wp-content\/uploads\/2019\/01\/marimi-tricouri-barbati-300x167.jpg 300w, https:\/\/www.treizecizero.ro\/shop\/wp-content\/uploads\/2019\/01\/marimi-tricouri-barbati-800x444.jpg 800w, https:\/\/www.treizecizero.ro\/shop\/wp-content\/uploads\/2019\/01\/marimi-tricouri-barbati-768x427.jpg 768w, https:\/\/www.treizecizero.ro\/shop\/wp-content\/uploads\/2019\/01\/marimi-tricouri-barbati-1024x569.jpg 1024w, https:\/\/www.treizecizero.ro\/shop\/wp-content\/uploads\/2019\/01\/marimi-tricouri-barbati.jpg 1062w\" sizes=\"auto, (max-width: 300px) 100vw, 300px\" \/><\/a><\/p>\n<p>&nbsp;<\/p>\n<p>Descrierea m\u0103rimilor pentru femei<\/p>\n<p><img loading=\"lazy\" decoding=\"async\" class=\"alignnone wp-image-2592 size-medium\" src=\"https:\/\/www.treizecizero.ro\/shop\/wp-content\/uploads\/2019\/01\/marimi-tricouri-femei-300x164.jpg\" alt=\"\" width=\"300\" height=\"164\" srcset=\"https:\/\/www.treizecizero.ro\/shop\/wp-content\/uploads\/2019\/01\/marimi-tricouri-femei-300x164.jpg 300w, https:\/\/www.treizecizero.ro\/shop\/wp-content\/uploads\/2019\/01\/marimi-tricouri-femei-800x438.jpg 800w, https:\/\/www.treizecizero.ro\/shop\/wp-content\/uploads\/2019\/01\/marimi-tricouri-femei-768x420.jpg 768w, https:\/\/www.treizecizero.ro\/shop\/wp-content\/uploads\/2019\/01\/marimi-tricouri-femei-1024x560.jpg 1024w, https:\/\/www.treizecizero.ro\/shop\/wp-content\/uploads\/2019\/01\/marimi-tricouri-femei.jpg 1186w\" sizes=\"auto, (max-width: 300px) 100vw, 300px\" \/><\/p>\n<p>&nbsp;<\/p>\n<\/div>\n<p>&nbsp;<\/p>\n","protected":false},"excerpt":{"rendered":"<p>Primul Slam nu se uit\u0103 niciodat\u0103! un tricou care s\u0103 ne reaminteasc\u0103 de finala Roland Garros 2018, dar care poate fi o metafor\u0103 pentru orice zi minunat\u0103, orice scor de neuitat, orice reu\u0219it\u0103 care poate fi \u00eenceputul pentru multe alte lucruri frumoase.<\/p>\n<p>Design votat de cititorii 30-0! Edi\u021bie limitat\u0103!<\/p>\n","protected":false},"featured_media":2927,"template":"","meta":{"_acf_changed":false},"product_brand":[],"product_cat":[19],"product_tag":[],"class_list":{"0":"post-2909","1":"product","2":"type-product","3":"status-publish","4":"has-post-thumbnail","6":"product_cat-tricouri-tenis","8":"first","9":"instock","10":"shipping-taxable","11":"purchasable","12":"product-type-variable"},"acf":[],"yoast_head":"<!-- This site is optimized with the Yoast SEO plugin v25.4 - https:\/\/yoast.com\/wordpress\/plugins\/seo\/ -->\n<title>Tricou tenis Treizecizero Celebration<\/title>\n<meta name=\"description\" content=\"Primul Slam nu se uit\u0103 niciodat\u0103! A\u0219a c\u0103 facem un tricou care s\u0103 ne reaminteasc\u0103 de acea zi minunat\u0103, de acel scor de neuitat, care poate fi \u00eenceputul pentru multe alte lucruri frumoase.\u00a0Design votat de cititorii 30-0!\" \/>\n<meta name=\"robots\" content=\"index, follow, max-snippet:-1, max-image-preview:large, max-video-preview:-1\" \/>\n<link rel=\"canonical\" href=\"https:\/\/www.treizecizero.ro\/shop\/produs\/tricou-celebration\/\" \/>\n<meta property=\"og:locale\" content=\"ro_RO\" \/>\n<meta property=\"og:type\" content=\"article\" \/>\n<meta property=\"og:title\" content=\"Tricou tenis Treizecizero Celebration\" \/>\n<meta property=\"og:description\" content=\"Primul Slam nu se uit\u0103 niciodat\u0103! A\u0219a c\u0103 facem un tricou care s\u0103 ne reaminteasc\u0103 de acea zi minunat\u0103, de acel scor de neuitat, care poate fi \u00eenceputul pentru multe alte lucruri frumoase.\u00a0Design votat de cititorii 30-0!\" \/>\n<meta property=\"og:url\" content=\"https:\/\/www.treizecizero.ro\/shop\/produs\/tricou-celebration\/\" \/>\n<meta property=\"og:site_name\" content=\"Shop Treizecizero\" \/>\n<meta property=\"article:modified_time\" content=\"2021-10-11T12:08:17+00:00\" \/>\n<meta property=\"og:image\" content=\"https:\/\/www.treizecizero.ro\/shop\/wp-content\/uploads\/2019\/05\/Tricou-Tabela-V2.jpeg\" \/>\n\t<meta property=\"og:image:width\" content=\"1600\" \/>\n\t<meta property=\"og:image:height\" content=\"1142\" \/>\n\t<meta property=\"og:image:type\" content=\"image\/jpeg\" \/>\n<meta name=\"twitter:card\" content=\"summary_large_image\" \/>\n<meta name=\"twitter:label1\" content=\"Timp estimat pentru citire\" \/>\n\t<meta name=\"twitter:data1\" content=\"1 minut\" \/>\n<script type=\"application\/ld+json\" class=\"yoast-schema-graph\">{\"@context\":\"https:\/\/schema.org\",\"@graph\":[{\"@type\":\"WebPage\",\"@id\":\"https:\/\/www.treizecizero.ro\/shop\/produs\/tricou-celebration\/\",\"url\":\"https:\/\/www.treizecizero.ro\/shop\/produs\/tricou-celebration\/\",\"name\":\"Tricou tenis Treizecizero Celebration\",\"isPartOf\":{\"@id\":\"https:\/\/www.treizecizero.ro\/shop\/#website\"},\"primaryImageOfPage\":{\"@id\":\"https:\/\/www.treizecizero.ro\/shop\/produs\/tricou-celebration\/#primaryimage\"},\"image\":{\"@id\":\"https:\/\/www.treizecizero.ro\/shop\/produs\/tricou-celebration\/#primaryimage\"},\"thumbnailUrl\":\"https:\/\/www.treizecizero.ro\/shop\/wp-content\/uploads\/2019\/05\/Tricou-Tabela-V2.jpeg\",\"datePublished\":\"2019-05-28T19:12:08+00:00\",\"dateModified\":\"2021-10-11T12:08:17+00:00\",\"description\":\"Primul Slam nu se uit\u0103 niciodat\u0103! A\u0219a c\u0103 facem un tricou care s\u0103 ne reaminteasc\u0103 de acea zi minunat\u0103, de acel scor de neuitat, care poate fi \u00eenceputul pentru multe alte lucruri frumoase.\u00a0Design votat de cititorii 30-0!\",\"breadcrumb\":{\"@id\":\"https:\/\/www.treizecizero.ro\/shop\/produs\/tricou-celebration\/#breadcrumb\"},\"inLanguage\":\"ro-RO\",\"potentialAction\":[{\"@type\":\"ReadAction\",\"target\":[\"https:\/\/www.treizecizero.ro\/shop\/produs\/tricou-celebration\/\"]}]},{\"@type\":\"ImageObject\",\"inLanguage\":\"ro-RO\",\"@id\":\"https:\/\/www.treizecizero.ro\/shop\/produs\/tricou-celebration\/#primaryimage\",\"url\":\"https:\/\/www.treizecizero.ro\/shop\/wp-content\/uploads\/2019\/05\/Tricou-Tabela-V2.jpeg\",\"contentUrl\":\"https:\/\/www.treizecizero.ro\/shop\/wp-content\/uploads\/2019\/05\/Tricou-Tabela-V2.jpeg\",\"width\":1600,\"height\":1142},{\"@type\":\"BreadcrumbList\",\"@id\":\"https:\/\/www.treizecizero.ro\/shop\/produs\/tricou-celebration\/#breadcrumb\",\"itemListElement\":[{\"@type\":\"ListItem\",\"position\":1,\"name\":\"Prima pagin\u0103\",\"item\":\"https:\/\/www.treizecizero.ro\/shop\/\"},{\"@type\":\"ListItem\",\"position\":2,\"name\":\"Magazin\",\"item\":\"https:\/\/www.treizecizero.ro\/shop\/magazin\/\"},{\"@type\":\"ListItem\",\"position\":3,\"name\":\"Tricou Celebration\"}]},{\"@type\":\"WebSite\",\"@id\":\"https:\/\/www.treizecizero.ro\/shop\/#website\",\"url\":\"https:\/\/www.treizecizero.ro\/shop\/\",\"name\":\"Shop Treizecizero\",\"description\":\"\",\"potentialAction\":[{\"@type\":\"SearchAction\",\"target\":{\"@type\":\"EntryPoint\",\"urlTemplate\":\"https:\/\/www.treizecizero.ro\/shop\/?s={search_term_string}\"},\"query-input\":{\"@type\":\"PropertyValueSpecification\",\"valueRequired\":true,\"valueName\":\"search_term_string\"}}],\"inLanguage\":\"ro-RO\"}]}<\/script>\n<!-- \/ Yoast SEO plugin. -->","yoast_head_json":{"title":"Tricou tenis Treizecizero Celebration","description":"Primul Slam nu se uit\u0103 niciodat\u0103! A\u0219a c\u0103 facem un tricou care s\u0103 ne reaminteasc\u0103 de acea zi minunat\u0103, de acel scor de neuitat, care poate fi \u00eenceputul pentru multe alte lucruri frumoase.\u00a0Design votat de cititorii 30-0!","robots":{"index":"index","follow":"follow","max-snippet":"max-snippet:-1","max-image-preview":"max-image-preview:large","max-video-preview":"max-video-preview:-1"},"canonical":"https:\/\/www.treizecizero.ro\/shop\/produs\/tricou-celebration\/","og_locale":"ro_RO","og_type":"article","og_title":"Tricou tenis Treizecizero Celebration","og_description":"Primul Slam nu se uit\u0103 niciodat\u0103! A\u0219a c\u0103 facem un tricou care s\u0103 ne reaminteasc\u0103 de acea zi minunat\u0103, de acel scor de neuitat, care poate fi \u00eenceputul pentru multe alte lucruri frumoase.\u00a0Design votat de cititorii 30-0!","og_url":"https:\/\/www.treizecizero.ro\/shop\/produs\/tricou-celebration\/","og_site_name":"Shop Treizecizero","article_modified_time":"2021-10-11T12:08:17+00:00","og_image":[{"width":1600,"height":1142,"url":"https:\/\/www.treizecizero.ro\/shop\/wp-content\/uploads\/2019\/05\/Tricou-Tabela-V2.jpeg","type":"image\/jpeg"}],"twitter_card":"summary_large_image","twitter_misc":{"Timp estimat pentru citire":"1 minut"},"schema":{"@context":"https:\/\/schema.org","@graph":[{"@type":"WebPage","@id":"https:\/\/www.treizecizero.ro\/shop\/produs\/tricou-celebration\/","url":"https:\/\/www.treizecizero.ro\/shop\/produs\/tricou-celebration\/","name":"Tricou tenis Treizecizero Celebration","isPartOf":{"@id":"https:\/\/www.treizecizero.ro\/shop\/#website"},"primaryImageOfPage":{"@id":"https:\/\/www.treizecizero.ro\/shop\/produs\/tricou-celebration\/#primaryimage"},"image":{"@id":"https:\/\/www.treizecizero.ro\/shop\/produs\/tricou-celebration\/#primaryimage"},"thumbnailUrl":"https:\/\/www.treizecizero.ro\/shop\/wp-content\/uploads\/2019\/05\/Tricou-Tabela-V2.jpeg","datePublished":"2019-05-28T19:12:08+00:00","dateModified":"2021-10-11T12:08:17+00:00","description":"Primul Slam nu se uit\u0103 niciodat\u0103! A\u0219a c\u0103 facem un tricou care s\u0103 ne reaminteasc\u0103 de acea zi minunat\u0103, de acel scor de neuitat, care poate fi \u00eenceputul pentru multe alte lucruri frumoase.\u00a0Design votat de cititorii 30-0!","breadcrumb":{"@id":"https:\/\/www.treizecizero.ro\/shop\/produs\/tricou-celebration\/#breadcrumb"},"inLanguage":"ro-RO","potentialAction":[{"@type":"ReadAction","target":["https:\/\/www.treizecizero.ro\/shop\/produs\/tricou-celebration\/"]}]},{"@type":"ImageObject","inLanguage":"ro-RO","@id":"https:\/\/www.treizecizero.ro\/shop\/produs\/tricou-celebration\/#primaryimage","url":"https:\/\/www.treizecizero.ro\/shop\/wp-content\/uploads\/2019\/05\/Tricou-Tabela-V2.jpeg","contentUrl":"https:\/\/www.treizecizero.ro\/shop\/wp-content\/uploads\/2019\/05\/Tricou-Tabela-V2.jpeg","width":1600,"height":1142},{"@type":"BreadcrumbList","@id":"https:\/\/www.treizecizero.ro\/shop\/produs\/tricou-celebration\/#breadcrumb","itemListElement":[{"@type":"ListItem","position":1,"name":"Prima pagin\u0103","item":"https:\/\/www.treizecizero.ro\/shop\/"},{"@type":"ListItem","position":2,"name":"Magazin","item":"https:\/\/www.treizecizero.ro\/shop\/magazin\/"},{"@type":"ListItem","position":3,"name":"Tricou Celebration"}]},{"@type":"WebSite","@id":"https:\/\/www.treizecizero.ro\/shop\/#website","url":"https:\/\/www.treizecizero.ro\/shop\/","name":"Shop Treizecizero","description":"","potentialAction":[{"@type":"SearchAction","target":{"@type":"EntryPoint","urlTemplate":"https:\/\/www.treizecizero.ro\/shop\/?s={search_term_string}"},"query-input":{"@type":"PropertyValueSpecification","valueRequired":true,"valueName":"search_term_string"}}],"inLanguage":"ro-RO"}]}},"_links":{"self":[{"href":"https:\/\/www.treizecizero.ro\/shop\/wp-json\/wp\/v2\/product\/2909","targetHints":{"allow":["GET"]}}],"collection":[{"href":"https:\/\/www.treizecizero.ro\/shop\/wp-json\/wp\/v2\/product"}],"about":[{"href":"https:\/\/www.treizecizero.ro\/shop\/wp-json\/wp\/v2\/types\/product"}],"wp:featuredmedia":[{"embeddable":true,"href":"https:\/\/www.treizecizero.ro\/shop\/wp-json\/wp\/v2\/media\/2927"}],"wp:attachment":[{"href":"https:\/\/www.treizecizero.ro\/shop\/wp-json\/wp\/v2\/media?parent=2909"}],"wp:term":[{"taxonomy":"product_brand","embeddable":true,"href":"https:\/\/www.treizecizero.ro\/shop\/wp-json\/wp\/v2\/product_brand?post=2909"},{"taxonomy":"product_cat","embeddable":true,"href":"https:\/\/www.treizecizero.ro\/shop\/wp-json\/wp\/v2\/product_cat?post=2909"},{"taxonomy":"product_tag","embeddable":true,"href":"https:\/\/www.treizecizero.ro\/shop\/wp-json\/wp\/v2\/product_tag?post=2909"}],"curies":[{"name":"wp","href":"https:\/\/api.w.org\/{rel}","templated":true}]}}