{"id":2773,"date":"2019-03-27T19:44:49","date_gmt":"2019-03-27T17:44:49","guid":{"rendered":"https:\/\/www.treizecizero.ro\/shop\/?post_type=product&#038;p=2773"},"modified":"2020-12-14T16:51:19","modified_gmt":"2020-12-14T14:51:19","slug":"sox-30-0-smiley-racquets","status":"publish","type":"product","link":"https:\/\/www.treizecizero.ro\/shop\/produs\/sox-30-0-smiley-racquets\/","title":{"rendered":"Sox 30-0. Smiley Racquets | Best Seller"},"content":{"rendered":"<div class=\"descriere-stanga\">\n<h2>30-0 Sox sunt aici!<\/h2>\n<p>Cea mai nou\u0103 idee de la 30-0 este gata s\u0103-\u021bi coloreze prim\u0103vara.<\/p>\n<p>Suntem nemaipomenit de \u00eenc\u00e2nta\u021bi s\u0103 v\u0103 prezent\u0103m 30-0 Sox, \u0219osete cu inspira\u021bie din tenis, f\u0103cute cu pasiune de Treizecizero.<\/p>\n<p>Cu un design \u00eendr\u0103zne\u021b \u0219i dinamic, culori vibrante \u0219i energice, \u0219osetele 30-0 vor l\u0103sa cu siguran\u021b\u0103 o impresie \u0219i te vor \u00eenc\u0103rca de bun\u0103 dispozi\u021bie. Preg\u0103te\u0219te-te s\u0103 te \u00eencal\u021bi colorat \u0219i las\u0103-te pe m\u00e2na noastr\u0103, pentru c\u0103 o s\u0103 ne asigur\u0103m c\u0103 nu te vei mai plictisi de \u0219osetele tale!<\/p>\n<p>30-0 Sox sunt fabricate \u00een Rom\u00e2nia. Am combinat energia \u0219i ideile noastre cu cei 90 de ani de experien\u021b\u0103 ai partenerilor no\u0219tri pentru a v\u0103 aduce un produs care s\u0103 v\u0103 bucure.<\/p>\n<\/div>\n<div class=\"descriere-centru\">\n<h2>Produs<\/h2>\n<p>30-0 Sox. Smiley Racquets.<\/p>\n<p>Culori: verde, albastru<\/p>\n<p>&nbsp;<\/p>\n<h2>Detalii tehnice<\/h2>\n<p>Ghid de m\u0103rimi. Produsul este disponibil \u00een dou\u0103 m\u0103rimi unisex: 38-40 \u0219i 41-45. Selecteaz\u0103 m\u0103rimea dorit\u0103 atunci c\u00e2nd plasezi comanda.<\/p>\n<p>Detaliile produsului: compozi\u021bie 78 la sut\u0103 bumbac piept\u0103nat, 21 la sut\u0103 poliamid\u0103, 1 la sut\u0103 elastan<\/p>\n<\/div>\n<div class=\"descriere-dreapta\">\n<h2>Detalii despre comand\u0103, livrare \u0219i expedi\u021bie<\/h2>\n<p>Transportul este gratuit \u00een Rom\u00e2nia dac\u0103 comanda total\u0103 din Shop este de minimum 190 de lei. Altfel, o tax\u0103 de transport de 10 lei se adaug\u0103 costului total.<\/p>\n<p>Promo. Comenzile care dep\u0103\u0219esc 500 de lei \u0219i care con\u021bin cel pu\u021bin o pereche de Sox primesc cadou un voucher \u00een Shop \u00een valoare de 50 de lei.<\/p>\n<\/div>\n","protected":false},"excerpt":{"rendered":"<p>30-0 Sox sunt aici! Cea mai nou\u0103 idee de la 30-0 este gata s\u0103-\u021bi coloreze prim\u0103vara. Suntem nemaipomenit de \u00eenc\u00e2nta\u021bi s\u0103 v\u0103 prezent\u0103m 30-0 Sox, \u0219osete cu inspira\u021bie din tenis, f\u0103cute cu pasiune de Treizecizero. Cu un design \u00eendr\u0103zne\u021b \u0219i dinamic, culori vibrante \u0219i energice, \u0219osetele 30-0 vor l\u0103sa cu siguran\u021b\u0103 o impresie \u0219i te [&hellip;]<\/p>\n","protected":false},"featured_media":2777,"template":"","meta":{"_acf_changed":false},"product_brand":[],"product_cat":[77],"product_tag":[],"class_list":{"0":"post-2773","1":"product","2":"type-product","3":"status-publish","4":"has-post-thumbnail","6":"product_cat-sox","8":"first","9":"instock","10":"shipping-taxable","11":"purchasable","12":"product-type-variable"},"acf":[],"yoast_head":"<!-- This site is optimized with the Yoast SEO plugin v25.4 - https:\/\/yoast.com\/wordpress\/plugins\/seo\/ -->\n<title>Sox 30-0. Smiley Racquets | Best Seller - Shop Treizecizero<\/title>\n<meta name=\"robots\" content=\"index, follow, max-snippet:-1, max-image-preview:large, max-video-preview:-1\" \/>\n<link rel=\"canonical\" href=\"https:\/\/www.treizecizero.ro\/shop\/produs\/sox-30-0-smiley-racquets\/\" \/>\n<meta property=\"og:locale\" content=\"ro_RO\" \/>\n<meta property=\"og:type\" content=\"article\" \/>\n<meta property=\"og:title\" content=\"Sox 30-0. Smiley Racquets | Best Seller - Shop Treizecizero\" \/>\n<meta property=\"og:description\" content=\"30-0 Sox sunt aici! Cea mai nou\u0103 idee de la 30-0 este gata s\u0103-\u021bi coloreze prim\u0103vara. Suntem nemaipomenit de \u00eenc\u00e2nta\u021bi s\u0103 v\u0103 prezent\u0103m 30-0 Sox, \u0219osete cu inspira\u021bie din tenis, f\u0103cute cu pasiune de Treizecizero. Cu un design \u00eendr\u0103zne\u021b \u0219i dinamic, culori vibrante \u0219i energice, \u0219osetele 30-0 vor l\u0103sa cu siguran\u021b\u0103 o impresie \u0219i te [&hellip;]\" \/>\n<meta property=\"og:url\" content=\"https:\/\/www.treizecizero.ro\/shop\/produs\/sox-30-0-smiley-racquets\/\" \/>\n<meta property=\"og:site_name\" content=\"Shop Treizecizero\" \/>\n<meta property=\"article:modified_time\" content=\"2020-12-14T14:51:19+00:00\" \/>\n<meta property=\"og:image\" content=\"https:\/\/www.treizecizero.ro\/shop\/wp-content\/uploads\/2019\/03\/smiley-rackets1-1.jpg\" \/>\n\t<meta property=\"og:image:width\" content=\"1202\" \/>\n\t<meta property=\"og:image:height\" content=\"1477\" \/>\n\t<meta property=\"og:image:type\" content=\"image\/jpeg\" \/>\n<meta name=\"twitter:card\" content=\"summary_large_image\" \/>\n<meta name=\"twitter:label1\" content=\"Timp estimat pentru citire\" \/>\n\t<meta name=\"twitter:data1\" content=\"1 minut\" \/>\n<script type=\"application\/ld+json\" class=\"yoast-schema-graph\">{\"@context\":\"https:\/\/schema.org\",\"@graph\":[{\"@type\":\"WebPage\",\"@id\":\"https:\/\/www.treizecizero.ro\/shop\/produs\/sox-30-0-smiley-racquets\/\",\"url\":\"https:\/\/www.treizecizero.ro\/shop\/produs\/sox-30-0-smiley-racquets\/\",\"name\":\"Sox 30-0. Smiley Racquets | Best Seller - Shop Treizecizero\",\"isPartOf\":{\"@id\":\"https:\/\/www.treizecizero.ro\/shop\/#website\"},\"primaryImageOfPage\":{\"@id\":\"https:\/\/www.treizecizero.ro\/shop\/produs\/sox-30-0-smiley-racquets\/#primaryimage\"},\"image\":{\"@id\":\"https:\/\/www.treizecizero.ro\/shop\/produs\/sox-30-0-smiley-racquets\/#primaryimage\"},\"thumbnailUrl\":\"https:\/\/www.treizecizero.ro\/shop\/wp-content\/uploads\/2019\/03\/smiley-rackets1-1.jpg\",\"datePublished\":\"2019-03-27T17:44:49+00:00\",\"dateModified\":\"2020-12-14T14:51:19+00:00\",\"breadcrumb\":{\"@id\":\"https:\/\/www.treizecizero.ro\/shop\/produs\/sox-30-0-smiley-racquets\/#breadcrumb\"},\"inLanguage\":\"ro-RO\",\"potentialAction\":[{\"@type\":\"ReadAction\",\"target\":[\"https:\/\/www.treizecizero.ro\/shop\/produs\/sox-30-0-smiley-racquets\/\"]}]},{\"@type\":\"ImageObject\",\"inLanguage\":\"ro-RO\",\"@id\":\"https:\/\/www.treizecizero.ro\/shop\/produs\/sox-30-0-smiley-racquets\/#primaryimage\",\"url\":\"https:\/\/www.treizecizero.ro\/shop\/wp-content\/uploads\/2019\/03\/smiley-rackets1-1.jpg\",\"contentUrl\":\"https:\/\/www.treizecizero.ro\/shop\/wp-content\/uploads\/2019\/03\/smiley-rackets1-1.jpg\",\"width\":1202,\"height\":1477},{\"@type\":\"BreadcrumbList\",\"@id\":\"https:\/\/www.treizecizero.ro\/shop\/produs\/sox-30-0-smiley-racquets\/#breadcrumb\",\"itemListElement\":[{\"@type\":\"ListItem\",\"position\":1,\"name\":\"Prima pagin\u0103\",\"item\":\"https:\/\/www.treizecizero.ro\/shop\/\"},{\"@type\":\"ListItem\",\"position\":2,\"name\":\"Magazin\",\"item\":\"https:\/\/www.treizecizero.ro\/shop\/magazin\/\"},{\"@type\":\"ListItem\",\"position\":3,\"name\":\"Sox 30-0. Smiley Racquets | Best Seller\"}]},{\"@type\":\"WebSite\",\"@id\":\"https:\/\/www.treizecizero.ro\/shop\/#website\",\"url\":\"https:\/\/www.treizecizero.ro\/shop\/\",\"name\":\"Shop Treizecizero\",\"description\":\"\",\"potentialAction\":[{\"@type\":\"SearchAction\",\"target\":{\"@type\":\"EntryPoint\",\"urlTemplate\":\"https:\/\/www.treizecizero.ro\/shop\/?s={search_term_string}\"},\"query-input\":{\"@type\":\"PropertyValueSpecification\",\"valueRequired\":true,\"valueName\":\"search_term_string\"}}],\"inLanguage\":\"ro-RO\"}]}<\/script>\n<!-- \/ Yoast SEO plugin. -->","yoast_head_json":{"title":"Sox 30-0. Smiley Racquets | Best Seller - Shop Treizecizero","robots":{"index":"index","follow":"follow","max-snippet":"max-snippet:-1","max-image-preview":"max-image-preview:large","max-video-preview":"max-video-preview:-1"},"canonical":"https:\/\/www.treizecizero.ro\/shop\/produs\/sox-30-0-smiley-racquets\/","og_locale":"ro_RO","og_type":"article","og_title":"Sox 30-0. Smiley Racquets | Best Seller - Shop Treizecizero","og_description":"30-0 Sox sunt aici! Cea mai nou\u0103 idee de la 30-0 este gata s\u0103-\u021bi coloreze prim\u0103vara. Suntem nemaipomenit de \u00eenc\u00e2nta\u021bi s\u0103 v\u0103 prezent\u0103m 30-0 Sox, \u0219osete cu inspira\u021bie din tenis, f\u0103cute cu pasiune de Treizecizero. Cu un design \u00eendr\u0103zne\u021b \u0219i dinamic, culori vibrante \u0219i energice, \u0219osetele 30-0 vor l\u0103sa cu siguran\u021b\u0103 o impresie \u0219i te [&hellip;]","og_url":"https:\/\/www.treizecizero.ro\/shop\/produs\/sox-30-0-smiley-racquets\/","og_site_name":"Shop Treizecizero","article_modified_time":"2020-12-14T14:51:19+00:00","og_image":[{"width":1202,"height":1477,"url":"https:\/\/www.treizecizero.ro\/shop\/wp-content\/uploads\/2019\/03\/smiley-rackets1-1.jpg","type":"image\/jpeg"}],"twitter_card":"summary_large_image","twitter_misc":{"Timp estimat pentru citire":"1 minut"},"schema":{"@context":"https:\/\/schema.org","@graph":[{"@type":"WebPage","@id":"https:\/\/www.treizecizero.ro\/shop\/produs\/sox-30-0-smiley-racquets\/","url":"https:\/\/www.treizecizero.ro\/shop\/produs\/sox-30-0-smiley-racquets\/","name":"Sox 30-0. Smiley Racquets | Best Seller - Shop Treizecizero","isPartOf":{"@id":"https:\/\/www.treizecizero.ro\/shop\/#website"},"primaryImageOfPage":{"@id":"https:\/\/www.treizecizero.ro\/shop\/produs\/sox-30-0-smiley-racquets\/#primaryimage"},"image":{"@id":"https:\/\/www.treizecizero.ro\/shop\/produs\/sox-30-0-smiley-racquets\/#primaryimage"},"thumbnailUrl":"https:\/\/www.treizecizero.ro\/shop\/wp-content\/uploads\/2019\/03\/smiley-rackets1-1.jpg","datePublished":"2019-03-27T17:44:49+00:00","dateModified":"2020-12-14T14:51:19+00:00","breadcrumb":{"@id":"https:\/\/www.treizecizero.ro\/shop\/produs\/sox-30-0-smiley-racquets\/#breadcrumb"},"inLanguage":"ro-RO","potentialAction":[{"@type":"ReadAction","target":["https:\/\/www.treizecizero.ro\/shop\/produs\/sox-30-0-smiley-racquets\/"]}]},{"@type":"ImageObject","inLanguage":"ro-RO","@id":"https:\/\/www.treizecizero.ro\/shop\/produs\/sox-30-0-smiley-racquets\/#primaryimage","url":"https:\/\/www.treizecizero.ro\/shop\/wp-content\/uploads\/2019\/03\/smiley-rackets1-1.jpg","contentUrl":"https:\/\/www.treizecizero.ro\/shop\/wp-content\/uploads\/2019\/03\/smiley-rackets1-1.jpg","width":1202,"height":1477},{"@type":"BreadcrumbList","@id":"https:\/\/www.treizecizero.ro\/shop\/produs\/sox-30-0-smiley-racquets\/#breadcrumb","itemListElement":[{"@type":"ListItem","position":1,"name":"Prima pagin\u0103","item":"https:\/\/www.treizecizero.ro\/shop\/"},{"@type":"ListItem","position":2,"name":"Magazin","item":"https:\/\/www.treizecizero.ro\/shop\/magazin\/"},{"@type":"ListItem","position":3,"name":"Sox 30-0. Smiley Racquets | Best Seller"}]},{"@type":"WebSite","@id":"https:\/\/www.treizecizero.ro\/shop\/#website","url":"https:\/\/www.treizecizero.ro\/shop\/","name":"Shop Treizecizero","description":"","potentialAction":[{"@type":"SearchAction","target":{"@type":"EntryPoint","urlTemplate":"https:\/\/www.treizecizero.ro\/shop\/?s={search_term_string}"},"query-input":{"@type":"PropertyValueSpecification","valueRequired":true,"valueName":"search_term_string"}}],"inLanguage":"ro-RO"}]}},"_links":{"self":[{"href":"https:\/\/www.treizecizero.ro\/shop\/wp-json\/wp\/v2\/product\/2773","targetHints":{"allow":["GET"]}}],"collection":[{"href":"https:\/\/www.treizecizero.ro\/shop\/wp-json\/wp\/v2\/product"}],"about":[{"href":"https:\/\/www.treizecizero.ro\/shop\/wp-json\/wp\/v2\/types\/product"}],"wp:featuredmedia":[{"embeddable":true,"href":"https:\/\/www.treizecizero.ro\/shop\/wp-json\/wp\/v2\/media\/2777"}],"wp:attachment":[{"href":"https:\/\/www.treizecizero.ro\/shop\/wp-json\/wp\/v2\/media?parent=2773"}],"wp:term":[{"taxonomy":"product_brand","embeddable":true,"href":"https:\/\/www.treizecizero.ro\/shop\/wp-json\/wp\/v2\/product_brand?post=2773"},{"taxonomy":"product_cat","embeddable":true,"href":"https:\/\/www.treizecizero.ro\/shop\/wp-json\/wp\/v2\/product_cat?post=2773"},{"taxonomy":"product_tag","embeddable":true,"href":"https:\/\/www.treizecizero.ro\/shop\/wp-json\/wp\/v2\/product_tag?post=2773"}],"curies":[{"name":"wp","href":"https:\/\/api.w.org\/{rel}","templated":true}]}}