{"id":26,"date":"2017-08-04T16:21:07","date_gmt":"2017-08-04T14:21:07","guid":{"rendered":"http:\/\/www.treizecizero.ro\/shop\/?post_type=product&#038;p=26"},"modified":"2026-04-27T15:43:28","modified_gmt":"2026-04-27T13:43:28","slug":"pe-curat-revista-de-colectie","status":"publish","type":"product","link":"https:\/\/www.treizecizero.ro\/shop\/produs\/pe-curat-revista-de-colectie\/","title":{"rendered":"Pe Curat &#8211; edi\u021bia de colec\u021bie, 2016"},"content":{"rendered":"<p>Dac\u0103 e\u0219ti un cititor nou de 30-0, foarte posibil c\u0103 ai ratat anii de formare ai site-ului. Poate ai auzit c\u00e2te ceva despre acea perioad\u0103, dar cel mai simplu afli direct de la surs\u0103.<\/p>\n<p>Pe Curat, edi\u021bia de colec\u021bie, este o selec\u021bie \u00eengrijit\u0103 a celor mai bune articole ap\u0103rute \u00eentre 2012-2016 pe Treizecizero.ro, plus o sectiune nou\u0103, special scris\u0103 pentru aceast\u0103 publica\u021bie. Am adunat \u00een peste 170 de pagini, articolele cele mai citite \u00een primii patru ani de Treizecizero, dar \u0219i cele mai relevante pentru felul cum a evoluat tenisul.<\/p>\n<p>G\u0103si\u021bi momentele cheie ale celor dou\u0103 circuite profesioniste de tenis: triumfuri legendare \u0219i e\u0219ecuri dureroase, rivalit\u0103\u021bi, recorduri, pove\u0219ti \u00een\u0103l\u021b\u0103toare pe care tenisul ni le-a oferit drept surs\u0103 de inspira\u021bie.<\/p>\n<p>Pe l\u00e2ng\u0103 acestea, am inclus o sec\u021biune cu materiale originale despre experien\u021ba noastr\u0103 de cronicari: cum am ajuns s\u0103 scriem despre tenis, prin c\u00e2te etape de cre\u0219tere am trecut \u0219i cum am vazut evolu\u021bia \u0219i influen\u021ba fenomenului Halep asupra publicului \u0219i presei rom\u00e2ne\u0219ti. \u0218i dac\u0103 tot am ajuns la pres\u0103, am scris despre jurnali\u0219tii no\u0219tri sportivi prefera\u021bi \u0219i despre capcanele \u0219i complexitatea acestei meserii.<\/p>\n<p>Treizecizero Pe Curat, edi\u021bia de colec\u021bie, e vintage Treizecizero \ud83d\ude42<\/p>\n<p>Un crash-course \u00een istoria recent\u0103 a sportului alb. Nu-l rata! Ia-\u021bi revista, fie separat, fie <a href=\"http:\/\/www.treizecizero.ro\/shop\/produs\/bundle-pe-curat-revistele-2016-2017-agenda-30-0\/\" target=\"_blank\" rel=\"noopener\">la pachet cu edi\u021bia 2017<\/a>!<\/p>\n<p>&nbsp;<\/p>\n","protected":false},"excerpt":{"rendered":"<p>Retr\u0103ie\u0219te cele mai intense momente ale ultimilor ani: victorii, drame, rivalit\u0103\u021bi \u0219i mai ales ascensiunea Simonei Halep spre v\u00e2rful tenisului. O selec\u021bie \u00eengrijit\u0103 \u0219i atemporal\u0103 a celor mai bune articole ap\u0103rute \u00eentre 2012-2016 pe treizecizero.ro, plus povestea site-ului.<\/p>\n","protected":false},"featured_media":118,"template":"","meta":{"_acf_changed":false},"product_brand":[],"product_cat":[17,22,15],"product_tag":[],"class_list":{"0":"post-26","1":"product","2":"type-product","3":"status-publish","4":"has-post-thumbnail","6":"product_cat-promo","7":"product_cat-publicatii","8":"product_cat-reviste","10":"first","11":"outofstock","12":"shipping-taxable","13":"purchasable","14":"product-type-simple"},"acf":[],"yoast_head":"<!-- This site is optimized with the Yoast SEO plugin v25.4 - https:\/\/yoast.com\/wordpress\/plugins\/seo\/ -->\n<title>Pe Curat - edi\u021bia de colec\u021bie, 2016 - Shop Treizecizero<\/title>\n<meta name=\"robots\" content=\"index, follow, max-snippet:-1, max-image-preview:large, max-video-preview:-1\" \/>\n<link rel=\"canonical\" href=\"https:\/\/www.treizecizero.ro\/shop\/produs\/pe-curat-revista-de-colectie\/\" \/>\n<meta property=\"og:locale\" content=\"ro_RO\" \/>\n<meta property=\"og:type\" content=\"article\" \/>\n<meta property=\"og:title\" content=\"Pe Curat - edi\u021bia de colec\u021bie, 2016 - Shop Treizecizero\" \/>\n<meta property=\"og:description\" content=\"Retr\u0103ie\u0219te cele mai intense momente ale ultimilor ani: victorii, drame, rivalit\u0103\u021bi \u0219i mai ales ascensiunea Simonei Halep spre v\u00e2rful tenisului. O selec\u021bie \u00eengrijit\u0103 \u0219i atemporal\u0103 a celor mai bune articole ap\u0103rute \u00eentre 2012-2016 pe treizecizero.ro, plus povestea site-ului.\" \/>\n<meta property=\"og:url\" content=\"https:\/\/www.treizecizero.ro\/shop\/produs\/pe-curat-revista-de-colectie\/\" \/>\n<meta property=\"og:site_name\" content=\"Shop Treizecizero\" \/>\n<meta property=\"article:modified_time\" content=\"2026-04-27T13:43:28+00:00\" \/>\n<meta property=\"og:image\" content=\"https:\/\/www.treizecizero.ro\/shop\/wp-content\/uploads\/2017\/09\/DSC0222-Edit-scaled.jpg\" \/>\n\t<meta property=\"og:image:width\" content=\"2560\" \/>\n\t<meta property=\"og:image:height\" content=\"1707\" \/>\n\t<meta property=\"og:image:type\" content=\"image\/jpeg\" \/>\n<meta name=\"twitter:card\" content=\"summary_large_image\" \/>\n<meta name=\"twitter:label1\" content=\"Timp estimat pentru citire\" \/>\n\t<meta name=\"twitter:data1\" content=\"2 minute\" \/>\n<script type=\"application\/ld+json\" class=\"yoast-schema-graph\">{\"@context\":\"https:\/\/schema.org\",\"@graph\":[{\"@type\":\"WebPage\",\"@id\":\"https:\/\/www.treizecizero.ro\/shop\/produs\/pe-curat-revista-de-colectie\/\",\"url\":\"https:\/\/www.treizecizero.ro\/shop\/produs\/pe-curat-revista-de-colectie\/\",\"name\":\"Pe Curat - edi\u021bia de colec\u021bie, 2016 - Shop Treizecizero\",\"isPartOf\":{\"@id\":\"https:\/\/www.treizecizero.ro\/shop\/#website\"},\"primaryImageOfPage\":{\"@id\":\"https:\/\/www.treizecizero.ro\/shop\/produs\/pe-curat-revista-de-colectie\/#primaryimage\"},\"image\":{\"@id\":\"https:\/\/www.treizecizero.ro\/shop\/produs\/pe-curat-revista-de-colectie\/#primaryimage\"},\"thumbnailUrl\":\"https:\/\/www.treizecizero.ro\/shop\/wp-content\/uploads\/2017\/09\/DSC0222-Edit-scaled.jpg\",\"datePublished\":\"2017-08-04T14:21:07+00:00\",\"dateModified\":\"2026-04-27T13:43:28+00:00\",\"breadcrumb\":{\"@id\":\"https:\/\/www.treizecizero.ro\/shop\/produs\/pe-curat-revista-de-colectie\/#breadcrumb\"},\"inLanguage\":\"ro-RO\",\"potentialAction\":[{\"@type\":\"ReadAction\",\"target\":[\"https:\/\/www.treizecizero.ro\/shop\/produs\/pe-curat-revista-de-colectie\/\"]}]},{\"@type\":\"ImageObject\",\"inLanguage\":\"ro-RO\",\"@id\":\"https:\/\/www.treizecizero.ro\/shop\/produs\/pe-curat-revista-de-colectie\/#primaryimage\",\"url\":\"https:\/\/www.treizecizero.ro\/shop\/wp-content\/uploads\/2017\/09\/DSC0222-Edit-scaled.jpg\",\"contentUrl\":\"https:\/\/www.treizecizero.ro\/shop\/wp-content\/uploads\/2017\/09\/DSC0222-Edit-scaled.jpg\",\"width\":2560,\"height\":1707},{\"@type\":\"BreadcrumbList\",\"@id\":\"https:\/\/www.treizecizero.ro\/shop\/produs\/pe-curat-revista-de-colectie\/#breadcrumb\",\"itemListElement\":[{\"@type\":\"ListItem\",\"position\":1,\"name\":\"Prima pagin\u0103\",\"item\":\"https:\/\/www.treizecizero.ro\/shop\/\"},{\"@type\":\"ListItem\",\"position\":2,\"name\":\"Magazin\",\"item\":\"https:\/\/www.treizecizero.ro\/shop\/magazin\/\"},{\"@type\":\"ListItem\",\"position\":3,\"name\":\"Pe Curat &#8211; edi\u021bia de colec\u021bie, 2016\"}]},{\"@type\":\"WebSite\",\"@id\":\"https:\/\/www.treizecizero.ro\/shop\/#website\",\"url\":\"https:\/\/www.treizecizero.ro\/shop\/\",\"name\":\"Shop Treizecizero\",\"description\":\"\",\"potentialAction\":[{\"@type\":\"SearchAction\",\"target\":{\"@type\":\"EntryPoint\",\"urlTemplate\":\"https:\/\/www.treizecizero.ro\/shop\/?s={search_term_string}\"},\"query-input\":{\"@type\":\"PropertyValueSpecification\",\"valueRequired\":true,\"valueName\":\"search_term_string\"}}],\"inLanguage\":\"ro-RO\"}]}<\/script>\n<!-- \/ Yoast SEO plugin. -->","yoast_head_json":{"title":"Pe Curat - edi\u021bia de colec\u021bie, 2016 - Shop Treizecizero","robots":{"index":"index","follow":"follow","max-snippet":"max-snippet:-1","max-image-preview":"max-image-preview:large","max-video-preview":"max-video-preview:-1"},"canonical":"https:\/\/www.treizecizero.ro\/shop\/produs\/pe-curat-revista-de-colectie\/","og_locale":"ro_RO","og_type":"article","og_title":"Pe Curat - edi\u021bia de colec\u021bie, 2016 - Shop Treizecizero","og_description":"Retr\u0103ie\u0219te cele mai intense momente ale ultimilor ani: victorii, drame, rivalit\u0103\u021bi \u0219i mai ales ascensiunea Simonei Halep spre v\u00e2rful tenisului. O selec\u021bie \u00eengrijit\u0103 \u0219i atemporal\u0103 a celor mai bune articole ap\u0103rute \u00eentre 2012-2016 pe treizecizero.ro, plus povestea site-ului.","og_url":"https:\/\/www.treizecizero.ro\/shop\/produs\/pe-curat-revista-de-colectie\/","og_site_name":"Shop Treizecizero","article_modified_time":"2026-04-27T13:43:28+00:00","og_image":[{"width":2560,"height":1707,"url":"https:\/\/www.treizecizero.ro\/shop\/wp-content\/uploads\/2017\/09\/DSC0222-Edit-scaled.jpg","type":"image\/jpeg"}],"twitter_card":"summary_large_image","twitter_misc":{"Timp estimat pentru citire":"2 minute"},"schema":{"@context":"https:\/\/schema.org","@graph":[{"@type":"WebPage","@id":"https:\/\/www.treizecizero.ro\/shop\/produs\/pe-curat-revista-de-colectie\/","url":"https:\/\/www.treizecizero.ro\/shop\/produs\/pe-curat-revista-de-colectie\/","name":"Pe Curat - edi\u021bia de colec\u021bie, 2016 - Shop Treizecizero","isPartOf":{"@id":"https:\/\/www.treizecizero.ro\/shop\/#website"},"primaryImageOfPage":{"@id":"https:\/\/www.treizecizero.ro\/shop\/produs\/pe-curat-revista-de-colectie\/#primaryimage"},"image":{"@id":"https:\/\/www.treizecizero.ro\/shop\/produs\/pe-curat-revista-de-colectie\/#primaryimage"},"thumbnailUrl":"https:\/\/www.treizecizero.ro\/shop\/wp-content\/uploads\/2017\/09\/DSC0222-Edit-scaled.jpg","datePublished":"2017-08-04T14:21:07+00:00","dateModified":"2026-04-27T13:43:28+00:00","breadcrumb":{"@id":"https:\/\/www.treizecizero.ro\/shop\/produs\/pe-curat-revista-de-colectie\/#breadcrumb"},"inLanguage":"ro-RO","potentialAction":[{"@type":"ReadAction","target":["https:\/\/www.treizecizero.ro\/shop\/produs\/pe-curat-revista-de-colectie\/"]}]},{"@type":"ImageObject","inLanguage":"ro-RO","@id":"https:\/\/www.treizecizero.ro\/shop\/produs\/pe-curat-revista-de-colectie\/#primaryimage","url":"https:\/\/www.treizecizero.ro\/shop\/wp-content\/uploads\/2017\/09\/DSC0222-Edit-scaled.jpg","contentUrl":"https:\/\/www.treizecizero.ro\/shop\/wp-content\/uploads\/2017\/09\/DSC0222-Edit-scaled.jpg","width":2560,"height":1707},{"@type":"BreadcrumbList","@id":"https:\/\/www.treizecizero.ro\/shop\/produs\/pe-curat-revista-de-colectie\/#breadcrumb","itemListElement":[{"@type":"ListItem","position":1,"name":"Prima pagin\u0103","item":"https:\/\/www.treizecizero.ro\/shop\/"},{"@type":"ListItem","position":2,"name":"Magazin","item":"https:\/\/www.treizecizero.ro\/shop\/magazin\/"},{"@type":"ListItem","position":3,"name":"Pe Curat &#8211; edi\u021bia de colec\u021bie, 2016"}]},{"@type":"WebSite","@id":"https:\/\/www.treizecizero.ro\/shop\/#website","url":"https:\/\/www.treizecizero.ro\/shop\/","name":"Shop Treizecizero","description":"","potentialAction":[{"@type":"SearchAction","target":{"@type":"EntryPoint","urlTemplate":"https:\/\/www.treizecizero.ro\/shop\/?s={search_term_string}"},"query-input":{"@type":"PropertyValueSpecification","valueRequired":true,"valueName":"search_term_string"}}],"inLanguage":"ro-RO"}]}},"_links":{"self":[{"href":"https:\/\/www.treizecizero.ro\/shop\/wp-json\/wp\/v2\/product\/26","targetHints":{"allow":["GET"]}}],"collection":[{"href":"https:\/\/www.treizecizero.ro\/shop\/wp-json\/wp\/v2\/product"}],"about":[{"href":"https:\/\/www.treizecizero.ro\/shop\/wp-json\/wp\/v2\/types\/product"}],"wp:featuredmedia":[{"embeddable":true,"href":"https:\/\/www.treizecizero.ro\/shop\/wp-json\/wp\/v2\/media\/118"}],"wp:attachment":[{"href":"https:\/\/www.treizecizero.ro\/shop\/wp-json\/wp\/v2\/media?parent=26"}],"wp:term":[{"taxonomy":"product_brand","embeddable":true,"href":"https:\/\/www.treizecizero.ro\/shop\/wp-json\/wp\/v2\/product_brand?post=26"},{"taxonomy":"product_cat","embeddable":true,"href":"https:\/\/www.treizecizero.ro\/shop\/wp-json\/wp\/v2\/product_cat?post=26"},{"taxonomy":"product_tag","embeddable":true,"href":"https:\/\/www.treizecizero.ro\/shop\/wp-json\/wp\/v2\/product_tag?post=26"}],"curies":[{"name":"wp","href":"https:\/\/api.w.org\/{rel}","templated":true}]}}