{"id":2555,"date":"2019-01-03T17:49:54","date_gmt":"2019-01-03T15:49:54","guid":{"rendered":"https:\/\/www.treizecizero.ro\/shop\/?post_type=product&#038;p=2555"},"modified":"2026-04-27T15:41:23","modified_gmt":"2026-04-27T13:41:23","slug":"tote-bag-30-0-port-tenisul-mai-departe","status":"publish","type":"product","link":"https:\/\/www.treizecizero.ro\/shop\/produs\/tote-bag-30-0-port-tenisul-mai-departe\/","title":{"rendered":"Tote bag 30-0 Port tenisul mai departe"},"content":{"rendered":"<div class=\"descriere-stanga\">\n<h2>Tote bag 30-0 Port tenisul mai departe<\/h2>\n<p>Arat\u0103-\u021bi suportul pentru tenis \u0219i pentru jurnalismul 30-0 cu un tote bag ideal pentru orice. E \u00eenc\u0103p\u0103tor, trendy \u0219i ar\u0103tos. Ideal s\u0103-l iei cu tine la birou, la sal\u0103, c\u00e2nd mergi s\u0103 lucrezi de la o cafenea sau c\u00e2nd ie\u0219i cu prietenii.<\/p>\n<p>Modelul prezint\u0103 \u0219i adapteaz\u0103 la persoana \u00eent\u00e2i tag-line-ul 30-0, \u201ePurt\u0103m tenisul mai departe\u201d. Fiecare dintre voi poart\u0103 tenisul \u00een suflet, de ce nu \u0219i \u00een accesoriile de zi cu zi?<\/p>\n<p>Tote bag-ul 30-0 \u201ePort tenisul mai departe\u201d vine \u00een trei culori, alb, negru \u0219i albastru.<\/p>\n<\/div>\n<div class=\"descriere-centru\">\n<h2>Detalii<\/h2>\n<p>Produs: shopping bag.<\/p>\n<p>Trei culori: alb, negru, albastru.<\/p>\n<p>Unisex.<\/p>\n<p>Dimensiuni: 49 x 37.<\/p>\n<p>Material: 80 la sut\u0103 bumbac reciclat. 20 la sut\u0103 poliester.<\/p>\n<\/div>\n","protected":false},"excerpt":{"rendered":"<p>Arat\u0103-\u021bi suportul pentru tenis \u0219i pentru jurnalismul Treizecizero cu un tote bag ideal oriunde mergi.<\/p>\n","protected":false},"featured_media":4870,"template":"","meta":{"_acf_changed":false},"product_brand":[],"product_cat":[82,73],"product_tag":[],"class_list":{"0":"post-2555","1":"product","2":"type-product","3":"status-publish","4":"has-post-thumbnail","6":"product_cat-exclus","7":"product_cat-tote-bags","9":"first","10":"instock","11":"shipping-taxable","12":"purchasable","13":"product-type-variable"},"acf":[],"yoast_head":"<!-- This site is optimized with the Yoast SEO plugin v25.4 - https:\/\/yoast.com\/wordpress\/plugins\/seo\/ -->\n<title>Tote bag 30-0 Port tenisul mai departe - Shop Treizecizero<\/title>\n<meta name=\"robots\" content=\"index, follow, max-snippet:-1, max-image-preview:large, max-video-preview:-1\" \/>\n<link rel=\"canonical\" href=\"https:\/\/www.treizecizero.ro\/shop\/produs\/tote-bag-30-0-port-tenisul-mai-departe\/\" \/>\n<meta property=\"og:locale\" content=\"ro_RO\" \/>\n<meta property=\"og:type\" content=\"article\" \/>\n<meta property=\"og:title\" content=\"Tote bag 30-0 Port tenisul mai departe - Shop Treizecizero\" \/>\n<meta property=\"og:description\" content=\"Arat\u0103-\u021bi suportul pentru tenis \u0219i pentru jurnalismul Treizecizero cu un tote bag ideal oriunde mergi.\" \/>\n<meta property=\"og:url\" content=\"https:\/\/www.treizecizero.ro\/shop\/produs\/tote-bag-30-0-port-tenisul-mai-departe\/\" \/>\n<meta property=\"og:site_name\" content=\"Shop Treizecizero\" \/>\n<meta property=\"article:modified_time\" content=\"2026-04-27T13:41:23+00:00\" \/>\n<meta property=\"og:image\" content=\"https:\/\/www.treizecizero.ro\/shop\/wp-content\/uploads\/2019\/01\/Totebag-Port-Tenisul-Mai-departe1-3-scaled.jpg\" \/>\n\t<meta property=\"og:image:width\" content=\"1707\" \/>\n\t<meta property=\"og:image:height\" content=\"2560\" \/>\n\t<meta property=\"og:image:type\" content=\"image\/jpeg\" \/>\n<meta name=\"twitter:card\" content=\"summary_large_image\" \/>\n<meta name=\"twitter:label1\" content=\"Timp estimat pentru citire\" \/>\n\t<meta name=\"twitter:data1\" content=\"1 minut\" \/>\n<script type=\"application\/ld+json\" class=\"yoast-schema-graph\">{\"@context\":\"https:\/\/schema.org\",\"@graph\":[{\"@type\":\"WebPage\",\"@id\":\"https:\/\/www.treizecizero.ro\/shop\/produs\/tote-bag-30-0-port-tenisul-mai-departe\/\",\"url\":\"https:\/\/www.treizecizero.ro\/shop\/produs\/tote-bag-30-0-port-tenisul-mai-departe\/\",\"name\":\"Tote bag 30-0 Port tenisul mai departe - Shop Treizecizero\",\"isPartOf\":{\"@id\":\"https:\/\/www.treizecizero.ro\/shop\/#website\"},\"primaryImageOfPage\":{\"@id\":\"https:\/\/www.treizecizero.ro\/shop\/produs\/tote-bag-30-0-port-tenisul-mai-departe\/#primaryimage\"},\"image\":{\"@id\":\"https:\/\/www.treizecizero.ro\/shop\/produs\/tote-bag-30-0-port-tenisul-mai-departe\/#primaryimage\"},\"thumbnailUrl\":\"https:\/\/www.treizecizero.ro\/shop\/wp-content\/uploads\/2019\/01\/Totebag-Port-Tenisul-Mai-departe1-3-scaled.jpg\",\"datePublished\":\"2019-01-03T15:49:54+00:00\",\"dateModified\":\"2026-04-27T13:41:23+00:00\",\"breadcrumb\":{\"@id\":\"https:\/\/www.treizecizero.ro\/shop\/produs\/tote-bag-30-0-port-tenisul-mai-departe\/#breadcrumb\"},\"inLanguage\":\"ro-RO\",\"potentialAction\":[{\"@type\":\"ReadAction\",\"target\":[\"https:\/\/www.treizecizero.ro\/shop\/produs\/tote-bag-30-0-port-tenisul-mai-departe\/\"]}]},{\"@type\":\"ImageObject\",\"inLanguage\":\"ro-RO\",\"@id\":\"https:\/\/www.treizecizero.ro\/shop\/produs\/tote-bag-30-0-port-tenisul-mai-departe\/#primaryimage\",\"url\":\"https:\/\/www.treizecizero.ro\/shop\/wp-content\/uploads\/2019\/01\/Totebag-Port-Tenisul-Mai-departe1-3-scaled.jpg\",\"contentUrl\":\"https:\/\/www.treizecizero.ro\/shop\/wp-content\/uploads\/2019\/01\/Totebag-Port-Tenisul-Mai-departe1-3-scaled.jpg\",\"width\":1707,\"height\":2560},{\"@type\":\"BreadcrumbList\",\"@id\":\"https:\/\/www.treizecizero.ro\/shop\/produs\/tote-bag-30-0-port-tenisul-mai-departe\/#breadcrumb\",\"itemListElement\":[{\"@type\":\"ListItem\",\"position\":1,\"name\":\"Prima pagin\u0103\",\"item\":\"https:\/\/www.treizecizero.ro\/shop\/\"},{\"@type\":\"ListItem\",\"position\":2,\"name\":\"Magazin\",\"item\":\"https:\/\/www.treizecizero.ro\/shop\/magazin\/\"},{\"@type\":\"ListItem\",\"position\":3,\"name\":\"Tote bag 30-0 Port tenisul mai departe\"}]},{\"@type\":\"WebSite\",\"@id\":\"https:\/\/www.treizecizero.ro\/shop\/#website\",\"url\":\"https:\/\/www.treizecizero.ro\/shop\/\",\"name\":\"Shop Treizecizero\",\"description\":\"\",\"potentialAction\":[{\"@type\":\"SearchAction\",\"target\":{\"@type\":\"EntryPoint\",\"urlTemplate\":\"https:\/\/www.treizecizero.ro\/shop\/?s={search_term_string}\"},\"query-input\":{\"@type\":\"PropertyValueSpecification\",\"valueRequired\":true,\"valueName\":\"search_term_string\"}}],\"inLanguage\":\"ro-RO\"}]}<\/script>\n<!-- \/ Yoast SEO plugin. -->","yoast_head_json":{"title":"Tote bag 30-0 Port tenisul mai departe - Shop Treizecizero","robots":{"index":"index","follow":"follow","max-snippet":"max-snippet:-1","max-image-preview":"max-image-preview:large","max-video-preview":"max-video-preview:-1"},"canonical":"https:\/\/www.treizecizero.ro\/shop\/produs\/tote-bag-30-0-port-tenisul-mai-departe\/","og_locale":"ro_RO","og_type":"article","og_title":"Tote bag 30-0 Port tenisul mai departe - Shop Treizecizero","og_description":"Arat\u0103-\u021bi suportul pentru tenis \u0219i pentru jurnalismul Treizecizero cu un tote bag ideal oriunde mergi.","og_url":"https:\/\/www.treizecizero.ro\/shop\/produs\/tote-bag-30-0-port-tenisul-mai-departe\/","og_site_name":"Shop Treizecizero","article_modified_time":"2026-04-27T13:41:23+00:00","og_image":[{"width":1707,"height":2560,"url":"https:\/\/www.treizecizero.ro\/shop\/wp-content\/uploads\/2019\/01\/Totebag-Port-Tenisul-Mai-departe1-3-scaled.jpg","type":"image\/jpeg"}],"twitter_card":"summary_large_image","twitter_misc":{"Timp estimat pentru citire":"1 minut"},"schema":{"@context":"https:\/\/schema.org","@graph":[{"@type":"WebPage","@id":"https:\/\/www.treizecizero.ro\/shop\/produs\/tote-bag-30-0-port-tenisul-mai-departe\/","url":"https:\/\/www.treizecizero.ro\/shop\/produs\/tote-bag-30-0-port-tenisul-mai-departe\/","name":"Tote bag 30-0 Port tenisul mai departe - Shop Treizecizero","isPartOf":{"@id":"https:\/\/www.treizecizero.ro\/shop\/#website"},"primaryImageOfPage":{"@id":"https:\/\/www.treizecizero.ro\/shop\/produs\/tote-bag-30-0-port-tenisul-mai-departe\/#primaryimage"},"image":{"@id":"https:\/\/www.treizecizero.ro\/shop\/produs\/tote-bag-30-0-port-tenisul-mai-departe\/#primaryimage"},"thumbnailUrl":"https:\/\/www.treizecizero.ro\/shop\/wp-content\/uploads\/2019\/01\/Totebag-Port-Tenisul-Mai-departe1-3-scaled.jpg","datePublished":"2019-01-03T15:49:54+00:00","dateModified":"2026-04-27T13:41:23+00:00","breadcrumb":{"@id":"https:\/\/www.treizecizero.ro\/shop\/produs\/tote-bag-30-0-port-tenisul-mai-departe\/#breadcrumb"},"inLanguage":"ro-RO","potentialAction":[{"@type":"ReadAction","target":["https:\/\/www.treizecizero.ro\/shop\/produs\/tote-bag-30-0-port-tenisul-mai-departe\/"]}]},{"@type":"ImageObject","inLanguage":"ro-RO","@id":"https:\/\/www.treizecizero.ro\/shop\/produs\/tote-bag-30-0-port-tenisul-mai-departe\/#primaryimage","url":"https:\/\/www.treizecizero.ro\/shop\/wp-content\/uploads\/2019\/01\/Totebag-Port-Tenisul-Mai-departe1-3-scaled.jpg","contentUrl":"https:\/\/www.treizecizero.ro\/shop\/wp-content\/uploads\/2019\/01\/Totebag-Port-Tenisul-Mai-departe1-3-scaled.jpg","width":1707,"height":2560},{"@type":"BreadcrumbList","@id":"https:\/\/www.treizecizero.ro\/shop\/produs\/tote-bag-30-0-port-tenisul-mai-departe\/#breadcrumb","itemListElement":[{"@type":"ListItem","position":1,"name":"Prima pagin\u0103","item":"https:\/\/www.treizecizero.ro\/shop\/"},{"@type":"ListItem","position":2,"name":"Magazin","item":"https:\/\/www.treizecizero.ro\/shop\/magazin\/"},{"@type":"ListItem","position":3,"name":"Tote bag 30-0 Port tenisul mai departe"}]},{"@type":"WebSite","@id":"https:\/\/www.treizecizero.ro\/shop\/#website","url":"https:\/\/www.treizecizero.ro\/shop\/","name":"Shop Treizecizero","description":"","potentialAction":[{"@type":"SearchAction","target":{"@type":"EntryPoint","urlTemplate":"https:\/\/www.treizecizero.ro\/shop\/?s={search_term_string}"},"query-input":{"@type":"PropertyValueSpecification","valueRequired":true,"valueName":"search_term_string"}}],"inLanguage":"ro-RO"}]}},"_links":{"self":[{"href":"https:\/\/www.treizecizero.ro\/shop\/wp-json\/wp\/v2\/product\/2555","targetHints":{"allow":["GET"]}}],"collection":[{"href":"https:\/\/www.treizecizero.ro\/shop\/wp-json\/wp\/v2\/product"}],"about":[{"href":"https:\/\/www.treizecizero.ro\/shop\/wp-json\/wp\/v2\/types\/product"}],"wp:featuredmedia":[{"embeddable":true,"href":"https:\/\/www.treizecizero.ro\/shop\/wp-json\/wp\/v2\/media\/4870"}],"wp:attachment":[{"href":"https:\/\/www.treizecizero.ro\/shop\/wp-json\/wp\/v2\/media?parent=2555"}],"wp:term":[{"taxonomy":"product_brand","embeddable":true,"href":"https:\/\/www.treizecizero.ro\/shop\/wp-json\/wp\/v2\/product_brand?post=2555"},{"taxonomy":"product_cat","embeddable":true,"href":"https:\/\/www.treizecizero.ro\/shop\/wp-json\/wp\/v2\/product_cat?post=2555"},{"taxonomy":"product_tag","embeddable":true,"href":"https:\/\/www.treizecizero.ro\/shop\/wp-json\/wp\/v2\/product_tag?post=2555"}],"curies":[{"name":"wp","href":"https:\/\/api.w.org\/{rel}","templated":true}]}}