{"id":1976,"date":"2019-09-08T18:51:15","date_gmt":"2019-09-08T16:51:15","guid":{"rendered":"https:\/\/www.treizecizero.ro\/shop\/?post_type=product&#038;p=1976"},"modified":"2021-10-11T14:01:04","modified_gmt":"2021-10-11T12:01:04","slug":"tricou-treizecizero-n-o-sa-simona-halep-titlu-grand-slam","status":"publish","type":"product","link":"https:\/\/www.treizecizero.ro\/shop\/produs\/tricou-treizecizero-n-o-sa-simona-halep-titlu-grand-slam\/","title":{"rendered":"Best Seller 30-0 | Tricou \u201eN-o s\u0103 c\u00e2\u0219tige niciodat\u0103 un Slam\u201d (1.0)"},"content":{"rendered":"<div class=\"descriere-stanga\">\n<h2>Nou tricou de la 30-0<\/h2>\n<p>Tricoul cerut \u0219i dorit de mul\u021bi dintre voi a venit! <strong>\u201eN-o s\u0103 c\u00e2\u0219tige niciodat\u0103 un Slam\u201d<\/strong> este tricoul care nu mai are nevoie de nicio explica\u021bie. E suficient s\u0103 \u00eel por\u021bi ca s\u0103 transmi\u021bi un mesaj mai puternic dec\u00e2t o mie de articole.<\/p>\n<p>\u201eO s\u0103 c\u00e2\u0219tige vreodat\u0103 un Slam?\u201d Nu, pentru c\u0103 \u00eei lipse\u0219te cutare calitate. Sau a ajuns at\u00e2t de sus cu noroc. E o er\u0103 slab\u0103. Le \u0219ti\u021bi pe toate. \u201eN-o s\u0103\u201d este o r\u0103zvr\u0103tire \u00eempotriva tuturor legendelor urbane nefundamentate pe nimic relevant, un protest \u00eempotriva a tot ce te \u00eenva\u021b\u0103 c\u0103 nu ai dreptul s\u0103 speri, c\u0103 e\u0219ti prea mic, prea crud, prea slab, prea rom\u00e2n, prea nedemn. C\u0103 nu ai voie s\u0103 visezi.<\/p>\n<p>Taie de pe list\u0103 fiecare prejudecat\u0103 cu un tricou care te \u00eendeamn\u0103 s\u0103 crezi \u00een visul t\u0103u, folosind drept exemplu cea mai bun\u0103 poveste inspira\u021bional\u0103 pe care a oferit-o sportul rom\u00e2nesc \u00een ultimii zeci de ani. C\u00e2nd toat\u0103 lumea, inclusiv ai t\u0103i, \u00ee\u021bi spune c\u0103 n-o s\u0103 reu\u0219e\u0219ti, ambi\u021bioneaz\u0103-te \u0219i arat\u0103-le tuturor c\u0103 se \u00een\u0219al\u0103. Apoi inspir\u0103-i pe al\u021bii s\u0103 fac\u0103 la fel!<\/p>\n<p>Indiferent cu ce te ocupi, nu \u00eenceta niciodat\u0103 s\u0103 crezi. Pentru c\u0103 lucruri grozave se vor \u00eent\u00e2mpla cu siguran\u021b\u0103 dac\u0103 nu renun\u021bi \u0219i dac\u0103 munce\u0219ti pentru visul t\u0103u.<\/p>\n<p>\u00cen anul Primului Slam, conteaz\u0103 s\u0103 iei atitudine!<\/p>\n<\/div>\n<div class=\"descriere-centru\">\n<h2>Aten\u021bie: cantit\u0103\u021bi limitate! Disponibil pe alb, pe negru<\/h2>\n<p><strong>Tricoul N-o s\u0103\u00a0c\u00e2\u0219tige niciodat\u0103 un Slam<\/strong>, versiunea 1, are un design ultramodern, cel mai bun rezultat ob\u021binut de echipa 30-0 \u00een lungile s\u0103pt\u0103m\u00e2ni de testare.<\/p>\n<p>Disponibil pe alb \u0219i pe negru, \u00een culori complementare puternice, tricoul este, a\u0219a cum proced\u0103m de obicei, disponibil la un pre\u021b promo\u021bional dup\u0103 lansare. \u00cel pute\u021bi precomanda cu<strong>\u00a079 de lei nu doar 24 de ore, ci 36 de ore dup\u0103 lansare.<\/strong><\/p>\n<p>&nbsp;<\/p>\n<p>Tricourile<b>\u00a0<\/b>sunt fabricate 100% din bumbac organic, piept\u0103nat, moale, care asigur\u0103 un confort sporit, fie c\u0103 \u00eel por\u021bi pe strad\u0103, fie la antrenament sau \u00een timpul unui meci de tenis. Croiala este <strong>medium fit<\/strong>, iar sp\u0103larea, automat\u0103.<\/p>\n<p>&nbsp;<\/p>\n<\/div>\n<div class=\"descriere-dreapta\">\n<h2>M\u0103rimi, culori<\/h2>\n<p>XS (doar feminin)<br \/>\nS (masculin, feminin)<br \/>\nM\u00a0(masculin, feminin)<br \/>\nL (masculin, feminin)<br \/>\nXL (doar masculin, num\u0103r mic)<\/p>\n<p><strong>Culori disponibile:<\/strong> alb, negru<\/p>\n<p><span style=\"color: #ff0000;\"><strong><span style=\"text-decoration: underline;\">Livr\u0103ri din stoc<\/span><br \/>\n<\/strong><\/span><\/p>\n<p>&nbsp;<\/p>\n<\/div>\n","protected":false},"excerpt":{"rendered":"<p>Un tricou cu un design ultramodern, care transmite un mesaj puternic. Inspirat de titlul c\u00e2\u0219tigat de Simona Halep la Roland Garros, \u201eN-o s\u0103 c\u00e2\u0219tige niciodat\u0103 un Slam\u201d este tricoul care nu mai are nevoie de nicio explica\u021bie. C\u00e2nd toat\u0103 lumea \u00ee\u021bi spune c\u0103 n-o s\u0103 reu\u0219e\u0219ti, ambi\u021bioneaz\u0103-te \u0219i arat\u0103-le c\u0103 se \u00een\u0219al\u0103. Apoi inspir\u0103-i pe al\u021bii!<\/p>\n","protected":false},"featured_media":2127,"template":"","meta":{"_acf_changed":false},"product_brand":[],"product_cat":[17,19],"product_tag":[],"class_list":{"0":"post-1976","1":"product","2":"type-product","3":"status-publish","4":"has-post-thumbnail","6":"product_cat-promo","7":"product_cat-tricouri-tenis","9":"first","10":"instock","11":"shipping-taxable","12":"purchasable","13":"product-type-variable"},"acf":[],"yoast_head":"<!-- This site is optimized with the Yoast SEO plugin v25.4 - https:\/\/yoast.com\/wordpress\/plugins\/seo\/ -->\n<title>Tricou de tenis 30-0 | N-o S\u0103 c\u00e2\u0219tige niciodat\u0103 un Slam | Tennis T-Shirt<\/title>\n<meta name=\"description\" content=\"Un tricou cu un design ultramodern, cu un mesaj puternic. Inspirat de titlul c\u00e2\u0219tigat de Simona Halep la Roland Garros, \u201eN-o s\u0103 c\u00e2\u0219tige niciodat\u0103 un Slam\u201d este tricoul care nu mai are nevoie de nicio explica\u021bie. C\u00e2nd toat\u0103 lumea \u00ee\u021bi spune c\u0103 n-o s\u0103 reu\u0219e\u0219ti, ambi\u021bioneaz\u0103-te \u0219i arat\u0103-le c\u0103 gre\u0219esc.\" \/>\n<meta name=\"robots\" content=\"index, follow, max-snippet:-1, max-image-preview:large, max-video-preview:-1\" \/>\n<link rel=\"canonical\" href=\"https:\/\/www.treizecizero.ro\/shop\/produs\/tricou-treizecizero-n-o-sa-simona-halep-titlu-grand-slam\/\" \/>\n<meta property=\"og:locale\" content=\"ro_RO\" \/>\n<meta property=\"og:type\" content=\"article\" \/>\n<meta property=\"og:title\" content=\"Tricou de tenis 30-0 | N-o S\u0103 c\u00e2\u0219tige niciodat\u0103 un Slam | Tennis T-Shirt\" \/>\n<meta property=\"og:description\" content=\"Un tricou cu un design ultramodern, cu un mesaj puternic. Inspirat de titlul c\u00e2\u0219tigat de Simona Halep la Roland Garros, \u201eN-o s\u0103 c\u00e2\u0219tige niciodat\u0103 un Slam\u201d este tricoul care nu mai are nevoie de nicio explica\u021bie. C\u00e2nd toat\u0103 lumea \u00ee\u021bi spune c\u0103 n-o s\u0103 reu\u0219e\u0219ti, ambi\u021bioneaz\u0103-te \u0219i arat\u0103-le c\u0103 gre\u0219esc.\" \/>\n<meta property=\"og:url\" content=\"https:\/\/www.treizecizero.ro\/shop\/produs\/tricou-treizecizero-n-o-sa-simona-halep-titlu-grand-slam\/\" \/>\n<meta property=\"og:site_name\" content=\"Shop Treizecizero\" \/>\n<meta property=\"article:modified_time\" content=\"2021-10-11T12:01:04+00:00\" \/>\n<meta property=\"og:image\" content=\"https:\/\/www.treizecizero.ro\/shop\/wp-content\/uploads\/2018\/08\/1a.png\" \/>\n\t<meta property=\"og:image:width\" content=\"1200\" \/>\n\t<meta property=\"og:image:height\" content=\"1200\" \/>\n\t<meta property=\"og:image:type\" content=\"image\/png\" \/>\n<meta name=\"twitter:card\" content=\"summary_large_image\" \/>\n<meta name=\"twitter:label1\" content=\"Timp estimat pentru citire\" \/>\n\t<meta name=\"twitter:data1\" content=\"2 minute\" \/>\n<script type=\"application\/ld+json\" class=\"yoast-schema-graph\">{\"@context\":\"https:\/\/schema.org\",\"@graph\":[{\"@type\":\"WebPage\",\"@id\":\"https:\/\/www.treizecizero.ro\/shop\/produs\/tricou-treizecizero-n-o-sa-simona-halep-titlu-grand-slam\/\",\"url\":\"https:\/\/www.treizecizero.ro\/shop\/produs\/tricou-treizecizero-n-o-sa-simona-halep-titlu-grand-slam\/\",\"name\":\"Tricou de tenis 30-0 | N-o S\u0103 c\u00e2\u0219tige niciodat\u0103 un Slam | Tennis T-Shirt\",\"isPartOf\":{\"@id\":\"https:\/\/www.treizecizero.ro\/shop\/#website\"},\"primaryImageOfPage\":{\"@id\":\"https:\/\/www.treizecizero.ro\/shop\/produs\/tricou-treizecizero-n-o-sa-simona-halep-titlu-grand-slam\/#primaryimage\"},\"image\":{\"@id\":\"https:\/\/www.treizecizero.ro\/shop\/produs\/tricou-treizecizero-n-o-sa-simona-halep-titlu-grand-slam\/#primaryimage\"},\"thumbnailUrl\":\"https:\/\/www.treizecizero.ro\/shop\/wp-content\/uploads\/2018\/08\/1a.png\",\"datePublished\":\"2019-09-08T16:51:15+00:00\",\"dateModified\":\"2021-10-11T12:01:04+00:00\",\"description\":\"Un tricou cu un design ultramodern, cu un mesaj puternic. Inspirat de titlul c\u00e2\u0219tigat de Simona Halep la Roland Garros, \u201eN-o s\u0103 c\u00e2\u0219tige niciodat\u0103 un Slam\u201d este tricoul care nu mai are nevoie de nicio explica\u021bie. C\u00e2nd toat\u0103 lumea \u00ee\u021bi spune c\u0103 n-o s\u0103 reu\u0219e\u0219ti, ambi\u021bioneaz\u0103-te \u0219i arat\u0103-le c\u0103 gre\u0219esc.\",\"breadcrumb\":{\"@id\":\"https:\/\/www.treizecizero.ro\/shop\/produs\/tricou-treizecizero-n-o-sa-simona-halep-titlu-grand-slam\/#breadcrumb\"},\"inLanguage\":\"ro-RO\",\"potentialAction\":[{\"@type\":\"ReadAction\",\"target\":[\"https:\/\/www.treizecizero.ro\/shop\/produs\/tricou-treizecizero-n-o-sa-simona-halep-titlu-grand-slam\/\"]}]},{\"@type\":\"ImageObject\",\"inLanguage\":\"ro-RO\",\"@id\":\"https:\/\/www.treizecizero.ro\/shop\/produs\/tricou-treizecizero-n-o-sa-simona-halep-titlu-grand-slam\/#primaryimage\",\"url\":\"https:\/\/www.treizecizero.ro\/shop\/wp-content\/uploads\/2018\/08\/1a.png\",\"contentUrl\":\"https:\/\/www.treizecizero.ro\/shop\/wp-content\/uploads\/2018\/08\/1a.png\",\"width\":1200,\"height\":1200},{\"@type\":\"BreadcrumbList\",\"@id\":\"https:\/\/www.treizecizero.ro\/shop\/produs\/tricou-treizecizero-n-o-sa-simona-halep-titlu-grand-slam\/#breadcrumb\",\"itemListElement\":[{\"@type\":\"ListItem\",\"position\":1,\"name\":\"Prima pagin\u0103\",\"item\":\"https:\/\/www.treizecizero.ro\/shop\/\"},{\"@type\":\"ListItem\",\"position\":2,\"name\":\"Magazin\",\"item\":\"https:\/\/www.treizecizero.ro\/shop\/magazin\/\"},{\"@type\":\"ListItem\",\"position\":3,\"name\":\"Best Seller 30-0 | Tricou \u201eN-o s\u0103 c\u00e2\u0219tige niciodat\u0103 un Slam\u201d (1.0)\"}]},{\"@type\":\"WebSite\",\"@id\":\"https:\/\/www.treizecizero.ro\/shop\/#website\",\"url\":\"https:\/\/www.treizecizero.ro\/shop\/\",\"name\":\"Shop Treizecizero\",\"description\":\"\",\"potentialAction\":[{\"@type\":\"SearchAction\",\"target\":{\"@type\":\"EntryPoint\",\"urlTemplate\":\"https:\/\/www.treizecizero.ro\/shop\/?s={search_term_string}\"},\"query-input\":{\"@type\":\"PropertyValueSpecification\",\"valueRequired\":true,\"valueName\":\"search_term_string\"}}],\"inLanguage\":\"ro-RO\"}]}<\/script>\n<!-- \/ Yoast SEO plugin. -->","yoast_head_json":{"title":"Tricou de tenis 30-0 | N-o S\u0103 c\u00e2\u0219tige niciodat\u0103 un Slam | Tennis T-Shirt","description":"Un tricou cu un design ultramodern, cu un mesaj puternic. Inspirat de titlul c\u00e2\u0219tigat de Simona Halep la Roland Garros, \u201eN-o s\u0103 c\u00e2\u0219tige niciodat\u0103 un Slam\u201d este tricoul care nu mai are nevoie de nicio explica\u021bie. C\u00e2nd toat\u0103 lumea \u00ee\u021bi spune c\u0103 n-o s\u0103 reu\u0219e\u0219ti, ambi\u021bioneaz\u0103-te \u0219i arat\u0103-le c\u0103 gre\u0219esc.","robots":{"index":"index","follow":"follow","max-snippet":"max-snippet:-1","max-image-preview":"max-image-preview:large","max-video-preview":"max-video-preview:-1"},"canonical":"https:\/\/www.treizecizero.ro\/shop\/produs\/tricou-treizecizero-n-o-sa-simona-halep-titlu-grand-slam\/","og_locale":"ro_RO","og_type":"article","og_title":"Tricou de tenis 30-0 | N-o S\u0103 c\u00e2\u0219tige niciodat\u0103 un Slam | Tennis T-Shirt","og_description":"Un tricou cu un design ultramodern, cu un mesaj puternic. Inspirat de titlul c\u00e2\u0219tigat de Simona Halep la Roland Garros, \u201eN-o s\u0103 c\u00e2\u0219tige niciodat\u0103 un Slam\u201d este tricoul care nu mai are nevoie de nicio explica\u021bie. C\u00e2nd toat\u0103 lumea \u00ee\u021bi spune c\u0103 n-o s\u0103 reu\u0219e\u0219ti, ambi\u021bioneaz\u0103-te \u0219i arat\u0103-le c\u0103 gre\u0219esc.","og_url":"https:\/\/www.treizecizero.ro\/shop\/produs\/tricou-treizecizero-n-o-sa-simona-halep-titlu-grand-slam\/","og_site_name":"Shop Treizecizero","article_modified_time":"2021-10-11T12:01:04+00:00","og_image":[{"width":1200,"height":1200,"url":"https:\/\/www.treizecizero.ro\/shop\/wp-content\/uploads\/2018\/08\/1a.png","type":"image\/png"}],"twitter_card":"summary_large_image","twitter_misc":{"Timp estimat pentru citire":"2 minute"},"schema":{"@context":"https:\/\/schema.org","@graph":[{"@type":"WebPage","@id":"https:\/\/www.treizecizero.ro\/shop\/produs\/tricou-treizecizero-n-o-sa-simona-halep-titlu-grand-slam\/","url":"https:\/\/www.treizecizero.ro\/shop\/produs\/tricou-treizecizero-n-o-sa-simona-halep-titlu-grand-slam\/","name":"Tricou de tenis 30-0 | N-o S\u0103 c\u00e2\u0219tige niciodat\u0103 un Slam | Tennis T-Shirt","isPartOf":{"@id":"https:\/\/www.treizecizero.ro\/shop\/#website"},"primaryImageOfPage":{"@id":"https:\/\/www.treizecizero.ro\/shop\/produs\/tricou-treizecizero-n-o-sa-simona-halep-titlu-grand-slam\/#primaryimage"},"image":{"@id":"https:\/\/www.treizecizero.ro\/shop\/produs\/tricou-treizecizero-n-o-sa-simona-halep-titlu-grand-slam\/#primaryimage"},"thumbnailUrl":"https:\/\/www.treizecizero.ro\/shop\/wp-content\/uploads\/2018\/08\/1a.png","datePublished":"2019-09-08T16:51:15+00:00","dateModified":"2021-10-11T12:01:04+00:00","description":"Un tricou cu un design ultramodern, cu un mesaj puternic. Inspirat de titlul c\u00e2\u0219tigat de Simona Halep la Roland Garros, \u201eN-o s\u0103 c\u00e2\u0219tige niciodat\u0103 un Slam\u201d este tricoul care nu mai are nevoie de nicio explica\u021bie. C\u00e2nd toat\u0103 lumea \u00ee\u021bi spune c\u0103 n-o s\u0103 reu\u0219e\u0219ti, ambi\u021bioneaz\u0103-te \u0219i arat\u0103-le c\u0103 gre\u0219esc.","breadcrumb":{"@id":"https:\/\/www.treizecizero.ro\/shop\/produs\/tricou-treizecizero-n-o-sa-simona-halep-titlu-grand-slam\/#breadcrumb"},"inLanguage":"ro-RO","potentialAction":[{"@type":"ReadAction","target":["https:\/\/www.treizecizero.ro\/shop\/produs\/tricou-treizecizero-n-o-sa-simona-halep-titlu-grand-slam\/"]}]},{"@type":"ImageObject","inLanguage":"ro-RO","@id":"https:\/\/www.treizecizero.ro\/shop\/produs\/tricou-treizecizero-n-o-sa-simona-halep-titlu-grand-slam\/#primaryimage","url":"https:\/\/www.treizecizero.ro\/shop\/wp-content\/uploads\/2018\/08\/1a.png","contentUrl":"https:\/\/www.treizecizero.ro\/shop\/wp-content\/uploads\/2018\/08\/1a.png","width":1200,"height":1200},{"@type":"BreadcrumbList","@id":"https:\/\/www.treizecizero.ro\/shop\/produs\/tricou-treizecizero-n-o-sa-simona-halep-titlu-grand-slam\/#breadcrumb","itemListElement":[{"@type":"ListItem","position":1,"name":"Prima pagin\u0103","item":"https:\/\/www.treizecizero.ro\/shop\/"},{"@type":"ListItem","position":2,"name":"Magazin","item":"https:\/\/www.treizecizero.ro\/shop\/magazin\/"},{"@type":"ListItem","position":3,"name":"Best Seller 30-0 | Tricou \u201eN-o s\u0103 c\u00e2\u0219tige niciodat\u0103 un Slam\u201d (1.0)"}]},{"@type":"WebSite","@id":"https:\/\/www.treizecizero.ro\/shop\/#website","url":"https:\/\/www.treizecizero.ro\/shop\/","name":"Shop Treizecizero","description":"","potentialAction":[{"@type":"SearchAction","target":{"@type":"EntryPoint","urlTemplate":"https:\/\/www.treizecizero.ro\/shop\/?s={search_term_string}"},"query-input":{"@type":"PropertyValueSpecification","valueRequired":true,"valueName":"search_term_string"}}],"inLanguage":"ro-RO"}]}},"_links":{"self":[{"href":"https:\/\/www.treizecizero.ro\/shop\/wp-json\/wp\/v2\/product\/1976","targetHints":{"allow":["GET"]}}],"collection":[{"href":"https:\/\/www.treizecizero.ro\/shop\/wp-json\/wp\/v2\/product"}],"about":[{"href":"https:\/\/www.treizecizero.ro\/shop\/wp-json\/wp\/v2\/types\/product"}],"wp:featuredmedia":[{"embeddable":true,"href":"https:\/\/www.treizecizero.ro\/shop\/wp-json\/wp\/v2\/media\/2127"}],"wp:attachment":[{"href":"https:\/\/www.treizecizero.ro\/shop\/wp-json\/wp\/v2\/media?parent=1976"}],"wp:term":[{"taxonomy":"product_brand","embeddable":true,"href":"https:\/\/www.treizecizero.ro\/shop\/wp-json\/wp\/v2\/product_brand?post=1976"},{"taxonomy":"product_cat","embeddable":true,"href":"https:\/\/www.treizecizero.ro\/shop\/wp-json\/wp\/v2\/product_cat?post=1976"},{"taxonomy":"product_tag","embeddable":true,"href":"https:\/\/www.treizecizero.ro\/shop\/wp-json\/wp\/v2\/product_tag?post=1976"}],"curies":[{"name":"wp","href":"https:\/\/api.w.org\/{rel}","templated":true}]}}