{"id":1801,"date":"2018-07-21T04:54:35","date_gmt":"2018-07-21T02:54:35","guid":{"rendered":"https:\/\/www.treizecizero.ro\/shop\/?post_type=product&#038;p=1801"},"modified":"2025-07-28T16:09:41","modified_gmt":"2025-07-28T14:09:41","slug":"icecream-tennis-tee","status":"publish","type":"product","link":"https:\/\/www.treizecizero.ro\/shop\/produs\/icecream-tennis-tee\/","title":{"rendered":"Icecream Tee"},"content":{"rendered":"<div class=\"descriere-stanga\">\n<h2>Nou tricou de la 30-0<\/h2>\n<p>Ia-\u021bi un tricou cu un design fresh! <em>Tennis to melt<\/em> <em>for<\/em> \u00eenseamn\u0103 acel tenis suprem, pentru care ai trece mun\u021bii ca s\u0103-l po\u021bi vedea, tr\u0103i, respira. \u00censeamn\u0103 pasiune pentru tenis. \u00censeamn\u0103 \u0219i optimism, z\u00e2mbet \u0219i relaxare.<\/p>\n<p>Mai \u00eenseamn\u0103 \u0219i c\u0103 te tope\u0219ti dup\u0103 Simona ta, dup\u0103 Federerul t\u0103u, dup\u0103 Nadalul t\u0103u, dup\u0103 Djokoviciul t\u0103u, dup\u0103 tot ce te face s\u0103 sim\u021bi c\u0103 tr\u0103ie\u0219ti. \u0218i c\u0103 e soare \u0219i bine.<\/p>\n<p>Tope\u0219te-te dup\u0103 tenis cu acest nou tricou de la 30-0!<\/p>\n<p>Win at life with icecream and\u00a0<span class=\"il\">tennis! \ud83d\ude00\u00a0<\/span><\/p>\n<\/div>\n<div class=\"descriere-centru\">\n<h2>Disponibil pe alb, pe negru \u0219i pe albastru<\/h2>\n<p>Disponibile pe alb, pe negru \u0219i, \u00een premier\u0103, pe albastru, tricourile <b>30-0 Icecream\u00a0<\/b>sunt fabricate 100% din bumbac organic, piept\u0103nat, moale, care asigur\u0103 un confort sporit, fie c\u0103 \u00eel por\u021bi pe strad\u0103, fie la antrenament sau \u00een timpul unui meci de tenis.<\/p>\n<p>Croiala este <strong>medium fit<\/strong>, iar sp\u0103larea, automat\u0103.<\/p>\n<p>Produsul e disponbil pe alb, negru, albastru (carribean blue).<\/p>\n<\/div>\n<div class=\"descriere-dreapta\">\n<h2>M\u0103rimi, culori. Date de livrare<\/h2>\n<p>XS (doar feminin)<br \/>\nS (masculin, feminin)<br \/>\nM\u00a0(masculin, feminin)<br \/>\nL (masculin, feminin)<br \/>\nXL (doar masculin, num\u0103r mic)<\/p>\n<p><strong>Culori disponibile:<\/strong> alb, negru, carribean blue<\/p>\n<p><span style=\"color: #ff0000;\"><strong>Produs disponibil \u00een stoc!<br \/>\n<\/strong><\/span><\/p>\n<p>&nbsp;<\/p>\n<\/div>\n","protected":false},"excerpt":{"rendered":"<p>Ia-\u021bi un tricou cu un design fresh! <em>Tennis to melt<\/em> <em>for<\/em> \u00eenseamn\u0103 acel tenis suprem, pentru care ai trece mun\u021bii ca s\u0103-l po\u021bi vedea, tr\u0103i, respira. \u00censeamn\u0103 pasiune pentru tenis. \u00censeamn\u0103 \u0219i optimism, z\u00e2mbet \u0219i drag pentru tenis. At\u00e2t de drag, \u00eenc\u00e2t te tope\u0219ti!<\/p>\n","protected":false},"featured_media":3966,"template":"","meta":{"_acf_changed":false},"product_brand":[],"product_cat":[17,19],"product_tag":[],"class_list":{"0":"post-1801","1":"product","2":"type-product","3":"status-publish","4":"has-post-thumbnail","6":"product_cat-promo","7":"product_cat-tricouri-tenis","9":"first","10":"instock","11":"shipping-taxable","12":"purchasable","13":"product-type-variable"},"acf":[],"yoast_head":"<!-- This site is optimized with the Yoast SEO plugin v25.4 - https:\/\/yoast.com\/wordpress\/plugins\/seo\/ -->\n<title>Tricou tenis Treizecizero.ro Icecream Tennis T-Shirt<\/title>\n<meta name=\"description\" content=\"Un tricou cu un design fresh, cu care ie\u0219i din r\u00e2nd \u0219i \u00ee\u021bi faci cunoscut\u0103 apartenen\u021ba, ca fan, la sportul cu cel mai atipic sistem de scor din lume. \u0218i \u00een plus le ar\u0103\u021bi tuturor ce site cite\u0219ti! ;)\" \/>\n<meta name=\"robots\" content=\"index, follow, max-snippet:-1, max-image-preview:large, max-video-preview:-1\" \/>\n<link rel=\"canonical\" href=\"https:\/\/www.treizecizero.ro\/shop\/produs\/icecream-tennis-tee\/\" \/>\n<meta property=\"og:locale\" content=\"ro_RO\" \/>\n<meta property=\"og:type\" content=\"article\" \/>\n<meta property=\"og:title\" content=\"Tricou tenis Treizecizero.ro Icecream Tennis T-Shirt\" \/>\n<meta property=\"og:description\" content=\"Un tricou cu un design fresh, cu care ie\u0219i din r\u00e2nd \u0219i \u00ee\u021bi faci cunoscut\u0103 apartenen\u021ba, ca fan, la sportul cu cel mai atipic sistem de scor din lume. \u0218i \u00een plus le ar\u0103\u021bi tuturor ce site cite\u0219ti! ;)\" \/>\n<meta property=\"og:url\" content=\"https:\/\/www.treizecizero.ro\/shop\/produs\/icecream-tennis-tee\/\" \/>\n<meta property=\"og:site_name\" content=\"Shop Treizecizero\" \/>\n<meta property=\"article:modified_time\" content=\"2025-07-28T14:09:41+00:00\" \/>\n<meta property=\"og:image\" content=\"https:\/\/www.treizecizero.ro\/shop\/wp-content\/uploads\/2019\/09\/Icecream-Tee2.jpg\" \/>\n\t<meta property=\"og:image:width\" content=\"2000\" \/>\n\t<meta property=\"og:image:height\" content=\"3000\" \/>\n\t<meta property=\"og:image:type\" content=\"image\/jpeg\" \/>\n<meta name=\"twitter:card\" content=\"summary_large_image\" \/>\n<meta name=\"twitter:label1\" content=\"Timp estimat pentru citire\" \/>\n\t<meta name=\"twitter:data1\" content=\"2 minute\" \/>\n<script type=\"application\/ld+json\" class=\"yoast-schema-graph\">{\"@context\":\"https:\/\/schema.org\",\"@graph\":[{\"@type\":\"WebPage\",\"@id\":\"https:\/\/www.treizecizero.ro\/shop\/produs\/icecream-tennis-tee\/\",\"url\":\"https:\/\/www.treizecizero.ro\/shop\/produs\/icecream-tennis-tee\/\",\"name\":\"Tricou tenis Treizecizero.ro Icecream Tennis T-Shirt\",\"isPartOf\":{\"@id\":\"https:\/\/www.treizecizero.ro\/shop\/#website\"},\"primaryImageOfPage\":{\"@id\":\"https:\/\/www.treizecizero.ro\/shop\/produs\/icecream-tennis-tee\/#primaryimage\"},\"image\":{\"@id\":\"https:\/\/www.treizecizero.ro\/shop\/produs\/icecream-tennis-tee\/#primaryimage\"},\"thumbnailUrl\":\"https:\/\/www.treizecizero.ro\/shop\/wp-content\/uploads\/2019\/09\/Icecream-Tee2-scaled.jpg\",\"datePublished\":\"2018-07-21T02:54:35+00:00\",\"dateModified\":\"2025-07-28T14:09:41+00:00\",\"description\":\"Un tricou cu un design fresh, cu care ie\u0219i din r\u00e2nd \u0219i \u00ee\u021bi faci cunoscut\u0103 apartenen\u021ba, ca fan, la sportul cu cel mai atipic sistem de scor din lume. \u0218i \u00een plus le ar\u0103\u021bi tuturor ce site cite\u0219ti! ;)\",\"breadcrumb\":{\"@id\":\"https:\/\/www.treizecizero.ro\/shop\/produs\/icecream-tennis-tee\/#breadcrumb\"},\"inLanguage\":\"ro-RO\",\"potentialAction\":[{\"@type\":\"ReadAction\",\"target\":[\"https:\/\/www.treizecizero.ro\/shop\/produs\/icecream-tennis-tee\/\"]}]},{\"@type\":\"ImageObject\",\"inLanguage\":\"ro-RO\",\"@id\":\"https:\/\/www.treizecizero.ro\/shop\/produs\/icecream-tennis-tee\/#primaryimage\",\"url\":\"https:\/\/www.treizecizero.ro\/shop\/wp-content\/uploads\/2019\/09\/Icecream-Tee2-scaled.jpg\",\"contentUrl\":\"https:\/\/www.treizecizero.ro\/shop\/wp-content\/uploads\/2019\/09\/Icecream-Tee2-scaled.jpg\",\"width\":1707,\"height\":2560},{\"@type\":\"BreadcrumbList\",\"@id\":\"https:\/\/www.treizecizero.ro\/shop\/produs\/icecream-tennis-tee\/#breadcrumb\",\"itemListElement\":[{\"@type\":\"ListItem\",\"position\":1,\"name\":\"Prima pagin\u0103\",\"item\":\"https:\/\/www.treizecizero.ro\/shop\/\"},{\"@type\":\"ListItem\",\"position\":2,\"name\":\"Magazin\",\"item\":\"https:\/\/www.treizecizero.ro\/shop\/magazin\/\"},{\"@type\":\"ListItem\",\"position\":3,\"name\":\"Icecream Tee\"}]},{\"@type\":\"WebSite\",\"@id\":\"https:\/\/www.treizecizero.ro\/shop\/#website\",\"url\":\"https:\/\/www.treizecizero.ro\/shop\/\",\"name\":\"Shop Treizecizero\",\"description\":\"\",\"potentialAction\":[{\"@type\":\"SearchAction\",\"target\":{\"@type\":\"EntryPoint\",\"urlTemplate\":\"https:\/\/www.treizecizero.ro\/shop\/?s={search_term_string}\"},\"query-input\":{\"@type\":\"PropertyValueSpecification\",\"valueRequired\":true,\"valueName\":\"search_term_string\"}}],\"inLanguage\":\"ro-RO\"}]}<\/script>\n<!-- \/ Yoast SEO plugin. -->","yoast_head_json":{"title":"Tricou tenis Treizecizero.ro Icecream Tennis T-Shirt","description":"Un tricou cu un design fresh, cu care ie\u0219i din r\u00e2nd \u0219i \u00ee\u021bi faci cunoscut\u0103 apartenen\u021ba, ca fan, la sportul cu cel mai atipic sistem de scor din lume. \u0218i \u00een plus le ar\u0103\u021bi tuturor ce site cite\u0219ti! ;)","robots":{"index":"index","follow":"follow","max-snippet":"max-snippet:-1","max-image-preview":"max-image-preview:large","max-video-preview":"max-video-preview:-1"},"canonical":"https:\/\/www.treizecizero.ro\/shop\/produs\/icecream-tennis-tee\/","og_locale":"ro_RO","og_type":"article","og_title":"Tricou tenis Treizecizero.ro Icecream Tennis T-Shirt","og_description":"Un tricou cu un design fresh, cu care ie\u0219i din r\u00e2nd \u0219i \u00ee\u021bi faci cunoscut\u0103 apartenen\u021ba, ca fan, la sportul cu cel mai atipic sistem de scor din lume. \u0218i \u00een plus le ar\u0103\u021bi tuturor ce site cite\u0219ti! ;)","og_url":"https:\/\/www.treizecizero.ro\/shop\/produs\/icecream-tennis-tee\/","og_site_name":"Shop Treizecizero","article_modified_time":"2025-07-28T14:09:41+00:00","og_image":[{"width":2000,"height":3000,"url":"https:\/\/www.treizecizero.ro\/shop\/wp-content\/uploads\/2019\/09\/Icecream-Tee2.jpg","type":"image\/jpeg"}],"twitter_card":"summary_large_image","twitter_misc":{"Timp estimat pentru citire":"2 minute"},"schema":{"@context":"https:\/\/schema.org","@graph":[{"@type":"WebPage","@id":"https:\/\/www.treizecizero.ro\/shop\/produs\/icecream-tennis-tee\/","url":"https:\/\/www.treizecizero.ro\/shop\/produs\/icecream-tennis-tee\/","name":"Tricou tenis Treizecizero.ro Icecream Tennis T-Shirt","isPartOf":{"@id":"https:\/\/www.treizecizero.ro\/shop\/#website"},"primaryImageOfPage":{"@id":"https:\/\/www.treizecizero.ro\/shop\/produs\/icecream-tennis-tee\/#primaryimage"},"image":{"@id":"https:\/\/www.treizecizero.ro\/shop\/produs\/icecream-tennis-tee\/#primaryimage"},"thumbnailUrl":"https:\/\/www.treizecizero.ro\/shop\/wp-content\/uploads\/2019\/09\/Icecream-Tee2-scaled.jpg","datePublished":"2018-07-21T02:54:35+00:00","dateModified":"2025-07-28T14:09:41+00:00","description":"Un tricou cu un design fresh, cu care ie\u0219i din r\u00e2nd \u0219i \u00ee\u021bi faci cunoscut\u0103 apartenen\u021ba, ca fan, la sportul cu cel mai atipic sistem de scor din lume. \u0218i \u00een plus le ar\u0103\u021bi tuturor ce site cite\u0219ti! ;)","breadcrumb":{"@id":"https:\/\/www.treizecizero.ro\/shop\/produs\/icecream-tennis-tee\/#breadcrumb"},"inLanguage":"ro-RO","potentialAction":[{"@type":"ReadAction","target":["https:\/\/www.treizecizero.ro\/shop\/produs\/icecream-tennis-tee\/"]}]},{"@type":"ImageObject","inLanguage":"ro-RO","@id":"https:\/\/www.treizecizero.ro\/shop\/produs\/icecream-tennis-tee\/#primaryimage","url":"https:\/\/www.treizecizero.ro\/shop\/wp-content\/uploads\/2019\/09\/Icecream-Tee2-scaled.jpg","contentUrl":"https:\/\/www.treizecizero.ro\/shop\/wp-content\/uploads\/2019\/09\/Icecream-Tee2-scaled.jpg","width":1707,"height":2560},{"@type":"BreadcrumbList","@id":"https:\/\/www.treizecizero.ro\/shop\/produs\/icecream-tennis-tee\/#breadcrumb","itemListElement":[{"@type":"ListItem","position":1,"name":"Prima pagin\u0103","item":"https:\/\/www.treizecizero.ro\/shop\/"},{"@type":"ListItem","position":2,"name":"Magazin","item":"https:\/\/www.treizecizero.ro\/shop\/magazin\/"},{"@type":"ListItem","position":3,"name":"Icecream Tee"}]},{"@type":"WebSite","@id":"https:\/\/www.treizecizero.ro\/shop\/#website","url":"https:\/\/www.treizecizero.ro\/shop\/","name":"Shop Treizecizero","description":"","potentialAction":[{"@type":"SearchAction","target":{"@type":"EntryPoint","urlTemplate":"https:\/\/www.treizecizero.ro\/shop\/?s={search_term_string}"},"query-input":{"@type":"PropertyValueSpecification","valueRequired":true,"valueName":"search_term_string"}}],"inLanguage":"ro-RO"}]}},"_links":{"self":[{"href":"https:\/\/www.treizecizero.ro\/shop\/wp-json\/wp\/v2\/product\/1801","targetHints":{"allow":["GET"]}}],"collection":[{"href":"https:\/\/www.treizecizero.ro\/shop\/wp-json\/wp\/v2\/product"}],"about":[{"href":"https:\/\/www.treizecizero.ro\/shop\/wp-json\/wp\/v2\/types\/product"}],"wp:featuredmedia":[{"embeddable":true,"href":"https:\/\/www.treizecizero.ro\/shop\/wp-json\/wp\/v2\/media\/3966"}],"wp:attachment":[{"href":"https:\/\/www.treizecizero.ro\/shop\/wp-json\/wp\/v2\/media?parent=1801"}],"wp:term":[{"taxonomy":"product_brand","embeddable":true,"href":"https:\/\/www.treizecizero.ro\/shop\/wp-json\/wp\/v2\/product_brand?post=1801"},{"taxonomy":"product_cat","embeddable":true,"href":"https:\/\/www.treizecizero.ro\/shop\/wp-json\/wp\/v2\/product_cat?post=1801"},{"taxonomy":"product_tag","embeddable":true,"href":"https:\/\/www.treizecizero.ro\/shop\/wp-json\/wp\/v2\/product_tag?post=1801"}],"curies":[{"name":"wp","href":"https:\/\/api.w.org\/{rel}","templated":true}]}}