{"id":1762,"date":"2018-07-18T00:07:38","date_gmt":"2018-07-17T22:07:38","guid":{"rendered":"https:\/\/www.treizecizero.ro\/shop\/?post_type=product&#038;p=1762"},"modified":"2020-11-27T16:56:22","modified_gmt":"2020-11-27T14:56:22","slug":"neinvinsii-povesti-spuse-de-sportivi","status":"publish","type":"product","link":"https:\/\/www.treizecizero.ro\/shop\/produs\/neinvinsii-povesti-spuse-de-sportivi\/","title":{"rendered":"Ne\u00eenvin\u0219ii. Pove\u0219ti spuse de sportivi"},"content":{"rendered":"<div class=\"descriere-stanga\">\n<h2>O colec\u021bie de pove\u0219ti \u00een care fiecare se poate reg\u0103si<\/h2>\n<p>Ne\u00eenvin\u0219ii este o carte scris\u0103 de Andreea Giuclea, care prezint\u0103 pove\u0219tile \u0219i lec\u021biile de via\u021b\u0103 ale unora dintre cei mai importan\u021bi sportivi rom\u00e2ni.<\/p>\n<p>Scrise la persoana I, sub forma unor eseuri personale, p\u0103str\u00e2nd vocea \u0219i cuvintele fiec\u0103rui personaj portretizat, textele vorbesc despre diversele fe\u021be ale performan\u021bei, despre drumul lung \u0219i imprevizibil dintre \u00eenfr\u00e2ngeri \u0219i victorii \u0219i despre munca din spatele rezultatelor mari pe care le aplaud\u0103m pe stadioane \u0219i le admir\u0103m la televizor: despre cea mai dureroas\u0103 \u00eenfr\u00e2ngere \u0219i c\u00e2t de greu o iei de la cap\u0103t a doua zi; despre accident\u0103rile s\u00e2c\u00e2itoare din cauza \u00ee\u021bi pierzi sponsorii \u0219i \u00eencrederea \u0219i despre lunile de recuperare \u00een care nimeni nu mai crede \u00een tine; despre cantonamentele care te despart de familie \u0219i antrenamentele la finalul c\u0103rora nu po\u021bi sta \u00een picioare; despre cum g\u0103se\u0219ti un echilibru \u00eentre via\u021ba personal\u0103 \u0219i cea sportiv\u0103, despre cum \u00ee\u021bi construie\u0219ti un psihic puternic \u0219i unde sapi dup\u0103 resorturile interioare care s\u0103 te ajute s\u0103 nu cedezi atunci c\u00e2nd e greu, s\u0103 mai alergi un kilometru c\u00e2nd sim\u021bi c\u0103 nu mai po\u021bi face un pas, s\u0103 r\u0103m\u00e2i \u00een cantonament chiar dac\u0103 adormi pl\u00e2ng\u00e2nd.<\/p>\n<p>Pentru c\u0103, a\u0219a cum scrie Radu Paraschivescu \u00een prefa\u021ba c\u0103r\u021bii, ne\u00eenvin\u0219ii nu sunt cei care c\u00e2\u0219tig\u0103 \u00eentotdeauna; ci cei care refuz\u0103 s\u0103 piard\u0103.<\/p>\n<\/div>\n<div class=\"descriere-centru\">\n<h2>Detalii<\/h2>\n<p>Cei 15 sportivi portretiza\u021bi \u2013 printre care Cristina Neagu, Mihaela Buz\u0103rnescu, Ana Maria Br\u00e2nz\u0103, Mihai Leu, Georgeta Andrunache \u2013 vorbesc deschis despre momente importante din via\u021ba \u0219i cariera lor \u0219i ne ajut\u0103 astfel s\u0103 \u00een\u021belegem mai bine cum arat\u0103 drumul spre performan\u021b\u0103, ce-i motiveaz\u0103, ce au \u00eenv\u0103\u021bat din obstacolele pe care le-au dep\u0103\u0219it \u0219i ce putem \u00eenv\u0103\u021ba cu to\u021bii din lec\u021biile oferite de sport.<\/p>\n<p>Identitatea vizual\u0103 a c\u0103r\u021bii a fost creat\u0103 de Artemisa Pascu, iar portretele sportivilor sunt f\u0103cute de Adi Bulboac\u0103 \u0219i C\u0103t\u0103lin Georgescu. Rezultatul unei colabor\u0103ri editoriale dintre BRD Insider, DoR \u0219i Lead.ro, cartea a ap\u0103rut \u00een edi\u021bie bilingv\u0103, cu traducere \u00een englez\u0103 de Alistair Ian Blyth.<\/p>\n<\/div>\n","protected":false},"excerpt":{"rendered":"<p>Ne\u00eenvin\u0219ii este o carte scris\u0103 de Andreea Giuclea, care prezint\u0103 pove\u0219tile \u0219i lec\u021biile de via\u021b\u0103 ale unora dintre cei mai importan\u021bi sportivi rom\u00e2ni.<\/p>\n<p><strong>Livr\u0103ri din stoc<\/strong><\/p>\n","protected":false},"featured_media":1771,"template":"","meta":{"_acf_changed":false},"product_brand":[],"product_cat":[82,17,22],"product_tag":[],"class_list":{"0":"post-1762","1":"product","2":"type-product","3":"status-publish","4":"has-post-thumbnail","6":"product_cat-exclus","7":"product_cat-promo","8":"product_cat-publicatii","10":"first","11":"outofstock","12":"shipping-taxable","13":"purchasable","14":"product-type-simple"},"acf":[],"yoast_head":"<!-- This site is optimized with the Yoast SEO plugin v25.4 - https:\/\/yoast.com\/wordpress\/plugins\/seo\/ -->\n<title>Ne\u00eenvin\u0219ii. Pove\u0219ti spuse de sportivi - Shop Treizecizero<\/title>\n<meta name=\"robots\" content=\"index, follow, max-snippet:-1, max-image-preview:large, max-video-preview:-1\" \/>\n<link rel=\"canonical\" href=\"https:\/\/www.treizecizero.ro\/shop\/produs\/neinvinsii-povesti-spuse-de-sportivi\/\" \/>\n<meta property=\"og:locale\" content=\"ro_RO\" \/>\n<meta property=\"og:type\" content=\"article\" \/>\n<meta property=\"og:title\" content=\"Ne\u00eenvin\u0219ii. Pove\u0219ti spuse de sportivi - Shop Treizecizero\" \/>\n<meta property=\"og:description\" content=\"Ne\u00eenvin\u0219ii este o carte scris\u0103 de Andreea Giuclea, care prezint\u0103 pove\u0219tile \u0219i lec\u021biile de via\u021b\u0103 ale unora dintre cei mai importan\u021bi sportivi rom\u00e2ni.  Livr\u0103ri din stoc\" \/>\n<meta property=\"og:url\" content=\"https:\/\/www.treizecizero.ro\/shop\/produs\/neinvinsii-povesti-spuse-de-sportivi\/\" \/>\n<meta property=\"og:site_name\" content=\"Shop Treizecizero\" \/>\n<meta property=\"article:modified_time\" content=\"2020-11-27T14:56:22+00:00\" \/>\n<meta property=\"og:image\" content=\"https:\/\/www.treizecizero.ro\/shop\/wp-content\/uploads\/2018\/07\/GCC6054.jpg\" \/>\n\t<meta property=\"og:image:width\" content=\"1500\" \/>\n\t<meta property=\"og:image:height\" content=\"1000\" \/>\n\t<meta property=\"og:image:type\" content=\"image\/jpeg\" \/>\n<meta name=\"twitter:card\" content=\"summary_large_image\" \/>\n<meta name=\"twitter:label1\" content=\"Timp estimat pentru citire\" \/>\n\t<meta name=\"twitter:data1\" content=\"2 minute\" \/>\n<script type=\"application\/ld+json\" class=\"yoast-schema-graph\">{\"@context\":\"https:\/\/schema.org\",\"@graph\":[{\"@type\":\"WebPage\",\"@id\":\"https:\/\/www.treizecizero.ro\/shop\/produs\/neinvinsii-povesti-spuse-de-sportivi\/\",\"url\":\"https:\/\/www.treizecizero.ro\/shop\/produs\/neinvinsii-povesti-spuse-de-sportivi\/\",\"name\":\"Ne\u00eenvin\u0219ii. Pove\u0219ti spuse de sportivi - Shop Treizecizero\",\"isPartOf\":{\"@id\":\"https:\/\/www.treizecizero.ro\/shop\/#website\"},\"primaryImageOfPage\":{\"@id\":\"https:\/\/www.treizecizero.ro\/shop\/produs\/neinvinsii-povesti-spuse-de-sportivi\/#primaryimage\"},\"image\":{\"@id\":\"https:\/\/www.treizecizero.ro\/shop\/produs\/neinvinsii-povesti-spuse-de-sportivi\/#primaryimage\"},\"thumbnailUrl\":\"https:\/\/www.treizecizero.ro\/shop\/wp-content\/uploads\/2018\/07\/GCC6054.jpg\",\"datePublished\":\"2018-07-17T22:07:38+00:00\",\"dateModified\":\"2020-11-27T14:56:22+00:00\",\"breadcrumb\":{\"@id\":\"https:\/\/www.treizecizero.ro\/shop\/produs\/neinvinsii-povesti-spuse-de-sportivi\/#breadcrumb\"},\"inLanguage\":\"ro-RO\",\"potentialAction\":[{\"@type\":\"ReadAction\",\"target\":[\"https:\/\/www.treizecizero.ro\/shop\/produs\/neinvinsii-povesti-spuse-de-sportivi\/\"]}]},{\"@type\":\"ImageObject\",\"inLanguage\":\"ro-RO\",\"@id\":\"https:\/\/www.treizecizero.ro\/shop\/produs\/neinvinsii-povesti-spuse-de-sportivi\/#primaryimage\",\"url\":\"https:\/\/www.treizecizero.ro\/shop\/wp-content\/uploads\/2018\/07\/GCC6054.jpg\",\"contentUrl\":\"https:\/\/www.treizecizero.ro\/shop\/wp-content\/uploads\/2018\/07\/GCC6054.jpg\",\"width\":1500,\"height\":1000},{\"@type\":\"BreadcrumbList\",\"@id\":\"https:\/\/www.treizecizero.ro\/shop\/produs\/neinvinsii-povesti-spuse-de-sportivi\/#breadcrumb\",\"itemListElement\":[{\"@type\":\"ListItem\",\"position\":1,\"name\":\"Prima pagin\u0103\",\"item\":\"https:\/\/www.treizecizero.ro\/shop\/\"},{\"@type\":\"ListItem\",\"position\":2,\"name\":\"Magazin\",\"item\":\"https:\/\/www.treizecizero.ro\/shop\/magazin\/\"},{\"@type\":\"ListItem\",\"position\":3,\"name\":\"Ne\u00eenvin\u0219ii. Pove\u0219ti spuse de sportivi\"}]},{\"@type\":\"WebSite\",\"@id\":\"https:\/\/www.treizecizero.ro\/shop\/#website\",\"url\":\"https:\/\/www.treizecizero.ro\/shop\/\",\"name\":\"Shop Treizecizero\",\"description\":\"\",\"potentialAction\":[{\"@type\":\"SearchAction\",\"target\":{\"@type\":\"EntryPoint\",\"urlTemplate\":\"https:\/\/www.treizecizero.ro\/shop\/?s={search_term_string}\"},\"query-input\":{\"@type\":\"PropertyValueSpecification\",\"valueRequired\":true,\"valueName\":\"search_term_string\"}}],\"inLanguage\":\"ro-RO\"}]}<\/script>\n<!-- \/ Yoast SEO plugin. -->","yoast_head_json":{"title":"Ne\u00eenvin\u0219ii. Pove\u0219ti spuse de sportivi - Shop Treizecizero","robots":{"index":"index","follow":"follow","max-snippet":"max-snippet:-1","max-image-preview":"max-image-preview:large","max-video-preview":"max-video-preview:-1"},"canonical":"https:\/\/www.treizecizero.ro\/shop\/produs\/neinvinsii-povesti-spuse-de-sportivi\/","og_locale":"ro_RO","og_type":"article","og_title":"Ne\u00eenvin\u0219ii. Pove\u0219ti spuse de sportivi - Shop Treizecizero","og_description":"Ne\u00eenvin\u0219ii este o carte scris\u0103 de Andreea Giuclea, care prezint\u0103 pove\u0219tile \u0219i lec\u021biile de via\u021b\u0103 ale unora dintre cei mai importan\u021bi sportivi rom\u00e2ni.  Livr\u0103ri din stoc","og_url":"https:\/\/www.treizecizero.ro\/shop\/produs\/neinvinsii-povesti-spuse-de-sportivi\/","og_site_name":"Shop Treizecizero","article_modified_time":"2020-11-27T14:56:22+00:00","og_image":[{"width":1500,"height":1000,"url":"https:\/\/www.treizecizero.ro\/shop\/wp-content\/uploads\/2018\/07\/GCC6054.jpg","type":"image\/jpeg"}],"twitter_card":"summary_large_image","twitter_misc":{"Timp estimat pentru citire":"2 minute"},"schema":{"@context":"https:\/\/schema.org","@graph":[{"@type":"WebPage","@id":"https:\/\/www.treizecizero.ro\/shop\/produs\/neinvinsii-povesti-spuse-de-sportivi\/","url":"https:\/\/www.treizecizero.ro\/shop\/produs\/neinvinsii-povesti-spuse-de-sportivi\/","name":"Ne\u00eenvin\u0219ii. Pove\u0219ti spuse de sportivi - Shop Treizecizero","isPartOf":{"@id":"https:\/\/www.treizecizero.ro\/shop\/#website"},"primaryImageOfPage":{"@id":"https:\/\/www.treizecizero.ro\/shop\/produs\/neinvinsii-povesti-spuse-de-sportivi\/#primaryimage"},"image":{"@id":"https:\/\/www.treizecizero.ro\/shop\/produs\/neinvinsii-povesti-spuse-de-sportivi\/#primaryimage"},"thumbnailUrl":"https:\/\/www.treizecizero.ro\/shop\/wp-content\/uploads\/2018\/07\/GCC6054.jpg","datePublished":"2018-07-17T22:07:38+00:00","dateModified":"2020-11-27T14:56:22+00:00","breadcrumb":{"@id":"https:\/\/www.treizecizero.ro\/shop\/produs\/neinvinsii-povesti-spuse-de-sportivi\/#breadcrumb"},"inLanguage":"ro-RO","potentialAction":[{"@type":"ReadAction","target":["https:\/\/www.treizecizero.ro\/shop\/produs\/neinvinsii-povesti-spuse-de-sportivi\/"]}]},{"@type":"ImageObject","inLanguage":"ro-RO","@id":"https:\/\/www.treizecizero.ro\/shop\/produs\/neinvinsii-povesti-spuse-de-sportivi\/#primaryimage","url":"https:\/\/www.treizecizero.ro\/shop\/wp-content\/uploads\/2018\/07\/GCC6054.jpg","contentUrl":"https:\/\/www.treizecizero.ro\/shop\/wp-content\/uploads\/2018\/07\/GCC6054.jpg","width":1500,"height":1000},{"@type":"BreadcrumbList","@id":"https:\/\/www.treizecizero.ro\/shop\/produs\/neinvinsii-povesti-spuse-de-sportivi\/#breadcrumb","itemListElement":[{"@type":"ListItem","position":1,"name":"Prima pagin\u0103","item":"https:\/\/www.treizecizero.ro\/shop\/"},{"@type":"ListItem","position":2,"name":"Magazin","item":"https:\/\/www.treizecizero.ro\/shop\/magazin\/"},{"@type":"ListItem","position":3,"name":"Ne\u00eenvin\u0219ii. Pove\u0219ti spuse de sportivi"}]},{"@type":"WebSite","@id":"https:\/\/www.treizecizero.ro\/shop\/#website","url":"https:\/\/www.treizecizero.ro\/shop\/","name":"Shop Treizecizero","description":"","potentialAction":[{"@type":"SearchAction","target":{"@type":"EntryPoint","urlTemplate":"https:\/\/www.treizecizero.ro\/shop\/?s={search_term_string}"},"query-input":{"@type":"PropertyValueSpecification","valueRequired":true,"valueName":"search_term_string"}}],"inLanguage":"ro-RO"}]}},"_links":{"self":[{"href":"https:\/\/www.treizecizero.ro\/shop\/wp-json\/wp\/v2\/product\/1762","targetHints":{"allow":["GET"]}}],"collection":[{"href":"https:\/\/www.treizecizero.ro\/shop\/wp-json\/wp\/v2\/product"}],"about":[{"href":"https:\/\/www.treizecizero.ro\/shop\/wp-json\/wp\/v2\/types\/product"}],"wp:featuredmedia":[{"embeddable":true,"href":"https:\/\/www.treizecizero.ro\/shop\/wp-json\/wp\/v2\/media\/1771"}],"wp:attachment":[{"href":"https:\/\/www.treizecizero.ro\/shop\/wp-json\/wp\/v2\/media?parent=1762"}],"wp:term":[{"taxonomy":"product_brand","embeddable":true,"href":"https:\/\/www.treizecizero.ro\/shop\/wp-json\/wp\/v2\/product_brand?post=1762"},{"taxonomy":"product_cat","embeddable":true,"href":"https:\/\/www.treizecizero.ro\/shop\/wp-json\/wp\/v2\/product_cat?post=1762"},{"taxonomy":"product_tag","embeddable":true,"href":"https:\/\/www.treizecizero.ro\/shop\/wp-json\/wp\/v2\/product_tag?post=1762"}],"curies":[{"name":"wp","href":"https:\/\/api.w.org\/{rel}","templated":true}]}}