{"id":16,"date":"2019-08-13T16:55:18","date_gmt":"2019-08-13T14:55:18","guid":{"rendered":"http:\/\/www.treizecizero.ro\/shop\/?post_type=product&#038;p=16"},"modified":"2026-04-27T15:33:22","modified_gmt":"2026-04-27T13:33:22","slug":"tricou-my-forehand","status":"publish","type":"product","link":"https:\/\/www.treizecizero.ro\/shop\/produs\/tricou-my-forehand\/","title":{"rendered":"Tricou My Forehand"},"content":{"rendered":"<p>Reedit\u0103m unul dintre cele mai apreciate tricouri 30-0! My Forehand se \u00eentoarce, acum \u0219i \u00eentr-o foarte energic\u0103 versiune de negru cu orange! \u00cen plus, stocul este ref\u0103cut pentru m\u0103rimile epuizate sau cele care, \u00een prima edi\u021bie (cea doar pe alb), nu au fost produse (L feminin, XL masculin).<\/p>\n<p>\u00cen tenis, lovitura de dreapta este pilonul de baz\u0103 al jocului din spatele terenului, at\u00e2t pentru profesioni\u0219ti, c\u00e2t \u0219i pentru amatori. Forehandul este eficient, periculos \u0219i emblematic, stabilind identitatea unui juc\u0103tor: biciul lichid al lui Federer, lasso-ul lui Nadal sau sunetul pe care-l face mingea c\u00e2nd pleac\u0103 glon\u021b din racheta lui Juan Martin Del Potro.<\/p>\n<p>Acestei lovituri de gra\u021bie \u00eei dedic\u0103m un tricou menit s\u0103 bage groaza \u00een adversari. Dac\u0103 nu groaza, m\u0103car \u00eendoiala.\u00a0\u0218i, cu siguran\u021b\u0103, vei avea tricoul cu cel mai spiritual mesaj dintre prietenii t\u0103i.<\/p>\n<p>Poart\u0103-\u021bi forehandul cu \u00eencredere!<\/p>\n<p>Tricourile <span style=\"color: #000080;\"><strong>\u201c30-0 My Forehand\u201d<\/strong><\/span> sunt fabricate 100 la 100 din bumbac organic, moale, care asigur\u0103 un confort sporit, fie c\u0103 \u00eel por\u021bi pe strad\u0103, la antrenament sau \u00een timpul unui meci de tenis.<\/p>\n<p>Croiala este medium, disponbil pe alb \u0219i pe negru, iar sp\u0103larea, automat\u0103.<\/p>\n<p><strong>M\u0103rimile disponibile:<\/strong><\/p>\n<p>XS (feminin)<br \/>\nS (masculin, feminin)<br \/>\nM\u00a0(masculin, feminin)<br \/>\nL (masculin \u0219i feminin)<br \/>\nXL (masculin)<\/p>\n<p><span style=\"color: #000080;\"><strong>Produs disponibil \u00een limita stocului<\/strong><\/span><\/p>\n","protected":false},"excerpt":{"rendered":"<p>Reedit\u0103m unul dintre cele mai apreciate tricouri 30-0! <strong>My Forehand se \u00eentoarce, acum \u0219i \u00eentr-o foarte energic\u0103 versiune de negru cu orange!<\/strong> \u00cen plus, stocul este ref\u0103cut pentru m\u0103rimile epuizate sau cele care, \u00een prima edi\u021bie (cea doar pe alb), nu au fost produse (L feminin, XL masculin).<\/p>\n<p>&nbsp;<\/p>\n","protected":false},"featured_media":4144,"template":"","meta":{"_acf_changed":false},"product_brand":[],"product_cat":[17,19],"product_tag":[],"class_list":{"0":"post-16","1":"product","2":"type-product","3":"status-publish","4":"has-post-thumbnail","6":"product_cat-promo","7":"product_cat-tricouri-tenis","9":"first","10":"instock","11":"shipping-taxable","12":"purchasable","13":"product-type-variable"},"acf":[],"yoast_head":"<!-- This site is optimized with the Yoast SEO plugin v25.4 - https:\/\/yoast.com\/wordpress\/plugins\/seo\/ -->\n<title>Tricou My Forehand - Shop Treizecizero<\/title>\n<meta name=\"robots\" content=\"index, follow, max-snippet:-1, max-image-preview:large, max-video-preview:-1\" \/>\n<link rel=\"canonical\" href=\"https:\/\/www.treizecizero.ro\/shop\/produs\/tricou-my-forehand\/\" \/>\n<meta property=\"og:locale\" content=\"ro_RO\" \/>\n<meta property=\"og:type\" content=\"article\" \/>\n<meta property=\"og:title\" content=\"Tricou My Forehand - Shop Treizecizero\" \/>\n<meta property=\"og:description\" content=\"Reedit\u0103m unul dintre cele mai apreciate tricouri 30-0! My Forehand se \u00eentoarce, acum \u0219i \u00eentr-o foarte energic\u0103 versiune de negru cu orange! \u00cen plus, stocul este ref\u0103cut pentru m\u0103rimile epuizate sau cele care, \u00een prima edi\u021bie (cea doar pe alb), nu au fost produse (L feminin, XL masculin).  &nbsp;\" \/>\n<meta property=\"og:url\" content=\"https:\/\/www.treizecizero.ro\/shop\/produs\/tricou-my-forehand\/\" \/>\n<meta property=\"og:site_name\" content=\"Shop Treizecizero\" \/>\n<meta property=\"article:modified_time\" content=\"2026-04-27T13:33:22+00:00\" \/>\n<meta property=\"og:image\" content=\"https:\/\/www.treizecizero.ro\/shop\/wp-content\/uploads\/2019\/10\/MyForehand1-scaled.jpg\" \/>\n\t<meta property=\"og:image:width\" content=\"1707\" \/>\n\t<meta property=\"og:image:height\" content=\"2560\" \/>\n\t<meta property=\"og:image:type\" content=\"image\/jpeg\" \/>\n<meta name=\"twitter:card\" content=\"summary_large_image\" \/>\n<meta name=\"twitter:label1\" content=\"Timp estimat pentru citire\" \/>\n\t<meta name=\"twitter:data1\" content=\"2 minute\" \/>\n<script type=\"application\/ld+json\" class=\"yoast-schema-graph\">{\"@context\":\"https:\/\/schema.org\",\"@graph\":[{\"@type\":\"WebPage\",\"@id\":\"https:\/\/www.treizecizero.ro\/shop\/produs\/tricou-my-forehand\/\",\"url\":\"https:\/\/www.treizecizero.ro\/shop\/produs\/tricou-my-forehand\/\",\"name\":\"Tricou My Forehand - Shop Treizecizero\",\"isPartOf\":{\"@id\":\"https:\/\/www.treizecizero.ro\/shop\/#website\"},\"primaryImageOfPage\":{\"@id\":\"https:\/\/www.treizecizero.ro\/shop\/produs\/tricou-my-forehand\/#primaryimage\"},\"image\":{\"@id\":\"https:\/\/www.treizecizero.ro\/shop\/produs\/tricou-my-forehand\/#primaryimage\"},\"thumbnailUrl\":\"https:\/\/www.treizecizero.ro\/shop\/wp-content\/uploads\/2019\/10\/MyForehand1-scaled.jpg\",\"datePublished\":\"2019-08-13T14:55:18+00:00\",\"dateModified\":\"2026-04-27T13:33:22+00:00\",\"breadcrumb\":{\"@id\":\"https:\/\/www.treizecizero.ro\/shop\/produs\/tricou-my-forehand\/#breadcrumb\"},\"inLanguage\":\"ro-RO\",\"potentialAction\":[{\"@type\":\"ReadAction\",\"target\":[\"https:\/\/www.treizecizero.ro\/shop\/produs\/tricou-my-forehand\/\"]}]},{\"@type\":\"ImageObject\",\"inLanguage\":\"ro-RO\",\"@id\":\"https:\/\/www.treizecizero.ro\/shop\/produs\/tricou-my-forehand\/#primaryimage\",\"url\":\"https:\/\/www.treizecizero.ro\/shop\/wp-content\/uploads\/2019\/10\/MyForehand1-scaled.jpg\",\"contentUrl\":\"https:\/\/www.treizecizero.ro\/shop\/wp-content\/uploads\/2019\/10\/MyForehand1-scaled.jpg\",\"width\":1707,\"height\":2560},{\"@type\":\"BreadcrumbList\",\"@id\":\"https:\/\/www.treizecizero.ro\/shop\/produs\/tricou-my-forehand\/#breadcrumb\",\"itemListElement\":[{\"@type\":\"ListItem\",\"position\":1,\"name\":\"Prima pagin\u0103\",\"item\":\"https:\/\/www.treizecizero.ro\/shop\/\"},{\"@type\":\"ListItem\",\"position\":2,\"name\":\"Magazin\",\"item\":\"https:\/\/www.treizecizero.ro\/shop\/magazin\/\"},{\"@type\":\"ListItem\",\"position\":3,\"name\":\"Tricou My Forehand\"}]},{\"@type\":\"WebSite\",\"@id\":\"https:\/\/www.treizecizero.ro\/shop\/#website\",\"url\":\"https:\/\/www.treizecizero.ro\/shop\/\",\"name\":\"Shop Treizecizero\",\"description\":\"\",\"potentialAction\":[{\"@type\":\"SearchAction\",\"target\":{\"@type\":\"EntryPoint\",\"urlTemplate\":\"https:\/\/www.treizecizero.ro\/shop\/?s={search_term_string}\"},\"query-input\":{\"@type\":\"PropertyValueSpecification\",\"valueRequired\":true,\"valueName\":\"search_term_string\"}}],\"inLanguage\":\"ro-RO\"}]}<\/script>\n<!-- \/ Yoast SEO plugin. -->","yoast_head_json":{"title":"Tricou My Forehand - Shop Treizecizero","robots":{"index":"index","follow":"follow","max-snippet":"max-snippet:-1","max-image-preview":"max-image-preview:large","max-video-preview":"max-video-preview:-1"},"canonical":"https:\/\/www.treizecizero.ro\/shop\/produs\/tricou-my-forehand\/","og_locale":"ro_RO","og_type":"article","og_title":"Tricou My Forehand - Shop Treizecizero","og_description":"Reedit\u0103m unul dintre cele mai apreciate tricouri 30-0! My Forehand se \u00eentoarce, acum \u0219i \u00eentr-o foarte energic\u0103 versiune de negru cu orange! \u00cen plus, stocul este ref\u0103cut pentru m\u0103rimile epuizate sau cele care, \u00een prima edi\u021bie (cea doar pe alb), nu au fost produse (L feminin, XL masculin).  &nbsp;","og_url":"https:\/\/www.treizecizero.ro\/shop\/produs\/tricou-my-forehand\/","og_site_name":"Shop Treizecizero","article_modified_time":"2026-04-27T13:33:22+00:00","og_image":[{"width":1707,"height":2560,"url":"https:\/\/www.treizecizero.ro\/shop\/wp-content\/uploads\/2019\/10\/MyForehand1-scaled.jpg","type":"image\/jpeg"}],"twitter_card":"summary_large_image","twitter_misc":{"Timp estimat pentru citire":"2 minute"},"schema":{"@context":"https:\/\/schema.org","@graph":[{"@type":"WebPage","@id":"https:\/\/www.treizecizero.ro\/shop\/produs\/tricou-my-forehand\/","url":"https:\/\/www.treizecizero.ro\/shop\/produs\/tricou-my-forehand\/","name":"Tricou My Forehand - Shop Treizecizero","isPartOf":{"@id":"https:\/\/www.treizecizero.ro\/shop\/#website"},"primaryImageOfPage":{"@id":"https:\/\/www.treizecizero.ro\/shop\/produs\/tricou-my-forehand\/#primaryimage"},"image":{"@id":"https:\/\/www.treizecizero.ro\/shop\/produs\/tricou-my-forehand\/#primaryimage"},"thumbnailUrl":"https:\/\/www.treizecizero.ro\/shop\/wp-content\/uploads\/2019\/10\/MyForehand1-scaled.jpg","datePublished":"2019-08-13T14:55:18+00:00","dateModified":"2026-04-27T13:33:22+00:00","breadcrumb":{"@id":"https:\/\/www.treizecizero.ro\/shop\/produs\/tricou-my-forehand\/#breadcrumb"},"inLanguage":"ro-RO","potentialAction":[{"@type":"ReadAction","target":["https:\/\/www.treizecizero.ro\/shop\/produs\/tricou-my-forehand\/"]}]},{"@type":"ImageObject","inLanguage":"ro-RO","@id":"https:\/\/www.treizecizero.ro\/shop\/produs\/tricou-my-forehand\/#primaryimage","url":"https:\/\/www.treizecizero.ro\/shop\/wp-content\/uploads\/2019\/10\/MyForehand1-scaled.jpg","contentUrl":"https:\/\/www.treizecizero.ro\/shop\/wp-content\/uploads\/2019\/10\/MyForehand1-scaled.jpg","width":1707,"height":2560},{"@type":"BreadcrumbList","@id":"https:\/\/www.treizecizero.ro\/shop\/produs\/tricou-my-forehand\/#breadcrumb","itemListElement":[{"@type":"ListItem","position":1,"name":"Prima pagin\u0103","item":"https:\/\/www.treizecizero.ro\/shop\/"},{"@type":"ListItem","position":2,"name":"Magazin","item":"https:\/\/www.treizecizero.ro\/shop\/magazin\/"},{"@type":"ListItem","position":3,"name":"Tricou My Forehand"}]},{"@type":"WebSite","@id":"https:\/\/www.treizecizero.ro\/shop\/#website","url":"https:\/\/www.treizecizero.ro\/shop\/","name":"Shop Treizecizero","description":"","potentialAction":[{"@type":"SearchAction","target":{"@type":"EntryPoint","urlTemplate":"https:\/\/www.treizecizero.ro\/shop\/?s={search_term_string}"},"query-input":{"@type":"PropertyValueSpecification","valueRequired":true,"valueName":"search_term_string"}}],"inLanguage":"ro-RO"}]}},"_links":{"self":[{"href":"https:\/\/www.treizecizero.ro\/shop\/wp-json\/wp\/v2\/product\/16","targetHints":{"allow":["GET"]}}],"collection":[{"href":"https:\/\/www.treizecizero.ro\/shop\/wp-json\/wp\/v2\/product"}],"about":[{"href":"https:\/\/www.treizecizero.ro\/shop\/wp-json\/wp\/v2\/types\/product"}],"wp:featuredmedia":[{"embeddable":true,"href":"https:\/\/www.treizecizero.ro\/shop\/wp-json\/wp\/v2\/media\/4144"}],"wp:attachment":[{"href":"https:\/\/www.treizecizero.ro\/shop\/wp-json\/wp\/v2\/media?parent=16"}],"wp:term":[{"taxonomy":"product_brand","embeddable":true,"href":"https:\/\/www.treizecizero.ro\/shop\/wp-json\/wp\/v2\/product_brand?post=16"},{"taxonomy":"product_cat","embeddable":true,"href":"https:\/\/www.treizecizero.ro\/shop\/wp-json\/wp\/v2\/product_cat?post=16"},{"taxonomy":"product_tag","embeddable":true,"href":"https:\/\/www.treizecizero.ro\/shop\/wp-json\/wp\/v2\/product_tag?post=16"}],"curies":[{"name":"wp","href":"https:\/\/api.w.org\/{rel}","templated":true}]}}