{"id":1285,"date":"2018-09-19T01:29:15","date_gmt":"2018-09-18T23:29:15","guid":{"rendered":"http:\/\/www.treizecizero.ro\/shop\/?post_type=product&#038;p=1285"},"modified":"2025-09-29T18:43:25","modified_gmt":"2025-09-29T16:43:25","slug":"simona-halep-povestea-primului-slam-o-publicatie-treizecizero","status":"publish","type":"product","link":"https:\/\/www.treizecizero.ro\/shop\/produs\/simona-halep-povestea-primului-slam-o-publicatie-treizecizero\/","title":{"rendered":"Simona. Povestea Primului Slam"},"content":{"rendered":"<div class=\"descriere-stanga\">\n<h2>O ocazie unic\u0103<\/h2>\n<p>Acesta este un produs editorial unicat. Ocazia pe care am a\u0219teptat-o cu to\u021bii s-a \u00eent\u00e2mplat: Simona Halep este, de acum, campioan\u0103 de Grand Slam. E o performan\u021b\u0103 istoric\u0103, a c\u0103rei \u00eensemn\u0103tate merit\u0103 contextualizat\u0103.<\/p>\n<p>Iar echipa Treizecizero, dup\u0103 ce a urm\u0103rit pas cu pas evolu\u021bia Simonei \u00een tenisul mare, pune acum \u00een pagin\u0103 Povestea Primului Slam.<\/p>\n<p>Publica\u021bia este o combina\u021bie \u00eentre cuv\u00e2nt \u0219i fotografie, \u00eentre frumuse\u021bea detaliilor de atmosfer\u0103, \u00eentre profunzimea analizelor \u0219i emo\u021bia imaginilor, \u00eentre text \u0219i design. Ea ofer\u0103 o imagine ampl\u0103 asupra drumului parcurs de Simona Halep pentru cucerirea Primului Slam: apari\u021bia \u00een elit\u0103, rat\u0103rile premerg\u0103toare marelui triumf, oamenii care i-au fost al\u0103turi \u0219i, bine\u00een\u021beles, punctul culminant &#8211; turneul la care s-a petrecut totul.<\/p>\n<p>Atmosfera Roland Garros 2018 este povestit\u0103 de Camelia Butulig\u0103 \u0219i Adrian \u021aoca, autorii Treizecizero care au urm\u0103rit-o pe Simona \u00een cei cinci ani de c\u00e2nd liderul mondial \u0219i-a \u00eenceput ascensiunea \u0219i care au fost prezen\u021bi \u0219i la aceast\u0103 edi\u021bie de Roland Garros.<\/p>\n<p>Texte de la autori invita\u021bi, declara\u021bii, interviuri \u0219i multe alte surprize completeaz\u0103 o publica\u021bie care e posibil\u0103 o singur\u0103 dat\u0103 \u00een via\u021b\u0103. Asigur\u0103-te c\u0103 nu o ratezi!<\/p>\n<\/div>\n<div class=\"descriere-centru\">\n<h2>Detalii<\/h2>\n<p>\u201cSimona Halep. Povestea Primului Slam\u201d este, la fel ca toate celelalte apari\u021bii editoriale Treizecizero, o revist\u0103 atent \u00eengrijit\u0103, un produs premium de pus \u00een colec\u021bie.<\/p>\n<p>Cadou pentru cititorii care aleg s\u0103 precomande \u201eSimona Halep. Povestea Primului Slam\u201d &#8211; ei au op\u021biunea unui pre\u021b preferen\u021bial pentru albumul \u201cSimona de P\u0103strat\u201d. Ei vor primi, de asemenea, pe mail un voucher de 25 de lei, valabil pentru albumul Simona de P\u0103strat, dar \u0219i pentru alte produse din Shop.<\/p>\n<h2>Important de re\u021binut<\/h2>\n<p>\u201eSimona Halep. Povestea Primului Slam\u201c este un produs editorial original Treizecizero.ro.<\/p>\n<p>Este singura publica\u021bie din Rom\u00e2nia care a fost dedicat\u0103 succesului Simonei la Paris.<\/p>\n<p>Fii sigur c\u0103 prinzi un exemplar plas\u00e2nd comanda acum. Tirajul e limitat.<\/p>\n<\/div>\n<div class=\"descriere-dreapta\">\n<h2>\u201eSimona Halep. Povestea Primului Slam\u201c<\/h2>\n<p><strong>Din sumar:<\/strong><\/p>\n<ul>\n<li>drumul Simonei c\u0103tre primul Slam<\/li>\n<li>Roland Garros, meci cu meci, cum l-am tr\u0103it de la Paris<\/li>\n<li>interviu exclusiv cu Darren Cahill, cu detalii despre drumul Simonei c\u0103tre primul Slam<\/li>\n<li>comentarii \u0219i analize ale echipei Treizecizero<\/li>\n<li>autori invita\u021bi din Rom\u00e2nia \u0219i din presa interna\u021bional\u0103: Louisa Thomas, Steve Tignor, Mert Ertunga, Lumini\u021ba Paul, Mihnea M\u0103ru\u021b\u0103.<\/li>\n<li>fotografiile Roland Garros 2018<\/li>\n<\/ul>\n<p><strong>Pre\u021b \u00eentreg: 55 lei<br \/>\n<\/strong><\/p>\n<p>Livrare prin curier oriunde \u00een Rom\u00e2nia \u0219i prin Po\u0219ta Rom\u00e2n\u0103 oriunde \u00een lume.<\/p>\n<p><strong>Livr\u0103ri din stoc.<\/strong><\/p>\n<\/div>\n","protected":false},"excerpt":{"rendered":"<p>O publica\u021bie unicat, de colec\u021bie, care pune \u00een context performan\u021ba extraordinar\u0103 a Simonei Halep, campioana Roland Garros 2018.<\/p>\n<p>Cu \u0219ase ani de experien\u021b\u0103 \u00een spate, echipa Treizecizero s-a preg\u0103tit pentru a putea pune \u00een pagin\u0103 Povestea Primului Slam.<\/p>\n<p><strong>Nu o rata! F\u0103 o comand\u0103 ACUM.<\/strong><\/p>\n<p>Ultimele exemplare!<\/p>\n","protected":false},"featured_media":1912,"template":"","meta":{"_acf_changed":false},"product_brand":[],"product_cat":[82,22],"product_tag":[],"class_list":{"0":"post-1285","1":"product","2":"type-product","3":"status-publish","4":"has-post-thumbnail","6":"product_cat-exclus","7":"product_cat-publicatii","9":"first","10":"outofstock","11":"shipping-taxable","12":"purchasable","13":"product-type-simple"},"acf":[],"yoast_head":"<!-- This site is optimized with the Yoast SEO plugin v25.4 - https:\/\/yoast.com\/wordpress\/plugins\/seo\/ -->\n<title>Simona. Povestea Primului Slam | 30-0 Shop<\/title>\n<meta name=\"description\" content=\"Simona Halep este, de acum, campioan\u0103 de Grand Slam. O performan\u021b\u0103 istoric\u0103, a c\u0103rei \u00eensemn\u0103tate merit\u0103 contextualizat\u0103. Cu \u0219ase ani de experien\u021b\u0103 \u00een spate, echipa Treizecizero s-a preg\u0103tit pentru a putea pune \u00een pagin\u0103 Povestea Primului Slam. Nu o rata!\" \/>\n<meta name=\"robots\" content=\"index, follow, max-snippet:-1, max-image-preview:large, max-video-preview:-1\" \/>\n<link rel=\"canonical\" href=\"https:\/\/www.treizecizero.ro\/shop\/produs\/simona-halep-povestea-primului-slam-o-publicatie-treizecizero\/\" \/>\n<meta property=\"og:locale\" content=\"ro_RO\" \/>\n<meta property=\"og:type\" content=\"article\" \/>\n<meta property=\"og:title\" content=\"Simona. Povestea Primului Slam | 30-0 Shop\" \/>\n<meta property=\"og:description\" content=\"Simona Halep este, de acum, campioan\u0103 de Grand Slam. O performan\u021b\u0103 istoric\u0103, a c\u0103rei \u00eensemn\u0103tate merit\u0103 contextualizat\u0103. Cu \u0219ase ani de experien\u021b\u0103 \u00een spate, echipa Treizecizero s-a preg\u0103tit pentru a putea pune \u00een pagin\u0103 Povestea Primului Slam. Nu o rata!\" \/>\n<meta property=\"og:url\" content=\"https:\/\/www.treizecizero.ro\/shop\/produs\/simona-halep-povestea-primului-slam-o-publicatie-treizecizero\/\" \/>\n<meta property=\"og:site_name\" content=\"Shop Treizecizero\" \/>\n<meta property=\"article:modified_time\" content=\"2025-09-29T16:43:25+00:00\" \/>\n<meta property=\"og:image\" content=\"https:\/\/www.treizecizero.ro\/shop\/wp-content\/uploads\/2018\/06\/simona.povestea.primului.slamsimona-povestea-primului-slam-064-1.jpg\" \/>\n\t<meta property=\"og:image:width\" content=\"4088\" \/>\n\t<meta property=\"og:image:height\" content=\"2725\" \/>\n\t<meta property=\"og:image:type\" content=\"image\/jpeg\" \/>\n<meta name=\"twitter:card\" content=\"summary_large_image\" \/>\n<meta name=\"twitter:label1\" content=\"Timp estimat pentru citire\" \/>\n\t<meta name=\"twitter:data1\" content=\"3 minute\" \/>\n<script type=\"application\/ld+json\" class=\"yoast-schema-graph\">{\"@context\":\"https:\/\/schema.org\",\"@graph\":[{\"@type\":\"WebPage\",\"@id\":\"https:\/\/www.treizecizero.ro\/shop\/produs\/simona-halep-povestea-primului-slam-o-publicatie-treizecizero\/\",\"url\":\"https:\/\/www.treizecizero.ro\/shop\/produs\/simona-halep-povestea-primului-slam-o-publicatie-treizecizero\/\",\"name\":\"Simona. Povestea Primului Slam | 30-0 Shop\",\"isPartOf\":{\"@id\":\"https:\/\/www.treizecizero.ro\/shop\/#website\"},\"primaryImageOfPage\":{\"@id\":\"https:\/\/www.treizecizero.ro\/shop\/produs\/simona-halep-povestea-primului-slam-o-publicatie-treizecizero\/#primaryimage\"},\"image\":{\"@id\":\"https:\/\/www.treizecizero.ro\/shop\/produs\/simona-halep-povestea-primului-slam-o-publicatie-treizecizero\/#primaryimage\"},\"thumbnailUrl\":\"https:\/\/www.treizecizero.ro\/shop\/wp-content\/uploads\/2018\/06\/simona.povestea.primului.slamsimona-povestea-primului-slam-064-1-scaled.jpg\",\"datePublished\":\"2018-09-18T23:29:15+00:00\",\"dateModified\":\"2025-09-29T16:43:25+00:00\",\"description\":\"Simona Halep este, de acum, campioan\u0103 de Grand Slam. O performan\u021b\u0103 istoric\u0103, a c\u0103rei \u00eensemn\u0103tate merit\u0103 contextualizat\u0103. Cu \u0219ase ani de experien\u021b\u0103 \u00een spate, echipa Treizecizero s-a preg\u0103tit pentru a putea pune \u00een pagin\u0103 Povestea Primului Slam. Nu o rata!\",\"breadcrumb\":{\"@id\":\"https:\/\/www.treizecizero.ro\/shop\/produs\/simona-halep-povestea-primului-slam-o-publicatie-treizecizero\/#breadcrumb\"},\"inLanguage\":\"ro-RO\",\"potentialAction\":[{\"@type\":\"ReadAction\",\"target\":[\"https:\/\/www.treizecizero.ro\/shop\/produs\/simona-halep-povestea-primului-slam-o-publicatie-treizecizero\/\"]}]},{\"@type\":\"ImageObject\",\"inLanguage\":\"ro-RO\",\"@id\":\"https:\/\/www.treizecizero.ro\/shop\/produs\/simona-halep-povestea-primului-slam-o-publicatie-treizecizero\/#primaryimage\",\"url\":\"https:\/\/www.treizecizero.ro\/shop\/wp-content\/uploads\/2018\/06\/simona.povestea.primului.slamsimona-povestea-primului-slam-064-1-scaled.jpg\",\"contentUrl\":\"https:\/\/www.treizecizero.ro\/shop\/wp-content\/uploads\/2018\/06\/simona.povestea.primului.slamsimona-povestea-primului-slam-064-1-scaled.jpg\",\"width\":2560,\"height\":1706},{\"@type\":\"BreadcrumbList\",\"@id\":\"https:\/\/www.treizecizero.ro\/shop\/produs\/simona-halep-povestea-primului-slam-o-publicatie-treizecizero\/#breadcrumb\",\"itemListElement\":[{\"@type\":\"ListItem\",\"position\":1,\"name\":\"Prima pagin\u0103\",\"item\":\"https:\/\/www.treizecizero.ro\/shop\/\"},{\"@type\":\"ListItem\",\"position\":2,\"name\":\"Magazin\",\"item\":\"https:\/\/www.treizecizero.ro\/shop\/magazin\/\"},{\"@type\":\"ListItem\",\"position\":3,\"name\":\"Simona. Povestea Primului Slam\"}]},{\"@type\":\"WebSite\",\"@id\":\"https:\/\/www.treizecizero.ro\/shop\/#website\",\"url\":\"https:\/\/www.treizecizero.ro\/shop\/\",\"name\":\"Shop Treizecizero\",\"description\":\"\",\"potentialAction\":[{\"@type\":\"SearchAction\",\"target\":{\"@type\":\"EntryPoint\",\"urlTemplate\":\"https:\/\/www.treizecizero.ro\/shop\/?s={search_term_string}\"},\"query-input\":{\"@type\":\"PropertyValueSpecification\",\"valueRequired\":true,\"valueName\":\"search_term_string\"}}],\"inLanguage\":\"ro-RO\"}]}<\/script>\n<!-- \/ Yoast SEO plugin. -->","yoast_head_json":{"title":"Simona. Povestea Primului Slam | 30-0 Shop","description":"Simona Halep este, de acum, campioan\u0103 de Grand Slam. O performan\u021b\u0103 istoric\u0103, a c\u0103rei \u00eensemn\u0103tate merit\u0103 contextualizat\u0103. Cu \u0219ase ani de experien\u021b\u0103 \u00een spate, echipa Treizecizero s-a preg\u0103tit pentru a putea pune \u00een pagin\u0103 Povestea Primului Slam. Nu o rata!","robots":{"index":"index","follow":"follow","max-snippet":"max-snippet:-1","max-image-preview":"max-image-preview:large","max-video-preview":"max-video-preview:-1"},"canonical":"https:\/\/www.treizecizero.ro\/shop\/produs\/simona-halep-povestea-primului-slam-o-publicatie-treizecizero\/","og_locale":"ro_RO","og_type":"article","og_title":"Simona. Povestea Primului Slam | 30-0 Shop","og_description":"Simona Halep este, de acum, campioan\u0103 de Grand Slam. O performan\u021b\u0103 istoric\u0103, a c\u0103rei \u00eensemn\u0103tate merit\u0103 contextualizat\u0103. Cu \u0219ase ani de experien\u021b\u0103 \u00een spate, echipa Treizecizero s-a preg\u0103tit pentru a putea pune \u00een pagin\u0103 Povestea Primului Slam. Nu o rata!","og_url":"https:\/\/www.treizecizero.ro\/shop\/produs\/simona-halep-povestea-primului-slam-o-publicatie-treizecizero\/","og_site_name":"Shop Treizecizero","article_modified_time":"2025-09-29T16:43:25+00:00","og_image":[{"width":4088,"height":2725,"url":"https:\/\/www.treizecizero.ro\/shop\/wp-content\/uploads\/2018\/06\/simona.povestea.primului.slamsimona-povestea-primului-slam-064-1.jpg","type":"image\/jpeg"}],"twitter_card":"summary_large_image","twitter_misc":{"Timp estimat pentru citire":"3 minute"},"schema":{"@context":"https:\/\/schema.org","@graph":[{"@type":"WebPage","@id":"https:\/\/www.treizecizero.ro\/shop\/produs\/simona-halep-povestea-primului-slam-o-publicatie-treizecizero\/","url":"https:\/\/www.treizecizero.ro\/shop\/produs\/simona-halep-povestea-primului-slam-o-publicatie-treizecizero\/","name":"Simona. Povestea Primului Slam | 30-0 Shop","isPartOf":{"@id":"https:\/\/www.treizecizero.ro\/shop\/#website"},"primaryImageOfPage":{"@id":"https:\/\/www.treizecizero.ro\/shop\/produs\/simona-halep-povestea-primului-slam-o-publicatie-treizecizero\/#primaryimage"},"image":{"@id":"https:\/\/www.treizecizero.ro\/shop\/produs\/simona-halep-povestea-primului-slam-o-publicatie-treizecizero\/#primaryimage"},"thumbnailUrl":"https:\/\/www.treizecizero.ro\/shop\/wp-content\/uploads\/2018\/06\/simona.povestea.primului.slamsimona-povestea-primului-slam-064-1-scaled.jpg","datePublished":"2018-09-18T23:29:15+00:00","dateModified":"2025-09-29T16:43:25+00:00","description":"Simona Halep este, de acum, campioan\u0103 de Grand Slam. O performan\u021b\u0103 istoric\u0103, a c\u0103rei \u00eensemn\u0103tate merit\u0103 contextualizat\u0103. Cu \u0219ase ani de experien\u021b\u0103 \u00een spate, echipa Treizecizero s-a preg\u0103tit pentru a putea pune \u00een pagin\u0103 Povestea Primului Slam. Nu o rata!","breadcrumb":{"@id":"https:\/\/www.treizecizero.ro\/shop\/produs\/simona-halep-povestea-primului-slam-o-publicatie-treizecizero\/#breadcrumb"},"inLanguage":"ro-RO","potentialAction":[{"@type":"ReadAction","target":["https:\/\/www.treizecizero.ro\/shop\/produs\/simona-halep-povestea-primului-slam-o-publicatie-treizecizero\/"]}]},{"@type":"ImageObject","inLanguage":"ro-RO","@id":"https:\/\/www.treizecizero.ro\/shop\/produs\/simona-halep-povestea-primului-slam-o-publicatie-treizecizero\/#primaryimage","url":"https:\/\/www.treizecizero.ro\/shop\/wp-content\/uploads\/2018\/06\/simona.povestea.primului.slamsimona-povestea-primului-slam-064-1-scaled.jpg","contentUrl":"https:\/\/www.treizecizero.ro\/shop\/wp-content\/uploads\/2018\/06\/simona.povestea.primului.slamsimona-povestea-primului-slam-064-1-scaled.jpg","width":2560,"height":1706},{"@type":"BreadcrumbList","@id":"https:\/\/www.treizecizero.ro\/shop\/produs\/simona-halep-povestea-primului-slam-o-publicatie-treizecizero\/#breadcrumb","itemListElement":[{"@type":"ListItem","position":1,"name":"Prima pagin\u0103","item":"https:\/\/www.treizecizero.ro\/shop\/"},{"@type":"ListItem","position":2,"name":"Magazin","item":"https:\/\/www.treizecizero.ro\/shop\/magazin\/"},{"@type":"ListItem","position":3,"name":"Simona. Povestea Primului Slam"}]},{"@type":"WebSite","@id":"https:\/\/www.treizecizero.ro\/shop\/#website","url":"https:\/\/www.treizecizero.ro\/shop\/","name":"Shop Treizecizero","description":"","potentialAction":[{"@type":"SearchAction","target":{"@type":"EntryPoint","urlTemplate":"https:\/\/www.treizecizero.ro\/shop\/?s={search_term_string}"},"query-input":{"@type":"PropertyValueSpecification","valueRequired":true,"valueName":"search_term_string"}}],"inLanguage":"ro-RO"}]}},"_links":{"self":[{"href":"https:\/\/www.treizecizero.ro\/shop\/wp-json\/wp\/v2\/product\/1285","targetHints":{"allow":["GET"]}}],"collection":[{"href":"https:\/\/www.treizecizero.ro\/shop\/wp-json\/wp\/v2\/product"}],"about":[{"href":"https:\/\/www.treizecizero.ro\/shop\/wp-json\/wp\/v2\/types\/product"}],"wp:featuredmedia":[{"embeddable":true,"href":"https:\/\/www.treizecizero.ro\/shop\/wp-json\/wp\/v2\/media\/1912"}],"wp:attachment":[{"href":"https:\/\/www.treizecizero.ro\/shop\/wp-json\/wp\/v2\/media?parent=1285"}],"wp:term":[{"taxonomy":"product_brand","embeddable":true,"href":"https:\/\/www.treizecizero.ro\/shop\/wp-json\/wp\/v2\/product_brand?post=1285"},{"taxonomy":"product_cat","embeddable":true,"href":"https:\/\/www.treizecizero.ro\/shop\/wp-json\/wp\/v2\/product_cat?post=1285"},{"taxonomy":"product_tag","embeddable":true,"href":"https:\/\/www.treizecizero.ro\/shop\/wp-json\/wp\/v2\/product_tag?post=1285"}],"curies":[{"name":"wp","href":"https:\/\/api.w.org\/{rel}","templated":true}]}}