{"id":1159,"date":"2018-09-18T03:52:31","date_gmt":"2018-09-18T01:52:31","guid":{"rendered":"http:\/\/www.treizecizero.ro\/shop\/?post_type=product&#038;p=1159"},"modified":"2020-02-05T11:18:43","modified_gmt":"2020-02-05T09:18:43","slug":"simona-de-pastrat-album-foto-editia-a-doua","status":"publish","type":"product","link":"https:\/\/www.treizecizero.ro\/shop\/produs\/simona-de-pastrat-album-foto-editia-a-doua\/","title":{"rendered":"Simona de p\u0103strat, edi\u021bia II"},"content":{"rendered":"<div class=\"descriere-stanga\">\n<p>Primul album foto editat de Treizecizero se \u00eentoarce! &#8222;Simona de p\u0103strat&#8221; prime\u0219te o nou\u0103 edi\u021bie, iar surprizele nu se opresc aici.<\/p>\n<p>\u00cen iarna lui 2017, pentru a celebra un moment istoric reu\u0219it de Simona &#8211; \u00eencheierea sezonului pe locul 1 &#8211; am publicat un album foto dedicat \u00een exclusivitate Simonei Halep. Am str\u00e2ns la un loc\u00a0momentele relevante din cei mai frumo\u0219i ani ai carierei ei \u0219i din drumul c\u0103tre locul 1. Prima edi\u021bie avea 144 de pagini \u0219i cuprindea peste 100 dintre cele mai bune fotografii ale unor episoade faimoase.<\/p>\n<p>Cum tirajul ini\u021bial s-a epuizat, iar voi ne-a\u021bi scris s\u0103 ne mai cere\u021bi, am preg\u0103tit un al doilea tipar. \u0218i, \u00een spiritul locului, am preg\u0103tit \u0219i c\u00e2teva surprize.<\/p>\n<\/div>\n<div class=\"descriere-centru\">\n<h2>Ce e nou la edi\u021bia a 2-a<\/h2>\n<p>Astfel, edi\u021bia a doua vine cu con\u021binut nou! Imagini proaspete de la Australia Open, cel mai spectaculos turneu de Grand Slam f\u0103cut de Simona. Ipostazele care definesc traseul eroic al Simonei la Melbourne: accidentarea din turul 1, meciul epic cu Davis, drama cu Kerber sau finala ireal\u0103 cu Wozniacki. Plus o copert\u0103 nou\u0103, cu imaginea care a f\u0103cut \u00eenconjurul lumii, imediat dup\u0103 ce Simo a \u00eenvins-o pe Angelique Kerber salv\u00e2nd alte mingi de meci.<\/p>\n<p>Sunt 16 pagini noi, care ridic\u0103 totalul acum la 160. \u00cen schimb, pre\u021bul se p\u0103streaz\u0103 nemodificat! D\u0103m \u00een plus, dar nu cerem nimic \u00een plus \ud83d\ude42 La fel, tot neschimbate, se p\u0103streaz\u0103 \u0219i formatul, landscape. La fel \u0219i dimensiunile (23 x 29), la fel \u0219i coperta, hardcover pe Popset verde.<\/p>\n<p>Ofer\u0103-\u021bi \u021bie sau celor dragi o amintire special\u0103. Contempl\u0103 \u00een lini\u0219te cariera Simonei, ca pe un film bun, pe care vrei s\u0103-l vezi iar \u0219i iar.<\/p>\n<\/div>\n<div class=\"descriere-dreapta\">\n<h2>Important<\/h2>\n<p>&#8222;Simona de p\u0103strat&#8221;, edi\u021bia a doua, este disponibil \u00een stoc. Livrarea se face \u00eentre 24-72 de ore pe teritoriul Rom\u00e2niei.<\/p>\n<\/div>\n<div class=\"descriere-dreapta\">\n<h2>Simona de p\u0103strat &#8211; un album foto (edi\u021bia a doua)<\/h2>\n<p>160 de pagini; hardcover<br \/>\nformat landscape<br \/>\ndimensiuni 23 x 29<br \/>\ntip\u0103rit pe Claro Bulk, \u00een duotone (alb-negru)<br \/>\npeste 120 de fotografii realizate de c\u0103tre unii dintre cei mai buni fotoreporteri ai planetei<\/p>\n<p><strong>Pre\u021b: 89 de lei<\/strong><br \/>\nLivrare prin curier oriunde \u00een Rom\u00e2nia \u0219i prin Po\u0219ta Rom\u00e2n\u0103 oriunde \u00een lume<\/p>\n<p><strong><span style=\"color: #ff0000\">Produs disponibil \u00een stoc<\/span><\/strong><\/p>\n<\/div>\n<p>&nbsp;<\/p>\n","protected":false},"excerpt":{"rendered":"<p>O carier\u0103 precum cea a Simonei Halep merit\u0103 s\u0103rb\u0103torit\u0103. \u021ai-am preg\u0103tit reeditarea albumului foto de succes Simona de p\u0103strat &#8211; tip\u0103rit cum te-am obi\u0219nuit, \u00een condi\u021bii grafice de mare calitate. Edi\u021bia a 2-a are con\u021binut nou, de la Australian Open, \u0219i 16 pagini \u00een plus, la acela\u0219i pre\u021b. Ia-\u021bi acum un exemplar, cadoul perfect pentru orice fan al Simonei!<\/p>\n<p>&nbsp;<\/p>\n","protected":false},"featured_media":1160,"template":"","meta":{"_acf_changed":false},"product_brand":[],"product_cat":[16,17,22],"product_tag":[],"class_list":{"0":"post-1159","1":"product","2":"type-product","3":"status-publish","4":"has-post-thumbnail","6":"product_cat-main","7":"product_cat-promo","8":"product_cat-publicatii","10":"first","11":"outofstock","12":"shipping-taxable","13":"purchasable","14":"product-type-simple"},"acf":[],"yoast_head":"<!-- This site is optimized with the Yoast SEO plugin v25.4 - https:\/\/yoast.com\/wordpress\/plugins\/seo\/ -->\n<title>Simona de p\u0103strat. Un album foto. Edi\u021bia a 2-a | 30-0 Shop<\/title>\n<meta name=\"description\" content=\"O carier\u0103 precum cea a Simonei Halep merit\u0103 s\u0103rb\u0103torit\u0103. \u021ai-am preg\u0103tit reeditarea albumului foto de succes Simona de p\u0103strat. Edi\u021bia a 2-a are con\u021binut nou, de la Australian Open, \u0219i 16 pagini \u00een plus, la acela\u0219i pre\u021b. Ia-\u021bi acum un exemplar, cadoul perfect pentru orice fan al Simonei!\" \/>\n<meta name=\"robots\" content=\"index, follow, max-snippet:-1, max-image-preview:large, max-video-preview:-1\" \/>\n<link rel=\"canonical\" href=\"https:\/\/www.treizecizero.ro\/shop\/produs\/simona-de-pastrat-album-foto-editia-a-doua\/\" \/>\n<meta property=\"og:locale\" content=\"ro_RO\" \/>\n<meta property=\"og:type\" content=\"article\" \/>\n<meta property=\"og:title\" content=\"Simona de p\u0103strat. Un album foto. Edi\u021bia a 2-a | 30-0 Shop\" \/>\n<meta property=\"og:description\" content=\"O carier\u0103 precum cea a Simonei Halep merit\u0103 s\u0103rb\u0103torit\u0103. \u021ai-am preg\u0103tit reeditarea albumului foto de succes Simona de p\u0103strat. Edi\u021bia a 2-a are con\u021binut nou, de la Australian Open, \u0219i 16 pagini \u00een plus, la acela\u0219i pre\u021b. Ia-\u021bi acum un exemplar, cadoul perfect pentru orice fan al Simonei!\" \/>\n<meta property=\"og:url\" content=\"https:\/\/www.treizecizero.ro\/shop\/produs\/simona-de-pastrat-album-foto-editia-a-doua\/\" \/>\n<meta property=\"og:site_name\" content=\"Shop Treizecizero\" \/>\n<meta property=\"article:modified_time\" content=\"2020-02-05T09:18:43+00:00\" \/>\n<meta property=\"og:image\" content=\"https:\/\/www.treizecizero.ro\/shop\/wp-content\/uploads\/2018\/03\/30-0-Editia-2-packshot-v4-b.jpg\" \/>\n\t<meta property=\"og:image:width\" content=\"4000\" \/>\n\t<meta property=\"og:image:height\" content=\"2669\" \/>\n\t<meta property=\"og:image:type\" content=\"image\/jpeg\" \/>\n<meta name=\"twitter:card\" content=\"summary_large_image\" \/>\n<meta name=\"twitter:label1\" content=\"Timp estimat pentru citire\" \/>\n\t<meta name=\"twitter:data1\" content=\"2 minute\" \/>\n<script type=\"application\/ld+json\" class=\"yoast-schema-graph\">{\"@context\":\"https:\/\/schema.org\",\"@graph\":[{\"@type\":\"WebPage\",\"@id\":\"https:\/\/www.treizecizero.ro\/shop\/produs\/simona-de-pastrat-album-foto-editia-a-doua\/\",\"url\":\"https:\/\/www.treizecizero.ro\/shop\/produs\/simona-de-pastrat-album-foto-editia-a-doua\/\",\"name\":\"Simona de p\u0103strat. Un album foto. Edi\u021bia a 2-a | 30-0 Shop\",\"isPartOf\":{\"@id\":\"https:\/\/www.treizecizero.ro\/shop\/#website\"},\"primaryImageOfPage\":{\"@id\":\"https:\/\/www.treizecizero.ro\/shop\/produs\/simona-de-pastrat-album-foto-editia-a-doua\/#primaryimage\"},\"image\":{\"@id\":\"https:\/\/www.treizecizero.ro\/shop\/produs\/simona-de-pastrat-album-foto-editia-a-doua\/#primaryimage\"},\"thumbnailUrl\":\"https:\/\/www.treizecizero.ro\/shop\/wp-content\/uploads\/2018\/03\/30-0-Editia-2-packshot-v4-b-scaled.jpg\",\"datePublished\":\"2018-09-18T01:52:31+00:00\",\"dateModified\":\"2020-02-05T09:18:43+00:00\",\"description\":\"O carier\u0103 precum cea a Simonei Halep merit\u0103 s\u0103rb\u0103torit\u0103. \u021ai-am preg\u0103tit reeditarea albumului foto de succes Simona de p\u0103strat. Edi\u021bia a 2-a are con\u021binut nou, de la Australian Open, \u0219i 16 pagini \u00een plus, la acela\u0219i pre\u021b. Ia-\u021bi acum un exemplar, cadoul perfect pentru orice fan al Simonei!\",\"breadcrumb\":{\"@id\":\"https:\/\/www.treizecizero.ro\/shop\/produs\/simona-de-pastrat-album-foto-editia-a-doua\/#breadcrumb\"},\"inLanguage\":\"ro-RO\",\"potentialAction\":[{\"@type\":\"ReadAction\",\"target\":[\"https:\/\/www.treizecizero.ro\/shop\/produs\/simona-de-pastrat-album-foto-editia-a-doua\/\"]}]},{\"@type\":\"ImageObject\",\"inLanguage\":\"ro-RO\",\"@id\":\"https:\/\/www.treizecizero.ro\/shop\/produs\/simona-de-pastrat-album-foto-editia-a-doua\/#primaryimage\",\"url\":\"https:\/\/www.treizecizero.ro\/shop\/wp-content\/uploads\/2018\/03\/30-0-Editia-2-packshot-v4-b-scaled.jpg\",\"contentUrl\":\"https:\/\/www.treizecizero.ro\/shop\/wp-content\/uploads\/2018\/03\/30-0-Editia-2-packshot-v4-b-scaled.jpg\",\"width\":2560,\"height\":1708},{\"@type\":\"BreadcrumbList\",\"@id\":\"https:\/\/www.treizecizero.ro\/shop\/produs\/simona-de-pastrat-album-foto-editia-a-doua\/#breadcrumb\",\"itemListElement\":[{\"@type\":\"ListItem\",\"position\":1,\"name\":\"Prima pagin\u0103\",\"item\":\"https:\/\/www.treizecizero.ro\/shop\/\"},{\"@type\":\"ListItem\",\"position\":2,\"name\":\"Magazin\",\"item\":\"https:\/\/www.treizecizero.ro\/shop\/magazin\/\"},{\"@type\":\"ListItem\",\"position\":3,\"name\":\"Simona de p\u0103strat, edi\u021bia II\"}]},{\"@type\":\"WebSite\",\"@id\":\"https:\/\/www.treizecizero.ro\/shop\/#website\",\"url\":\"https:\/\/www.treizecizero.ro\/shop\/\",\"name\":\"Shop Treizecizero\",\"description\":\"\",\"potentialAction\":[{\"@type\":\"SearchAction\",\"target\":{\"@type\":\"EntryPoint\",\"urlTemplate\":\"https:\/\/www.treizecizero.ro\/shop\/?s={search_term_string}\"},\"query-input\":{\"@type\":\"PropertyValueSpecification\",\"valueRequired\":true,\"valueName\":\"search_term_string\"}}],\"inLanguage\":\"ro-RO\"}]}<\/script>\n<!-- \/ Yoast SEO plugin. -->","yoast_head_json":{"title":"Simona de p\u0103strat. Un album foto. Edi\u021bia a 2-a | 30-0 Shop","description":"O carier\u0103 precum cea a Simonei Halep merit\u0103 s\u0103rb\u0103torit\u0103. \u021ai-am preg\u0103tit reeditarea albumului foto de succes Simona de p\u0103strat. Edi\u021bia a 2-a are con\u021binut nou, de la Australian Open, \u0219i 16 pagini \u00een plus, la acela\u0219i pre\u021b. Ia-\u021bi acum un exemplar, cadoul perfect pentru orice fan al Simonei!","robots":{"index":"index","follow":"follow","max-snippet":"max-snippet:-1","max-image-preview":"max-image-preview:large","max-video-preview":"max-video-preview:-1"},"canonical":"https:\/\/www.treizecizero.ro\/shop\/produs\/simona-de-pastrat-album-foto-editia-a-doua\/","og_locale":"ro_RO","og_type":"article","og_title":"Simona de p\u0103strat. Un album foto. Edi\u021bia a 2-a | 30-0 Shop","og_description":"O carier\u0103 precum cea a Simonei Halep merit\u0103 s\u0103rb\u0103torit\u0103. \u021ai-am preg\u0103tit reeditarea albumului foto de succes Simona de p\u0103strat. Edi\u021bia a 2-a are con\u021binut nou, de la Australian Open, \u0219i 16 pagini \u00een plus, la acela\u0219i pre\u021b. Ia-\u021bi acum un exemplar, cadoul perfect pentru orice fan al Simonei!","og_url":"https:\/\/www.treizecizero.ro\/shop\/produs\/simona-de-pastrat-album-foto-editia-a-doua\/","og_site_name":"Shop Treizecizero","article_modified_time":"2020-02-05T09:18:43+00:00","og_image":[{"width":4000,"height":2669,"url":"https:\/\/www.treizecizero.ro\/shop\/wp-content\/uploads\/2018\/03\/30-0-Editia-2-packshot-v4-b.jpg","type":"image\/jpeg"}],"twitter_card":"summary_large_image","twitter_misc":{"Timp estimat pentru citire":"2 minute"},"schema":{"@context":"https:\/\/schema.org","@graph":[{"@type":"WebPage","@id":"https:\/\/www.treizecizero.ro\/shop\/produs\/simona-de-pastrat-album-foto-editia-a-doua\/","url":"https:\/\/www.treizecizero.ro\/shop\/produs\/simona-de-pastrat-album-foto-editia-a-doua\/","name":"Simona de p\u0103strat. Un album foto. Edi\u021bia a 2-a | 30-0 Shop","isPartOf":{"@id":"https:\/\/www.treizecizero.ro\/shop\/#website"},"primaryImageOfPage":{"@id":"https:\/\/www.treizecizero.ro\/shop\/produs\/simona-de-pastrat-album-foto-editia-a-doua\/#primaryimage"},"image":{"@id":"https:\/\/www.treizecizero.ro\/shop\/produs\/simona-de-pastrat-album-foto-editia-a-doua\/#primaryimage"},"thumbnailUrl":"https:\/\/www.treizecizero.ro\/shop\/wp-content\/uploads\/2018\/03\/30-0-Editia-2-packshot-v4-b-scaled.jpg","datePublished":"2018-09-18T01:52:31+00:00","dateModified":"2020-02-05T09:18:43+00:00","description":"O carier\u0103 precum cea a Simonei Halep merit\u0103 s\u0103rb\u0103torit\u0103. \u021ai-am preg\u0103tit reeditarea albumului foto de succes Simona de p\u0103strat. Edi\u021bia a 2-a are con\u021binut nou, de la Australian Open, \u0219i 16 pagini \u00een plus, la acela\u0219i pre\u021b. Ia-\u021bi acum un exemplar, cadoul perfect pentru orice fan al Simonei!","breadcrumb":{"@id":"https:\/\/www.treizecizero.ro\/shop\/produs\/simona-de-pastrat-album-foto-editia-a-doua\/#breadcrumb"},"inLanguage":"ro-RO","potentialAction":[{"@type":"ReadAction","target":["https:\/\/www.treizecizero.ro\/shop\/produs\/simona-de-pastrat-album-foto-editia-a-doua\/"]}]},{"@type":"ImageObject","inLanguage":"ro-RO","@id":"https:\/\/www.treizecizero.ro\/shop\/produs\/simona-de-pastrat-album-foto-editia-a-doua\/#primaryimage","url":"https:\/\/www.treizecizero.ro\/shop\/wp-content\/uploads\/2018\/03\/30-0-Editia-2-packshot-v4-b-scaled.jpg","contentUrl":"https:\/\/www.treizecizero.ro\/shop\/wp-content\/uploads\/2018\/03\/30-0-Editia-2-packshot-v4-b-scaled.jpg","width":2560,"height":1708},{"@type":"BreadcrumbList","@id":"https:\/\/www.treizecizero.ro\/shop\/produs\/simona-de-pastrat-album-foto-editia-a-doua\/#breadcrumb","itemListElement":[{"@type":"ListItem","position":1,"name":"Prima pagin\u0103","item":"https:\/\/www.treizecizero.ro\/shop\/"},{"@type":"ListItem","position":2,"name":"Magazin","item":"https:\/\/www.treizecizero.ro\/shop\/magazin\/"},{"@type":"ListItem","position":3,"name":"Simona de p\u0103strat, edi\u021bia II"}]},{"@type":"WebSite","@id":"https:\/\/www.treizecizero.ro\/shop\/#website","url":"https:\/\/www.treizecizero.ro\/shop\/","name":"Shop Treizecizero","description":"","potentialAction":[{"@type":"SearchAction","target":{"@type":"EntryPoint","urlTemplate":"https:\/\/www.treizecizero.ro\/shop\/?s={search_term_string}"},"query-input":{"@type":"PropertyValueSpecification","valueRequired":true,"valueName":"search_term_string"}}],"inLanguage":"ro-RO"}]}},"_links":{"self":[{"href":"https:\/\/www.treizecizero.ro\/shop\/wp-json\/wp\/v2\/product\/1159","targetHints":{"allow":["GET"]}}],"collection":[{"href":"https:\/\/www.treizecizero.ro\/shop\/wp-json\/wp\/v2\/product"}],"about":[{"href":"https:\/\/www.treizecizero.ro\/shop\/wp-json\/wp\/v2\/types\/product"}],"wp:featuredmedia":[{"embeddable":true,"href":"https:\/\/www.treizecizero.ro\/shop\/wp-json\/wp\/v2\/media\/1160"}],"wp:attachment":[{"href":"https:\/\/www.treizecizero.ro\/shop\/wp-json\/wp\/v2\/media?parent=1159"}],"wp:term":[{"taxonomy":"product_brand","embeddable":true,"href":"https:\/\/www.treizecizero.ro\/shop\/wp-json\/wp\/v2\/product_brand?post=1159"},{"taxonomy":"product_cat","embeddable":true,"href":"https:\/\/www.treizecizero.ro\/shop\/wp-json\/wp\/v2\/product_cat?post=1159"},{"taxonomy":"product_tag","embeddable":true,"href":"https:\/\/www.treizecizero.ro\/shop\/wp-json\/wp\/v2\/product_tag?post=1159"}],"curies":[{"name":"wp","href":"https:\/\/api.w.org\/{rel}","templated":true}]}}