{"id":1101,"date":"2018-02-13T17:56:02","date_gmt":"2018-02-13T15:56:02","guid":{"rendered":"http:\/\/www.treizecizero.ro\/shop\/?post_type=product&#038;p=1101"},"modified":"2020-09-24T10:50:07","modified_gmt":"2020-09-24T08:50:07","slug":"magnet-30-0","status":"publish","type":"product","link":"https:\/\/www.treizecizero.ro\/shop\/produs\/magnet-30-0\/","title":{"rendered":"Magnet 30-0"},"content":{"rendered":"<p>Lipe\u0219te tenisul de tine!<\/p>\n<p>Marcheaz\u0103-\u021bi pasiunea pentru tenis cu unul dintre cele 10 modele de magne\u021bi 30-0. Mesaje faimoase deja pe internet \u0219i printre cititorii 30-0, copy-uri funny sau vizualuri simpatice. Avem ceva pentru fiecare gust! Coloreaz\u0103-\u021bi frigiderul sau orice alt\u0103 suprafa\u021b\u0103 metalic\u0103 cu unul dintre modelele disponibile.<\/p>\n<p><strong>Magne\u021bi disponibili \u00een stoc:<\/strong><\/p>\n<p><span style=\"text-decoration: underline;\">Dimensiuni 9 x 9<\/span><\/p>\n<p>Ce punct!<br \/>\nHot Shot<br \/>\nGoat<br \/>\nRacket Smash<br \/>\nLa c\u00e2t \u00eencepe Simona<\/p>\n<p><span style=\"text-decoration: underline;\">Dimensiuni 7 x 7<\/span><\/p>\n<p>I\u2019m bringing sexy Slice<br \/>\nDu-te \u0219i c\u00e2\u0219tig\u0103-\u021bi meciul<br \/>\nR\u0103s\u0103rit<br \/>\nLa c\u00e2t \u00eencepe Simona<br \/>\nTennis changed my life<\/p>\n<p><span style=\"text-decoration: underline;\">Specifica\u021bii produse:<\/span><br \/>\n&#8211; folie magnetic\u0103 groas\u0103 de 6 mm, personalizat\u0103 cu autocolant;<br \/>\n&#8211;\u00a0folie de protec\u021bie transparent\u0103.<\/p>\n","protected":false},"excerpt":{"rendered":"<p>Lipe\u0219te tenisul de tine! Marcheaz\u0103-\u021bi pasiunea pentru tenis cu unul dintre cele 9 modele de magne\u021bi 30-0. Mesaje faimoase deja pe internet \u0219i printre cititorii 30-0, copy-uri funny sau vizualuri simpatice. Dimensiuni 9&#215;9 \u0219i 7&#215;7.<\/p>\n","protected":false},"featured_media":1074,"template":"","meta":{"_acf_changed":false},"product_brand":[],"product_cat":[42],"product_tag":[],"class_list":{"0":"post-1101","1":"product","2":"type-product","3":"status-publish","4":"has-post-thumbnail","6":"product_cat-stickere","8":"first","9":"outofstock","10":"shipping-taxable","11":"purchasable","12":"product-type-variable"},"acf":[],"yoast_head":"<!-- This site is optimized with the Yoast SEO plugin v25.4 - https:\/\/yoast.com\/wordpress\/plugins\/seo\/ -->\n<title>Magnet 30-0 - Shop Treizecizero<\/title>\n<meta name=\"robots\" content=\"index, follow, max-snippet:-1, max-image-preview:large, max-video-preview:-1\" \/>\n<link rel=\"canonical\" href=\"https:\/\/www.treizecizero.ro\/shop\/produs\/magnet-30-0\/\" \/>\n<meta property=\"og:locale\" content=\"ro_RO\" \/>\n<meta property=\"og:type\" content=\"article\" \/>\n<meta property=\"og:title\" content=\"Magnet 30-0 - Shop Treizecizero\" \/>\n<meta property=\"og:description\" content=\"Lipe\u0219te tenisul de tine! Marcheaz\u0103-\u021bi pasiunea pentru tenis cu unul dintre cele 9 modele de magne\u021bi 30-0. Mesaje faimoase deja pe internet \u0219i printre cititorii 30-0, copy-uri funny sau vizualuri simpatice. Dimensiuni 9x9 \u0219i 7x7.\" \/>\n<meta property=\"og:url\" content=\"https:\/\/www.treizecizero.ro\/shop\/produs\/magnet-30-0\/\" \/>\n<meta property=\"og:site_name\" content=\"Shop Treizecizero\" \/>\n<meta property=\"article:modified_time\" content=\"2020-09-24T08:50:07+00:00\" \/>\n<meta property=\"og:image\" content=\"https:\/\/www.treizecizero.ro\/shop\/wp-content\/uploads\/2017\/02\/Artboard-1-copy-13@3x.png\" \/>\n\t<meta property=\"og:image:width\" content=\"1837\" \/>\n\t<meta property=\"og:image:height\" content=\"2377\" \/>\n\t<meta property=\"og:image:type\" content=\"image\/png\" \/>\n<meta name=\"twitter:card\" content=\"summary_large_image\" \/>\n<meta name=\"twitter:label1\" content=\"Timp estimat pentru citire\" \/>\n\t<meta name=\"twitter:data1\" content=\"1 minut\" \/>\n<script type=\"application\/ld+json\" class=\"yoast-schema-graph\">{\"@context\":\"https:\/\/schema.org\",\"@graph\":[{\"@type\":\"WebPage\",\"@id\":\"https:\/\/www.treizecizero.ro\/shop\/produs\/magnet-30-0\/\",\"url\":\"https:\/\/www.treizecizero.ro\/shop\/produs\/magnet-30-0\/\",\"name\":\"Magnet 30-0 - Shop Treizecizero\",\"isPartOf\":{\"@id\":\"https:\/\/www.treizecizero.ro\/shop\/#website\"},\"primaryImageOfPage\":{\"@id\":\"https:\/\/www.treizecizero.ro\/shop\/produs\/magnet-30-0\/#primaryimage\"},\"image\":{\"@id\":\"https:\/\/www.treizecizero.ro\/shop\/produs\/magnet-30-0\/#primaryimage\"},\"thumbnailUrl\":\"https:\/\/www.treizecizero.ro\/shop\/wp-content\/uploads\/2017\/02\/Artboard-1-copy-13@3x.png\",\"datePublished\":\"2018-02-13T15:56:02+00:00\",\"dateModified\":\"2020-09-24T08:50:07+00:00\",\"breadcrumb\":{\"@id\":\"https:\/\/www.treizecizero.ro\/shop\/produs\/magnet-30-0\/#breadcrumb\"},\"inLanguage\":\"ro-RO\",\"potentialAction\":[{\"@type\":\"ReadAction\",\"target\":[\"https:\/\/www.treizecizero.ro\/shop\/produs\/magnet-30-0\/\"]}]},{\"@type\":\"ImageObject\",\"inLanguage\":\"ro-RO\",\"@id\":\"https:\/\/www.treizecizero.ro\/shop\/produs\/magnet-30-0\/#primaryimage\",\"url\":\"https:\/\/www.treizecizero.ro\/shop\/wp-content\/uploads\/2017\/02\/Artboard-1-copy-13@3x.png\",\"contentUrl\":\"https:\/\/www.treizecizero.ro\/shop\/wp-content\/uploads\/2017\/02\/Artboard-1-copy-13@3x.png\",\"width\":1837,\"height\":2377},{\"@type\":\"BreadcrumbList\",\"@id\":\"https:\/\/www.treizecizero.ro\/shop\/produs\/magnet-30-0\/#breadcrumb\",\"itemListElement\":[{\"@type\":\"ListItem\",\"position\":1,\"name\":\"Prima pagin\u0103\",\"item\":\"https:\/\/www.treizecizero.ro\/shop\/\"},{\"@type\":\"ListItem\",\"position\":2,\"name\":\"Magazin\",\"item\":\"https:\/\/www.treizecizero.ro\/shop\/magazin\/\"},{\"@type\":\"ListItem\",\"position\":3,\"name\":\"Magnet 30-0\"}]},{\"@type\":\"WebSite\",\"@id\":\"https:\/\/www.treizecizero.ro\/shop\/#website\",\"url\":\"https:\/\/www.treizecizero.ro\/shop\/\",\"name\":\"Shop Treizecizero\",\"description\":\"\",\"potentialAction\":[{\"@type\":\"SearchAction\",\"target\":{\"@type\":\"EntryPoint\",\"urlTemplate\":\"https:\/\/www.treizecizero.ro\/shop\/?s={search_term_string}\"},\"query-input\":{\"@type\":\"PropertyValueSpecification\",\"valueRequired\":true,\"valueName\":\"search_term_string\"}}],\"inLanguage\":\"ro-RO\"}]}<\/script>\n<!-- \/ Yoast SEO plugin. -->","yoast_head_json":{"title":"Magnet 30-0 - Shop Treizecizero","robots":{"index":"index","follow":"follow","max-snippet":"max-snippet:-1","max-image-preview":"max-image-preview:large","max-video-preview":"max-video-preview:-1"},"canonical":"https:\/\/www.treizecizero.ro\/shop\/produs\/magnet-30-0\/","og_locale":"ro_RO","og_type":"article","og_title":"Magnet 30-0 - Shop Treizecizero","og_description":"Lipe\u0219te tenisul de tine! Marcheaz\u0103-\u021bi pasiunea pentru tenis cu unul dintre cele 9 modele de magne\u021bi 30-0. Mesaje faimoase deja pe internet \u0219i printre cititorii 30-0, copy-uri funny sau vizualuri simpatice. Dimensiuni 9x9 \u0219i 7x7.","og_url":"https:\/\/www.treizecizero.ro\/shop\/produs\/magnet-30-0\/","og_site_name":"Shop Treizecizero","article_modified_time":"2020-09-24T08:50:07+00:00","og_image":[{"width":1837,"height":2377,"url":"https:\/\/www.treizecizero.ro\/shop\/wp-content\/uploads\/2017\/02\/Artboard-1-copy-13@3x.png","type":"image\/png"}],"twitter_card":"summary_large_image","twitter_misc":{"Timp estimat pentru citire":"1 minut"},"schema":{"@context":"https:\/\/schema.org","@graph":[{"@type":"WebPage","@id":"https:\/\/www.treizecizero.ro\/shop\/produs\/magnet-30-0\/","url":"https:\/\/www.treizecizero.ro\/shop\/produs\/magnet-30-0\/","name":"Magnet 30-0 - Shop Treizecizero","isPartOf":{"@id":"https:\/\/www.treizecizero.ro\/shop\/#website"},"primaryImageOfPage":{"@id":"https:\/\/www.treizecizero.ro\/shop\/produs\/magnet-30-0\/#primaryimage"},"image":{"@id":"https:\/\/www.treizecizero.ro\/shop\/produs\/magnet-30-0\/#primaryimage"},"thumbnailUrl":"https:\/\/www.treizecizero.ro\/shop\/wp-content\/uploads\/2017\/02\/Artboard-1-copy-13@3x.png","datePublished":"2018-02-13T15:56:02+00:00","dateModified":"2020-09-24T08:50:07+00:00","breadcrumb":{"@id":"https:\/\/www.treizecizero.ro\/shop\/produs\/magnet-30-0\/#breadcrumb"},"inLanguage":"ro-RO","potentialAction":[{"@type":"ReadAction","target":["https:\/\/www.treizecizero.ro\/shop\/produs\/magnet-30-0\/"]}]},{"@type":"ImageObject","inLanguage":"ro-RO","@id":"https:\/\/www.treizecizero.ro\/shop\/produs\/magnet-30-0\/#primaryimage","url":"https:\/\/www.treizecizero.ro\/shop\/wp-content\/uploads\/2017\/02\/Artboard-1-copy-13@3x.png","contentUrl":"https:\/\/www.treizecizero.ro\/shop\/wp-content\/uploads\/2017\/02\/Artboard-1-copy-13@3x.png","width":1837,"height":2377},{"@type":"BreadcrumbList","@id":"https:\/\/www.treizecizero.ro\/shop\/produs\/magnet-30-0\/#breadcrumb","itemListElement":[{"@type":"ListItem","position":1,"name":"Prima pagin\u0103","item":"https:\/\/www.treizecizero.ro\/shop\/"},{"@type":"ListItem","position":2,"name":"Magazin","item":"https:\/\/www.treizecizero.ro\/shop\/magazin\/"},{"@type":"ListItem","position":3,"name":"Magnet 30-0"}]},{"@type":"WebSite","@id":"https:\/\/www.treizecizero.ro\/shop\/#website","url":"https:\/\/www.treizecizero.ro\/shop\/","name":"Shop Treizecizero","description":"","potentialAction":[{"@type":"SearchAction","target":{"@type":"EntryPoint","urlTemplate":"https:\/\/www.treizecizero.ro\/shop\/?s={search_term_string}"},"query-input":{"@type":"PropertyValueSpecification","valueRequired":true,"valueName":"search_term_string"}}],"inLanguage":"ro-RO"}]}},"_links":{"self":[{"href":"https:\/\/www.treizecizero.ro\/shop\/wp-json\/wp\/v2\/product\/1101","targetHints":{"allow":["GET"]}}],"collection":[{"href":"https:\/\/www.treizecizero.ro\/shop\/wp-json\/wp\/v2\/product"}],"about":[{"href":"https:\/\/www.treizecizero.ro\/shop\/wp-json\/wp\/v2\/types\/product"}],"wp:featuredmedia":[{"embeddable":true,"href":"https:\/\/www.treizecizero.ro\/shop\/wp-json\/wp\/v2\/media\/1074"}],"wp:attachment":[{"href":"https:\/\/www.treizecizero.ro\/shop\/wp-json\/wp\/v2\/media?parent=1101"}],"wp:term":[{"taxonomy":"product_brand","embeddable":true,"href":"https:\/\/www.treizecizero.ro\/shop\/wp-json\/wp\/v2\/product_brand?post=1101"},{"taxonomy":"product_cat","embeddable":true,"href":"https:\/\/www.treizecizero.ro\/shop\/wp-json\/wp\/v2\/product_cat?post=1101"},{"taxonomy":"product_tag","embeddable":true,"href":"https:\/\/www.treizecizero.ro\/shop\/wp-json\/wp\/v2\/product_tag?post=1101"}],"curies":[{"name":"wp","href":"https:\/\/api.w.org\/{rel}","templated":true}]}}